{"id":7132,"date":"2020-04-08T14:52:48","date_gmt":"2020-04-08T13:52:48","guid":{"rendered":"https:\/\/www.delaire.co.za\/?page_id=7132"},"modified":"2025-07-14T10:49:08","modified_gmt":"2025-07-14T08:49:08","slug":"quais-sao-as-novidades","status":"publish","type":"page","link":"https:\/\/www.delaire.co.za\/pt\/whats-new\/","title":{"rendered":"O que h\u00e1 de novo"},"content":{"rendered":"<h1>O que h\u00e1 de novo<\/h1>\n<p>Convidamo-lo a descobrir as \u00faltimas novidades da nossa Herdade.<\/p>\n<p>Pode tamb\u00e9m inscrever-se para receber as \u00faltimas not\u00edcias e hist\u00f3rias da nossa Herdade atrav\u00e9s de <a href=\"https:\/\/delaire.us8.list-manage.com\/subscribe?u=4a3bf8622d9443811e6753bed&amp;id=c7e9c1b128\" target=\"_blank\" rel=\"noopener noreferrer\">aderir \u00e0 nossa lista de correio<\/a>.<\/p>","protected":false},"excerpt":{"rendered":"<p>What&#8217;s New We invite you to discover the latest news from our Estate. You can also sign-up to receive the latest news and stories from our Estate by joining our mailing list.<\/p>","protected":false},"author":3,"featured_media":0,"parent":0,"menu_order":9,"comment_status":"closed","ping_status":"closed","template":"","meta":{"footnotes":"","_links_to":"","_links_to_target":""},"yoast_head":"<!-- This site is optimized with the Yoast SEO plugin v23.9 - https:\/\/yoast.com\/wordpress\/plugins\/seo\/ -->\n<title>What&#039;s New | Latest Updates &amp; Promotions | Delaire Graff Estate<\/title>\n<meta name=\"description\" content=\"Discover all the latest updates from the Delaire Graff Estate. Explore news about the Wine, Dine Stay &amp; Spa offering &amp; promotions at Delaire Graff\" \/>\n<meta name=\"robots\" content=\"index, follow, max-snippet:-1, max-image-preview:large, max-video-preview:-1\" \/>\n<link rel=\"canonical\" href=\"https:\/\/www.delaire.co.za\/pt\/quais-sao-as-novidades\/\" \/>\n<meta property=\"og:locale\" content=\"pt_PT\" \/>\n<meta property=\"og:type\" content=\"article\" \/>\n<meta property=\"og:title\" content=\"What&#039;s New | Latest Updates &amp; Promotions | Delaire Graff Estate\" \/>\n<meta property=\"og:description\" content=\"Discover all the latest updates from the Delaire Graff Estate. Explore news about the Wine, Dine Stay &amp; Spa offering &amp; promotions at Delaire Graff\" \/>\n<meta property=\"og:url\" content=\"https:\/\/www.delaire.co.za\/pt\/quais-sao-as-novidades\/\" \/>\n<meta property=\"og:site_name\" content=\"Delaire Graff Estate\" \/>\n<meta property=\"article:publisher\" content=\"https:\/\/www.facebook.com\/delairegraffestate\" \/>\n<meta property=\"article:modified_time\" content=\"2025-07-14T08:49:08+00:00\" \/>\n<meta name=\"twitter:card\" content=\"summary_large_image\" \/>\n<meta name=\"twitter:label1\" content=\"Tempo estimado de leitura\" \/>\n\t<meta name=\"twitter:data1\" content=\"1 minuto\" \/>\n<script type=\"application\/ld+json\" class=\"yoast-schema-graph\">{\"@context\":\"https:\/\/schema.org\",\"@graph\":[{\"@type\":\"WebPage\",\"@id\":\"https:\/\/www.delaire.co.za\/whats-new\/\",\"url\":\"https:\/\/www.delaire.co.za\/whats-new\/\",\"name\":\"What's New | Latest Updates & Promotions | Delaire Graff Estate\",\"isPartOf\":{\"@id\":\"https:\/\/www.delaire.co.za\/#website\"},\"datePublished\":\"2020-04-08T13:52:48+00:00\",\"dateModified\":\"2025-07-14T08:49:08+00:00\",\"description\":\"Discover all the latest updates from the Delaire Graff Estate. Explore news about the Wine, Dine Stay & Spa offering & promotions at Delaire Graff\",\"breadcrumb\":{\"@id\":\"https:\/\/www.delaire.co.za\/whats-new\/#breadcrumb\"},\"inLanguage\":\"pt-PT\",\"potentialAction\":[{\"@type\":\"ReadAction\",\"target\":[\"https:\/\/www.delaire.co.za\/whats-new\/\"]}]},{\"@type\":\"BreadcrumbList\",\"@id\":\"https:\/\/www.delaire.co.za\/whats-new\/#breadcrumb\",\"itemListElement\":[{\"@type\":\"ListItem\",\"position\":1,\"name\":\"Home\",\"item\":\"https:\/\/www.delaire.co.za\/\"},{\"@type\":\"ListItem\",\"position\":2,\"name\":\"What&#8217;s New\"}]},{\"@type\":\"WebSite\",\"@id\":\"https:\/\/www.delaire.co.za\/#website\",\"url\":\"https:\/\/www.delaire.co.za\/\",\"name\":\"Delaire Graff Estate\",\"description\":\"Delaire Graff Estate\",\"publisher\":{\"@id\":\"https:\/\/www.delaire.co.za\/#organization\"},\"alternateName\":\"Delaire Graff\",\"potentialAction\":[{\"@type\":\"SearchAction\",\"target\":{\"@type\":\"EntryPoint\",\"urlTemplate\":\"https:\/\/www.delaire.co.za\/?s={search_term_string}\"},\"query-input\":{\"@type\":\"PropertyValueSpecification\",\"valueRequired\":true,\"valueName\":\"search_term_string\"}}],\"inLanguage\":\"pt-PT\"},{\"@type\":\"Organization\",\"@id\":\"https:\/\/www.delaire.co.za\/#organization\",\"name\":\"Delaire Graff Estate\",\"alternateName\":\"Delaire Graff\",\"url\":\"https:\/\/www.delaire.co.za\/\",\"logo\":{\"@type\":\"ImageObject\",\"inLanguage\":\"pt-PT\",\"@id\":\"https:\/\/www.delaire.co.za\/#\/schema\/logo\/image\/\",\"url\":\"https:\/\/www.delaire.co.za\/site\/wp-content\/uploads\/696x696.jpg\",\"contentUrl\":\"https:\/\/www.delaire.co.za\/site\/wp-content\/uploads\/696x696.jpg\",\"width\":696,\"height\":696,\"caption\":\"Delaire Graff Estate\"},\"image\":{\"@id\":\"https:\/\/www.delaire.co.za\/#\/schema\/logo\/image\/\"},\"sameAs\":[\"https:\/\/www.facebook.com\/delairegraffestate\",\"https:\/\/www.instagram.com\/delairegraff\/\",\"https:\/\/www.linkedin.com\/company\/delaire-graff-estate\/?viewAsMember=true\",\"https:\/\/za.pinterest.com\/delairegraff\/\"]}]}<\/script>\n<!-- \/ Yoast SEO plugin. -->","yoast_head_json":{"title":"Novidades | \u00daltimas Atualiza\u00e7\u00f5es e Promo\u00e7\u00f5es | Delaire Graff Estate","description":"Descubra todas as \u00faltimas novidades da Delaire Graff Estate. Explore not\u00edcias sobre o Wine, Dine Stay &amp; Spa, ofertas e promo\u00e7\u00f5es na Delaire Graff.","robots":{"index":"index","follow":"follow","max-snippet":"max-snippet:-1","max-image-preview":"max-image-preview:large","max-video-preview":"max-video-preview:-1"},"canonical":"https:\/\/www.delaire.co.za\/pt\/quais-sao-as-novidades\/","og_locale":"pt_PT","og_type":"article","og_title":"What's New | Latest Updates & Promotions | Delaire Graff Estate","og_description":"Discover all the latest updates from the Delaire Graff Estate. Explore news about the Wine, Dine Stay & Spa offering & promotions at Delaire Graff","og_url":"https:\/\/www.delaire.co.za\/pt\/quais-sao-as-novidades\/","og_site_name":"Delaire Graff Estate","article_publisher":"https:\/\/www.facebook.com\/delairegraffestate","article_modified_time":"2025-07-14T08:49:08+00:00","twitter_card":"summary_large_image","twitter_misc":{"Tempo estimado de leitura":"1 minuto"},"schema":{"@context":"https:\/\/schema.org","@graph":[{"@type":"WebPage","@id":"https:\/\/www.delaire.co.za\/whats-new\/","url":"https:\/\/www.delaire.co.za\/whats-new\/","name":"Novidades | \u00daltimas Atualiza\u00e7\u00f5es e Promo\u00e7\u00f5es | Delaire Graff Estate","isPartOf":{"@id":"https:\/\/www.delaire.co.za\/#website"},"datePublished":"2020-04-08T13:52:48+00:00","dateModified":"2025-07-14T08:49:08+00:00","description":"Descubra todas as \u00faltimas novidades da Delaire Graff Estate. Explore not\u00edcias sobre o Wine, Dine Stay &amp; Spa, ofertas e promo\u00e7\u00f5es na Delaire Graff.","breadcrumb":{"@id":"https:\/\/www.delaire.co.za\/whats-new\/#breadcrumb"},"inLanguage":"pt-PT","potentialAction":[{"@type":"ReadAction","target":["https:\/\/www.delaire.co.za\/whats-new\/"]}]},{"@type":"BreadcrumbList","@id":"https:\/\/www.delaire.co.za\/whats-new\/#breadcrumb","itemListElement":[{"@type":"ListItem","position":1,"name":"Home","item":"https:\/\/www.delaire.co.za\/"},{"@type":"ListItem","position":2,"name":"What&#8217;s New"}]},{"@type":"WebSite","@id":"https:\/\/www.delaire.co.za\/#website","url":"https:\/\/www.delaire.co.za\/","name":"Propriedade Delaire Graff","description":"Propriedade Delaire Graff","publisher":{"@id":"https:\/\/www.delaire.co.za\/#organization"},"alternateName":"Delaire Graff","potentialAction":[{"@type":"SearchAction","target":{"@type":"EntryPoint","urlTemplate":"https:\/\/www.delaire.co.za\/?s={search_term_string}"},"query-input":{"@type":"PropertyValueSpecification","valueRequired":true,"valueName":"search_term_string"}}],"inLanguage":"pt-PT"},{"@type":"Organization","@id":"https:\/\/www.delaire.co.za\/#organization","name":"Propriedade Delaire Graff","alternateName":"Delaire Graff","url":"https:\/\/www.delaire.co.za\/","logo":{"@type":"ImageObject","inLanguage":"pt-PT","@id":"https:\/\/www.delaire.co.za\/#\/schema\/logo\/image\/","url":"https:\/\/www.delaire.co.za\/site\/wp-content\/uploads\/696x696.jpg","contentUrl":"https:\/\/www.delaire.co.za\/site\/wp-content\/uploads\/696x696.jpg","width":696,"height":696,"caption":"Delaire Graff Estate"},"image":{"@id":"https:\/\/www.delaire.co.za\/#\/schema\/logo\/image\/"},"sameAs":["https:\/\/www.facebook.com\/delairegraffestate","https:\/\/www.instagram.com\/delairegraff\/","https:\/\/www.linkedin.com\/company\/delaire-graff-estate\/?viewAsMember=true","https:\/\/za.pinterest.com\/delairegraff\/"]}]}},"wps_subtitle":"","_links":{"self":[{"href":"https:\/\/www.delaire.co.za\/pt\/wp-json\/wp\/v2\/pages\/7132"}],"collection":[{"href":"https:\/\/www.delaire.co.za\/pt\/wp-json\/wp\/v2\/pages"}],"about":[{"href":"https:\/\/www.delaire.co.za\/pt\/wp-json\/wp\/v2\/types\/page"}],"author":[{"embeddable":true,"href":"https:\/\/www.delaire.co.za\/pt\/wp-json\/wp\/v2\/users\/3"}],"replies":[{"embeddable":true,"href":"https:\/\/www.delaire.co.za\/pt\/wp-json\/wp\/v2\/comments?post=7132"}],"version-history":[{"count":18,"href":"https:\/\/www.delaire.co.za\/pt\/wp-json\/wp\/v2\/pages\/7132\/revisions"}],"predecessor-version":[{"id":19015,"href":"https:\/\/www.delaire.co.za\/pt\/wp-json\/wp\/v2\/pages\/7132\/revisions\/19015"}],"wp:attachment":[{"href":"https:\/\/www.delaire.co.za\/pt\/wp-json\/wp\/v2\/media?parent=7132"}],"curies":[{"name":"wp","href":"https:\/\/api.w.org\/{rel}","templated":true}]}}