{"id":7054,"date":"2020-04-08T13:37:39","date_gmt":"2020-04-08T12:37:39","guid":{"rendered":"https:\/\/www.delaire.co.za\/?page_id=7054"},"modified":"2026-01-30T13:40:31","modified_gmt":"2026-01-30T11:40:31","slug":"viagens-de-spa","status":"publish","type":"page","link":"https:\/\/www.delaire.co.za\/pt\/spa\/spa-journeys\/","title":{"rendered":"Viagens de Spa"},"content":{"rendered":"<h1>Viagens de Spa<\/h1>\n<p>Mergulhe em rituais profundamente pessoais, proporcionados com inten\u00e7\u00e3o no Delaire Graff Spa, rodeado por um belo santu\u00e1rio de bem-estar inspirado na arte.<\/p>\n<p>As nossas Viagens de Spa s\u00e3o concebidas para lhe proporcionar a experi\u00eancia hol\u00edstica Delaire Graff.<\/p>\n<p>&nbsp;<\/p>\n<p><a class=\"button\" href=\"https:\/\/www.delaire.co.za\/site\/wp-content\/uploads\/Delaire-Graff-Spa-Menu-Jan-2026.pdf\">Explorar menu do spa<\/a><\/p>\n<p>&nbsp;<\/p>","protected":false},"excerpt":{"rendered":"<p>Spa Journeys Be immersed in deeply personal rituals delivered with intention at Delaire Graff Spa, surrounded by a beautiful art-inspired wellness sanctuary. Our Spa Journeys are tailored to provide you with the holistic Delaire Graff experience. &nbsp; explore spa menu &nbsp;<\/p>","protected":false},"author":3,"featured_media":17766,"parent":46,"menu_order":3,"comment_status":"closed","ping_status":"closed","template":"","meta":{"footnotes":"","_links_to":"","_links_to_target":""},"yoast_head":"<!-- This site is optimized with the Yoast SEO plugin v23.9 - https:\/\/yoast.com\/wordpress\/plugins\/seo\/ -->\n<title>Spa Journeys | Unique Spa Packages | Delaire Graff Estate<\/title>\n<meta name=\"description\" content=\"Explore the range of spa journeys on offer at Delaire Graff Estate. A unique collection of spa treatment packages including wine tasting. Book today.\" \/>\n<meta name=\"robots\" content=\"index, follow, max-snippet:-1, max-image-preview:large, max-video-preview:-1\" \/>\n<link rel=\"canonical\" href=\"https:\/\/www.delaire.co.za\/pt\/spa\/viagens-de-spa\/\" \/>\n<meta property=\"og:locale\" content=\"pt_PT\" \/>\n<meta property=\"og:type\" content=\"article\" \/>\n<meta property=\"og:title\" content=\"Spa Journeys | Unique Spa Packages | Delaire Graff Estate\" \/>\n<meta property=\"og:description\" content=\"Explore the range of spa journeys on offer at Delaire Graff Estate. A unique collection of spa treatment packages including wine tasting. Book today.\" \/>\n<meta property=\"og:url\" content=\"https:\/\/www.delaire.co.za\/pt\/spa\/viagens-de-spa\/\" \/>\n<meta property=\"og:site_name\" content=\"Delaire Graff Estate\" \/>\n<meta property=\"article:publisher\" content=\"https:\/\/www.facebook.com\/delairegraffestate\" \/>\n<meta property=\"article:modified_time\" content=\"2026-01-30T11:40:31+00:00\" \/>\n<meta property=\"og:image\" content=\"https:\/\/www.delaire.co.za\/site\/wp-content\/uploads\/Delaire-Graff_Spa_Corridor_1-1900x1267.jpg\" \/>\n\t<meta property=\"og:image:width\" content=\"1900\" \/>\n\t<meta property=\"og:image:height\" content=\"1267\" \/>\n\t<meta property=\"og:image:type\" content=\"image\/jpeg\" \/>\n<meta name=\"twitter:card\" content=\"summary_large_image\" \/>\n<meta name=\"twitter:label1\" content=\"Tempo estimado de leitura\" \/>\n\t<meta name=\"twitter:data1\" content=\"1 minuto\" \/>\n<script type=\"application\/ld+json\" class=\"yoast-schema-graph\">{\"@context\":\"https:\/\/schema.org\",\"@graph\":[{\"@type\":\"WebPage\",\"@id\":\"https:\/\/www.delaire.co.za\/spa\/spa-journeys\/\",\"url\":\"https:\/\/www.delaire.co.za\/spa\/spa-journeys\/\",\"name\":\"Spa Journeys | Unique Spa Packages | Delaire Graff Estate\",\"isPartOf\":{\"@id\":\"https:\/\/www.delaire.co.za\/#website\"},\"primaryImageOfPage\":{\"@id\":\"https:\/\/www.delaire.co.za\/spa\/spa-journeys\/#primaryimage\"},\"image\":{\"@id\":\"https:\/\/www.delaire.co.za\/spa\/spa-journeys\/#primaryimage\"},\"thumbnailUrl\":\"https:\/\/www.delaire.co.za\/site\/wp-content\/uploads\/Delaire-Graff_Spa_Corridor_1-e1702890516675.jpg\",\"datePublished\":\"2020-04-08T12:37:39+00:00\",\"dateModified\":\"2026-01-30T11:40:31+00:00\",\"description\":\"Explore the range of spa journeys on offer at Delaire Graff Estate. A unique collection of spa treatment packages including wine tasting. Book today.\",\"breadcrumb\":{\"@id\":\"https:\/\/www.delaire.co.za\/spa\/spa-journeys\/#breadcrumb\"},\"inLanguage\":\"pt-PT\",\"potentialAction\":[{\"@type\":\"ReadAction\",\"target\":[\"https:\/\/www.delaire.co.za\/spa\/spa-journeys\/\"]}]},{\"@type\":\"ImageObject\",\"inLanguage\":\"pt-PT\",\"@id\":\"https:\/\/www.delaire.co.za\/spa\/spa-journeys\/#primaryimage\",\"url\":\"https:\/\/www.delaire.co.za\/site\/wp-content\/uploads\/Delaire-Graff_Spa_Corridor_1-e1702890516675.jpg\",\"contentUrl\":\"https:\/\/www.delaire.co.za\/site\/wp-content\/uploads\/Delaire-Graff_Spa_Corridor_1-e1702890516675.jpg\",\"width\":3500,\"height\":2333},{\"@type\":\"BreadcrumbList\",\"@id\":\"https:\/\/www.delaire.co.za\/spa\/spa-journeys\/#breadcrumb\",\"itemListElement\":[{\"@type\":\"ListItem\",\"position\":1,\"name\":\"Home\",\"item\":\"https:\/\/www.delaire.co.za\/\"},{\"@type\":\"ListItem\",\"position\":2,\"name\":\"Spa\",\"item\":\"https:\/\/www.delaire.co.za\/spa\/\"},{\"@type\":\"ListItem\",\"position\":3,\"name\":\"Spa Journeys\"}]},{\"@type\":\"WebSite\",\"@id\":\"https:\/\/www.delaire.co.za\/#website\",\"url\":\"https:\/\/www.delaire.co.za\/\",\"name\":\"Delaire Graff Estate\",\"description\":\"Delaire Graff Estate\",\"publisher\":{\"@id\":\"https:\/\/www.delaire.co.za\/#organization\"},\"alternateName\":\"Delaire Graff\",\"potentialAction\":[{\"@type\":\"SearchAction\",\"target\":{\"@type\":\"EntryPoint\",\"urlTemplate\":\"https:\/\/www.delaire.co.za\/?s={search_term_string}\"},\"query-input\":{\"@type\":\"PropertyValueSpecification\",\"valueRequired\":true,\"valueName\":\"search_term_string\"}}],\"inLanguage\":\"pt-PT\"},{\"@type\":\"Organization\",\"@id\":\"https:\/\/www.delaire.co.za\/#organization\",\"name\":\"Delaire Graff Estate\",\"alternateName\":\"Delaire Graff\",\"url\":\"https:\/\/www.delaire.co.za\/\",\"logo\":{\"@type\":\"ImageObject\",\"inLanguage\":\"pt-PT\",\"@id\":\"https:\/\/www.delaire.co.za\/#\/schema\/logo\/image\/\",\"url\":\"https:\/\/www.delaire.co.za\/site\/wp-content\/uploads\/696x696.jpg\",\"contentUrl\":\"https:\/\/www.delaire.co.za\/site\/wp-content\/uploads\/696x696.jpg\",\"width\":696,\"height\":696,\"caption\":\"Delaire Graff Estate\"},\"image\":{\"@id\":\"https:\/\/www.delaire.co.za\/#\/schema\/logo\/image\/\"},\"sameAs\":[\"https:\/\/www.facebook.com\/delairegraffestate\",\"https:\/\/www.instagram.com\/delairegraff\/\",\"https:\/\/www.linkedin.com\/company\/delaire-graff-estate\/?viewAsMember=true\",\"https:\/\/za.pinterest.com\/delairegraff\/\"]}]}<\/script>\n<!-- \/ Yoast SEO plugin. -->","yoast_head_json":{"title":"Viagens de Spa | Pacotes de Spa \u00danicos | Delaire Graff Estate","description":"Explore a gama de experi\u00eancias de spa em oferta na Delaire Graff Estate. Uma cole\u00e7\u00e3o \u00fanica de pacotes de tratamentos de spa, incluindo prova de vinhos. Reserve hoje.","robots":{"index":"index","follow":"follow","max-snippet":"max-snippet:-1","max-image-preview":"max-image-preview:large","max-video-preview":"max-video-preview:-1"},"canonical":"https:\/\/www.delaire.co.za\/pt\/spa\/viagens-de-spa\/","og_locale":"pt_PT","og_type":"article","og_title":"Spa Journeys | Unique Spa Packages | Delaire Graff Estate","og_description":"Explore the range of spa journeys on offer at Delaire Graff Estate. A unique collection of spa treatment packages including wine tasting. Book today.","og_url":"https:\/\/www.delaire.co.za\/pt\/spa\/viagens-de-spa\/","og_site_name":"Delaire Graff Estate","article_publisher":"https:\/\/www.facebook.com\/delairegraffestate","article_modified_time":"2026-01-30T11:40:31+00:00","og_image":[{"width":1900,"height":1267,"url":"https:\/\/www.delaire.co.za\/site\/wp-content\/uploads\/Delaire-Graff_Spa_Corridor_1-1900x1267.jpg","type":"image\/jpeg"}],"twitter_card":"summary_large_image","twitter_misc":{"Tempo estimado de leitura":"1 minuto"},"schema":{"@context":"https:\/\/schema.org","@graph":[{"@type":"WebPage","@id":"https:\/\/www.delaire.co.za\/spa\/spa-journeys\/","url":"https:\/\/www.delaire.co.za\/spa\/spa-journeys\/","name":"Viagens de Spa | Pacotes de Spa \u00danicos | Delaire Graff Estate","isPartOf":{"@id":"https:\/\/www.delaire.co.za\/#website"},"primaryImageOfPage":{"@id":"https:\/\/www.delaire.co.za\/spa\/spa-journeys\/#primaryimage"},"image":{"@id":"https:\/\/www.delaire.co.za\/spa\/spa-journeys\/#primaryimage"},"thumbnailUrl":"https:\/\/www.delaire.co.za\/site\/wp-content\/uploads\/Delaire-Graff_Spa_Corridor_1-e1702890516675.jpg","datePublished":"2020-04-08T12:37:39+00:00","dateModified":"2026-01-30T11:40:31+00:00","description":"Explore a gama de experi\u00eancias de spa em oferta na Delaire Graff Estate. Uma cole\u00e7\u00e3o \u00fanica de pacotes de tratamentos de spa, incluindo prova de vinhos. Reserve hoje.","breadcrumb":{"@id":"https:\/\/www.delaire.co.za\/spa\/spa-journeys\/#breadcrumb"},"inLanguage":"pt-PT","potentialAction":[{"@type":"ReadAction","target":["https:\/\/www.delaire.co.za\/spa\/spa-journeys\/"]}]},{"@type":"ImageObject","inLanguage":"pt-PT","@id":"https:\/\/www.delaire.co.za\/spa\/spa-journeys\/#primaryimage","url":"https:\/\/www.delaire.co.za\/site\/wp-content\/uploads\/Delaire-Graff_Spa_Corridor_1-e1702890516675.jpg","contentUrl":"https:\/\/www.delaire.co.za\/site\/wp-content\/uploads\/Delaire-Graff_Spa_Corridor_1-e1702890516675.jpg","width":3500,"height":2333},{"@type":"BreadcrumbList","@id":"https:\/\/www.delaire.co.za\/spa\/spa-journeys\/#breadcrumb","itemListElement":[{"@type":"ListItem","position":1,"name":"Home","item":"https:\/\/www.delaire.co.za\/"},{"@type":"ListItem","position":2,"name":"Spa","item":"https:\/\/www.delaire.co.za\/spa\/"},{"@type":"ListItem","position":3,"name":"Spa Journeys"}]},{"@type":"WebSite","@id":"https:\/\/www.delaire.co.za\/#website","url":"https:\/\/www.delaire.co.za\/","name":"Propriedade Delaire Graff","description":"Propriedade Delaire Graff","publisher":{"@id":"https:\/\/www.delaire.co.za\/#organization"},"alternateName":"Delaire Graff","potentialAction":[{"@type":"SearchAction","target":{"@type":"EntryPoint","urlTemplate":"https:\/\/www.delaire.co.za\/?s={search_term_string}"},"query-input":{"@type":"PropertyValueSpecification","valueRequired":true,"valueName":"search_term_string"}}],"inLanguage":"pt-PT"},{"@type":"Organization","@id":"https:\/\/www.delaire.co.za\/#organization","name":"Propriedade Delaire Graff","alternateName":"Delaire Graff","url":"https:\/\/www.delaire.co.za\/","logo":{"@type":"ImageObject","inLanguage":"pt-PT","@id":"https:\/\/www.delaire.co.za\/#\/schema\/logo\/image\/","url":"https:\/\/www.delaire.co.za\/site\/wp-content\/uploads\/696x696.jpg","contentUrl":"https:\/\/www.delaire.co.za\/site\/wp-content\/uploads\/696x696.jpg","width":696,"height":696,"caption":"Delaire Graff Estate"},"image":{"@id":"https:\/\/www.delaire.co.za\/#\/schema\/logo\/image\/"},"sameAs":["https:\/\/www.facebook.com\/delairegraffestate","https:\/\/www.instagram.com\/delairegraff\/","https:\/\/www.linkedin.com\/company\/delaire-graff-estate\/?viewAsMember=true","https:\/\/za.pinterest.com\/delairegraff\/"]}]}},"wps_subtitle":"","_links":{"self":[{"href":"https:\/\/www.delaire.co.za\/pt\/wp-json\/wp\/v2\/pages\/7054"}],"collection":[{"href":"https:\/\/www.delaire.co.za\/pt\/wp-json\/wp\/v2\/pages"}],"about":[{"href":"https:\/\/www.delaire.co.za\/pt\/wp-json\/wp\/v2\/types\/page"}],"author":[{"embeddable":true,"href":"https:\/\/www.delaire.co.za\/pt\/wp-json\/wp\/v2\/users\/3"}],"replies":[{"embeddable":true,"href":"https:\/\/www.delaire.co.za\/pt\/wp-json\/wp\/v2\/comments?post=7054"}],"version-history":[{"count":26,"href":"https:\/\/www.delaire.co.za\/pt\/wp-json\/wp\/v2\/pages\/7054\/revisions"}],"predecessor-version":[{"id":19922,"href":"https:\/\/www.delaire.co.za\/pt\/wp-json\/wp\/v2\/pages\/7054\/revisions\/19922"}],"up":[{"embeddable":true,"href":"https:\/\/www.delaire.co.za\/pt\/wp-json\/wp\/v2\/pages\/46"}],"wp:featuredmedia":[{"embeddable":true,"href":"https:\/\/www.delaire.co.za\/pt\/wp-json\/wp\/v2\/media\/17766"}],"wp:attachment":[{"href":"https:\/\/www.delaire.co.za\/pt\/wp-json\/wp\/v2\/media?parent=7054"}],"curies":[{"name":"wp","href":"https:\/\/api.w.org\/{rel}","templated":true}]}}