{"id":400,"date":"2020-06-03T12:49:46","date_gmt":"2020-06-03T11:49:46","guid":{"rendered":"https:\/\/www.delaire.co.za\/?page_id=400"},"modified":"2025-10-13T12:48:58","modified_gmt":"2025-10-13T10:48:58","slug":"contacto","status":"publish","type":"page","link":"https:\/\/www.delaire.co.za\/pt\/contact\/","title":{"rendered":"Contactar-nos"},"content":{"rendered":"<h1>Contactar-nos<\/h1>\n<p class=\"subheading\">Reservas, FAQs e Dire\u00e7\u00f5es<\/p>\n<p>Situado entre as mundialmente famosas regi\u00f5es vin\u00edcolas de Stellenbosch e Franschhoek, o Delaire Graff Estate localiza-se a aproximadamente 50 minutos do Aeroporto Internacional da Cidade do Cabo e est\u00e1 idealmente posicionado para descobrir as Wynelands do Cabo. Um servi\u00e7o de transfer\u00eancia privada est\u00e1 dispon\u00edvel para o Delaire Graff Estate para h\u00f3spedes do Lodge e das Villas.<\/p>\n<h1>A Delaire Graff Estate reabre \u2013 Uma Joia Reimaginada<\/h1>\n<p>O Edif\u00edcio da Adega na Delaire Graff Estate, que alberga o Delaire Graff Restaurant, o nosso Wine Lounge, o Lorenzo\u2019s Cucina Italiana e as boutiques Graff e 100% Capri, reabriu a 1 de outubro de 2025, ap\u00f3s uma extensa remodela\u00e7\u00e3o.<\/p>\n<p><strong>\u00a0<\/strong><\/p>\n<p>Com a vis\u00e3o do lend\u00e1rio lapid\u00e1rio e propriet\u00e1rio de propriedades Laurence Graff OBE como guia, o est\u00fadio de design de interiores de luxo David Collins Studio criou novos interiores cativantes que celebram materiais, t\u00e9cnicas e artesanato tradicionais \u00fanicos da \u00c1frica do Sul. Criando um cen\u00e1rio elevado e intemporal, a ilumina\u00e7\u00e3o arquitet\u00f3nica lan\u00e7a um brilho dourado sobre materiais naturais de tons terrosos e texturizados, incluindo madeira escura dram\u00e1tica, ferragens em bronze e m\u00e1rmores opulentos e ricamente veados, com acentos radiantes e coloridos em laranja explos\u00e3o solar e roxo lavanda.<\/p>","protected":false},"excerpt":{"rendered":"<p>Contact Us reservations, fAQS AND DIRECTIONS Set between the world-renowned wine regions of Stellenbosch and Franschhoek, Delaire Graff Estate is located approximately 50 minutes from Cape Town International Airport and ideally situated for discovering the Cape Winelands. A private transfer service is available to Delaire Graff Estate for Lodge and Villa guests. Delaire Graff Estate&#8230;<\/p>","protected":false},"author":5,"featured_media":8153,"parent":0,"menu_order":5,"comment_status":"closed","ping_status":"closed","template":"","meta":{"footnotes":"","_links_to":"","_links_to_target":""},"yoast_head":"<!-- This site is optimized with the Yoast SEO plugin v23.9 - https:\/\/yoast.com\/wordpress\/plugins\/seo\/ -->\n<title>Contact Us | Enquire About All Services | Delaire Graff Estate<\/title>\n<meta name=\"description\" content=\"We&#039;re always glad to hear from you, find details of how you can contact us and get directions to Delaire Graff Estate here.\" \/>\n<meta name=\"robots\" content=\"index, follow, max-snippet:-1, max-image-preview:large, max-video-preview:-1\" \/>\n<link rel=\"canonical\" href=\"https:\/\/www.delaire.co.za\/pt\/contacto\/\" \/>\n<meta property=\"og:locale\" content=\"pt_PT\" \/>\n<meta property=\"og:type\" content=\"article\" \/>\n<meta property=\"og:title\" content=\"Estate Map ~ Delaire Graff Estate\" \/>\n<meta property=\"og:description\" content=\"Discover all Delaire Graff Estate has to offer with our virtual map to help plan your visit.\" \/>\n<meta property=\"og:url\" content=\"https:\/\/www.delaire.co.za\/pt\/contacto\/\" \/>\n<meta property=\"og:site_name\" content=\"Delaire Graff Estate\" \/>\n<meta property=\"article:publisher\" content=\"https:\/\/www.facebook.com\/delairegraffestate\" \/>\n<meta property=\"article:modified_time\" content=\"2025-10-13T10:48:58+00:00\" \/>\n<meta property=\"og:image\" content=\"https:\/\/www.delaire.co.za\/site\/wp-content\/uploads\/2020\/07\/Drawers-Estate-Your-Visit-at-Delaire-Graff-Estate-Stellenbosch-South-Africa.jpg\" \/>\n\t<meta property=\"og:image:width\" content=\"1500\" \/>\n\t<meta property=\"og:image:height\" content=\"950\" \/>\n\t<meta property=\"og:image:type\" content=\"image\/jpeg\" \/>\n<meta name=\"twitter:card\" content=\"summary_large_image\" \/>\n<meta name=\"twitter:title\" content=\"Estate Map ~ Delaire Graff Estate\" \/>\n<meta name=\"twitter:description\" content=\"Discover all Delaire Graff Estate has to offer with our virtual map to help plan your visit.\" \/>\n<meta name=\"twitter:label1\" content=\"Tempo estimado de leitura\" \/>\n\t<meta name=\"twitter:data1\" content=\"1 minuto\" \/>\n<script type=\"application\/ld+json\" class=\"yoast-schema-graph\">{\"@context\":\"https:\/\/schema.org\",\"@graph\":[{\"@type\":\"WebPage\",\"@id\":\"https:\/\/www.delaire.co.za\/contact\/\",\"url\":\"https:\/\/www.delaire.co.za\/contact\/\",\"name\":\"Contact Us | Enquire About All Services | Delaire Graff Estate\",\"isPartOf\":{\"@id\":\"https:\/\/www.delaire.co.za\/#website\"},\"primaryImageOfPage\":{\"@id\":\"https:\/\/www.delaire.co.za\/contact\/#primaryimage\"},\"image\":{\"@id\":\"https:\/\/www.delaire.co.za\/contact\/#primaryimage\"},\"thumbnailUrl\":\"https:\/\/www.delaire.co.za\/site\/wp-content\/uploads\/2020\/07\/Drawers-Estate-Your-Visit-at-Delaire-Graff-Estate-Stellenbosch-South-Africa.jpg\",\"datePublished\":\"2020-06-03T11:49:46+00:00\",\"dateModified\":\"2025-10-13T10:48:58+00:00\",\"description\":\"We're always glad to hear from you, find details of how you can contact us and get directions to Delaire Graff Estate here.\",\"breadcrumb\":{\"@id\":\"https:\/\/www.delaire.co.za\/contact\/#breadcrumb\"},\"inLanguage\":\"pt-PT\",\"potentialAction\":[{\"@type\":\"ReadAction\",\"target\":[\"https:\/\/www.delaire.co.za\/contact\/\"]}]},{\"@type\":\"ImageObject\",\"inLanguage\":\"pt-PT\",\"@id\":\"https:\/\/www.delaire.co.za\/contact\/#primaryimage\",\"url\":\"https:\/\/www.delaire.co.za\/site\/wp-content\/uploads\/2020\/07\/Drawers-Estate-Your-Visit-at-Delaire-Graff-Estate-Stellenbosch-South-Africa.jpg\",\"contentUrl\":\"https:\/\/www.delaire.co.za\/site\/wp-content\/uploads\/2020\/07\/Drawers-Estate-Your-Visit-at-Delaire-Graff-Estate-Stellenbosch-South-Africa.jpg\",\"width\":1500,\"height\":950},{\"@type\":\"BreadcrumbList\",\"@id\":\"https:\/\/www.delaire.co.za\/contact\/#breadcrumb\",\"itemListElement\":[{\"@type\":\"ListItem\",\"position\":1,\"name\":\"Home\",\"item\":\"https:\/\/www.delaire.co.za\/\"},{\"@type\":\"ListItem\",\"position\":2,\"name\":\"Contact Us\"}]},{\"@type\":\"WebSite\",\"@id\":\"https:\/\/www.delaire.co.za\/#website\",\"url\":\"https:\/\/www.delaire.co.za\/\",\"name\":\"Delaire Graff Estate\",\"description\":\"Delaire Graff Estate\",\"publisher\":{\"@id\":\"https:\/\/www.delaire.co.za\/#organization\"},\"alternateName\":\"Delaire Graff\",\"potentialAction\":[{\"@type\":\"SearchAction\",\"target\":{\"@type\":\"EntryPoint\",\"urlTemplate\":\"https:\/\/www.delaire.co.za\/?s={search_term_string}\"},\"query-input\":{\"@type\":\"PropertyValueSpecification\",\"valueRequired\":true,\"valueName\":\"search_term_string\"}}],\"inLanguage\":\"pt-PT\"},{\"@type\":\"Organization\",\"@id\":\"https:\/\/www.delaire.co.za\/#organization\",\"name\":\"Delaire Graff Estate\",\"alternateName\":\"Delaire Graff\",\"url\":\"https:\/\/www.delaire.co.za\/\",\"logo\":{\"@type\":\"ImageObject\",\"inLanguage\":\"pt-PT\",\"@id\":\"https:\/\/www.delaire.co.za\/#\/schema\/logo\/image\/\",\"url\":\"https:\/\/www.delaire.co.za\/site\/wp-content\/uploads\/696x696.jpg\",\"contentUrl\":\"https:\/\/www.delaire.co.za\/site\/wp-content\/uploads\/696x696.jpg\",\"width\":696,\"height\":696,\"caption\":\"Delaire Graff Estate\"},\"image\":{\"@id\":\"https:\/\/www.delaire.co.za\/#\/schema\/logo\/image\/\"},\"sameAs\":[\"https:\/\/www.facebook.com\/delairegraffestate\",\"https:\/\/www.instagram.com\/delairegraff\/\",\"https:\/\/www.linkedin.com\/company\/delaire-graff-estate\/?viewAsMember=true\",\"https:\/\/za.pinterest.com\/delairegraff\/\"]}]}<\/script>\n<!-- \/ Yoast SEO plugin. -->","yoast_head_json":{"title":"Contacte-nos | Informe-se sobre todos os servi\u00e7os | Delaire Graff Estate","description":"Teremos sempre todo o gosto em receb\u00ea-lo. Encontre aqui os detalhes de como nos pode contactar e obter indica\u00e7\u00f5es para a Delaire Graff Estate.","robots":{"index":"index","follow":"follow","max-snippet":"max-snippet:-1","max-image-preview":"max-image-preview:large","max-video-preview":"max-video-preview:-1"},"canonical":"https:\/\/www.delaire.co.za\/pt\/contacto\/","og_locale":"pt_PT","og_type":"article","og_title":"Estate Map ~ Delaire Graff Estate","og_description":"Discover all Delaire Graff Estate has to offer with our virtual map to help plan your visit.","og_url":"https:\/\/www.delaire.co.za\/pt\/contacto\/","og_site_name":"Delaire Graff Estate","article_publisher":"https:\/\/www.facebook.com\/delairegraffestate","article_modified_time":"2025-10-13T10:48:58+00:00","og_image":[{"width":1500,"height":950,"url":"https:\/\/www.delaire.co.za\/site\/wp-content\/uploads\/2020\/07\/Drawers-Estate-Your-Visit-at-Delaire-Graff-Estate-Stellenbosch-South-Africa.jpg","type":"image\/jpeg"}],"twitter_card":"summary_large_image","twitter_title":"Estate Map ~ Delaire Graff Estate","twitter_description":"Discover all Delaire Graff Estate has to offer with our virtual map to help plan your visit.","twitter_misc":{"Tempo estimado de leitura":"1 minuto"},"schema":{"@context":"https:\/\/schema.org","@graph":[{"@type":"WebPage","@id":"https:\/\/www.delaire.co.za\/contact\/","url":"https:\/\/www.delaire.co.za\/contact\/","name":"Contacte-nos | Informe-se sobre todos os servi\u00e7os | Delaire Graff Estate","isPartOf":{"@id":"https:\/\/www.delaire.co.za\/#website"},"primaryImageOfPage":{"@id":"https:\/\/www.delaire.co.za\/contact\/#primaryimage"},"image":{"@id":"https:\/\/www.delaire.co.za\/contact\/#primaryimage"},"thumbnailUrl":"https:\/\/www.delaire.co.za\/site\/wp-content\/uploads\/2020\/07\/Drawers-Estate-Your-Visit-at-Delaire-Graff-Estate-Stellenbosch-South-Africa.jpg","datePublished":"2020-06-03T11:49:46+00:00","dateModified":"2025-10-13T10:48:58+00:00","description":"Teremos sempre todo o gosto em receb\u00ea-lo. Encontre aqui os detalhes de como nos pode contactar e obter indica\u00e7\u00f5es para a Delaire Graff Estate.","breadcrumb":{"@id":"https:\/\/www.delaire.co.za\/contact\/#breadcrumb"},"inLanguage":"pt-PT","potentialAction":[{"@type":"ReadAction","target":["https:\/\/www.delaire.co.za\/contact\/"]}]},{"@type":"ImageObject","inLanguage":"pt-PT","@id":"https:\/\/www.delaire.co.za\/contact\/#primaryimage","url":"https:\/\/www.delaire.co.za\/site\/wp-content\/uploads\/2020\/07\/Drawers-Estate-Your-Visit-at-Delaire-Graff-Estate-Stellenbosch-South-Africa.jpg","contentUrl":"https:\/\/www.delaire.co.za\/site\/wp-content\/uploads\/2020\/07\/Drawers-Estate-Your-Visit-at-Delaire-Graff-Estate-Stellenbosch-South-Africa.jpg","width":1500,"height":950},{"@type":"BreadcrumbList","@id":"https:\/\/www.delaire.co.za\/contact\/#breadcrumb","itemListElement":[{"@type":"ListItem","position":1,"name":"Home","item":"https:\/\/www.delaire.co.za\/"},{"@type":"ListItem","position":2,"name":"Contact Us"}]},{"@type":"WebSite","@id":"https:\/\/www.delaire.co.za\/#website","url":"https:\/\/www.delaire.co.za\/","name":"Propriedade Delaire Graff","description":"Propriedade Delaire Graff","publisher":{"@id":"https:\/\/www.delaire.co.za\/#organization"},"alternateName":"Delaire Graff","potentialAction":[{"@type":"SearchAction","target":{"@type":"EntryPoint","urlTemplate":"https:\/\/www.delaire.co.za\/?s={search_term_string}"},"query-input":{"@type":"PropertyValueSpecification","valueRequired":true,"valueName":"search_term_string"}}],"inLanguage":"pt-PT"},{"@type":"Organization","@id":"https:\/\/www.delaire.co.za\/#organization","name":"Propriedade Delaire Graff","alternateName":"Delaire Graff","url":"https:\/\/www.delaire.co.za\/","logo":{"@type":"ImageObject","inLanguage":"pt-PT","@id":"https:\/\/www.delaire.co.za\/#\/schema\/logo\/image\/","url":"https:\/\/www.delaire.co.za\/site\/wp-content\/uploads\/696x696.jpg","contentUrl":"https:\/\/www.delaire.co.za\/site\/wp-content\/uploads\/696x696.jpg","width":696,"height":696,"caption":"Delaire Graff Estate"},"image":{"@id":"https:\/\/www.delaire.co.za\/#\/schema\/logo\/image\/"},"sameAs":["https:\/\/www.facebook.com\/delairegraffestate","https:\/\/www.instagram.com\/delairegraff\/","https:\/\/www.linkedin.com\/company\/delaire-graff-estate\/?viewAsMember=true","https:\/\/za.pinterest.com\/delairegraff\/"]}]}},"wps_subtitle":"","_links":{"self":[{"href":"https:\/\/www.delaire.co.za\/pt\/wp-json\/wp\/v2\/pages\/400"}],"collection":[{"href":"https:\/\/www.delaire.co.za\/pt\/wp-json\/wp\/v2\/pages"}],"about":[{"href":"https:\/\/www.delaire.co.za\/pt\/wp-json\/wp\/v2\/types\/page"}],"author":[{"embeddable":true,"href":"https:\/\/www.delaire.co.za\/pt\/wp-json\/wp\/v2\/users\/5"}],"replies":[{"embeddable":true,"href":"https:\/\/www.delaire.co.za\/pt\/wp-json\/wp\/v2\/comments?post=400"}],"version-history":[{"count":42,"href":"https:\/\/www.delaire.co.za\/pt\/wp-json\/wp\/v2\/pages\/400\/revisions"}],"predecessor-version":[{"id":19402,"href":"https:\/\/www.delaire.co.za\/pt\/wp-json\/wp\/v2\/pages\/400\/revisions\/19402"}],"wp:featuredmedia":[{"embeddable":true,"href":"https:\/\/www.delaire.co.za\/pt\/wp-json\/wp\/v2\/media\/8153"}],"wp:attachment":[{"href":"https:\/\/www.delaire.co.za\/pt\/wp-json\/wp\/v2\/media?parent=400"}],"curies":[{"name":"wp","href":"https:\/\/api.w.org\/{rel}","templated":true}]}}