{"id":26,"date":"2020-06-04T13:44:31","date_gmt":"2020-06-04T12:44:31","guid":{"rendered":"https:\/\/www.delaire.co.za\/?page_id=26"},"modified":"2023-09-15T10:58:28","modified_gmt":"2023-09-15T08:58:28","slug":"boutiques","status":"publish","type":"page","link":"https:\/\/www.delaire.co.za\/pt\/estate\/boutiques\/","title":{"rendered":"As boutiques"},"content":{"rendered":"<h1>As boutiques<\/h1>\n<h2 class=\"subheading\">Compras de Luxo, Stellenbosch<\/h2>\n<p>Lar de duas boutiques exclusivas, incluindo a \u00fanica loja Graff na \u00c1frica do Sul, juntamente com vestu\u00e1rio de luxo, acess\u00f3rios, artigos para o lar e produtos para a pele cuidadosamente selecionados. Compras s\u00e3o uma experi\u00eancia \u00edntima e de puro prazer na Delaire Graff Estate.<\/p>","protected":false},"excerpt":{"rendered":"<p>The Boutiques Luxury Shopping, Stellenbosch Home to two exclusive flagship boutiques, including the only Graff store in South Africa alongside luxury clothing, accessories and homeware and intently curated skincare products. Shopping is an intimate, indulgent experience at Delaire Graff Estate.<\/p>","protected":false},"author":1,"featured_media":17498,"parent":17,"menu_order":6,"comment_status":"closed","ping_status":"closed","template":"","meta":{"footnotes":"","_links_to":"","_links_to_target":""},"yoast_head":"<!-- This site is optimized with the Yoast SEO plugin v23.9 - https:\/\/yoast.com\/wordpress\/plugins\/seo\/ -->\n<title>Boutiques | Luxury Shopping, Stellenbosch| Delaire Graff Estate<\/title>\n<meta name=\"description\" content=\"Visit The Boutiques at Delaire Graff Estate. Discover a collection of the finest shops &amp; unique products available in Stellenbosch, Cape Town.\" \/>\n<meta name=\"robots\" content=\"index, follow, max-snippet:-1, max-image-preview:large, max-video-preview:-1\" \/>\n<link rel=\"canonical\" href=\"https:\/\/www.delaire.co.za\/pt\/propriedade\/boutiques\/\" \/>\n<meta property=\"og:locale\" content=\"pt_PT\" \/>\n<meta property=\"og:type\" content=\"article\" \/>\n<meta property=\"og:title\" content=\"Boutiques | Luxury Shopping, Stellenbosch| Delaire Graff Estate\" \/>\n<meta property=\"og:description\" content=\"Visit The Boutiques at Delaire Graff Estate. Discover a collection of the finest shops &amp; unique products available in Stellenbosch, Cape Town.\" \/>\n<meta property=\"og:url\" content=\"https:\/\/www.delaire.co.za\/pt\/propriedade\/boutiques\/\" \/>\n<meta property=\"og:site_name\" content=\"Delaire Graff Estate\" \/>\n<meta property=\"article:publisher\" content=\"https:\/\/www.facebook.com\/delairegraffestate\" \/>\n<meta property=\"article:modified_time\" content=\"2023-09-15T08:58:28+00:00\" \/>\n<meta property=\"og:image\" content=\"https:\/\/www.delaire.co.za\/site\/wp-content\/uploads\/joe-dan.-13-1900x1267.jpg\" \/>\n\t<meta property=\"og:image:width\" content=\"1900\" \/>\n\t<meta property=\"og:image:height\" content=\"1267\" \/>\n\t<meta property=\"og:image:type\" content=\"image\/jpeg\" \/>\n<meta name=\"twitter:card\" content=\"summary_large_image\" \/>\n<meta name=\"twitter:label1\" content=\"Tempo estimado de leitura\" \/>\n\t<meta name=\"twitter:data1\" content=\"1 minuto\" \/>\n<script type=\"application\/ld+json\" class=\"yoast-schema-graph\">{\"@context\":\"https:\/\/schema.org\",\"@graph\":[{\"@type\":\"WebPage\",\"@id\":\"https:\/\/www.delaire.co.za\/estate\/boutiques\/\",\"url\":\"https:\/\/www.delaire.co.za\/estate\/boutiques\/\",\"name\":\"Boutiques | Luxury Shopping, Stellenbosch| Delaire Graff Estate\",\"isPartOf\":{\"@id\":\"https:\/\/www.delaire.co.za\/#website\"},\"primaryImageOfPage\":{\"@id\":\"https:\/\/www.delaire.co.za\/estate\/boutiques\/#primaryimage\"},\"image\":{\"@id\":\"https:\/\/www.delaire.co.za\/estate\/boutiques\/#primaryimage\"},\"thumbnailUrl\":\"https:\/\/www.delaire.co.za\/site\/wp-content\/uploads\/joe-dan.-13.jpg\",\"datePublished\":\"2020-06-04T12:44:31+00:00\",\"dateModified\":\"2023-09-15T08:58:28+00:00\",\"description\":\"Visit The Boutiques at Delaire Graff Estate. Discover a collection of the finest shops & unique products available in Stellenbosch, Cape Town.\",\"breadcrumb\":{\"@id\":\"https:\/\/www.delaire.co.za\/estate\/boutiques\/#breadcrumb\"},\"inLanguage\":\"pt-PT\",\"potentialAction\":[{\"@type\":\"ReadAction\",\"target\":[\"https:\/\/www.delaire.co.za\/estate\/boutiques\/\"]}]},{\"@type\":\"ImageObject\",\"inLanguage\":\"pt-PT\",\"@id\":\"https:\/\/www.delaire.co.za\/estate\/boutiques\/#primaryimage\",\"url\":\"https:\/\/www.delaire.co.za\/site\/wp-content\/uploads\/joe-dan.-13.jpg\",\"contentUrl\":\"https:\/\/www.delaire.co.za\/site\/wp-content\/uploads\/joe-dan.-13.jpg\",\"width\":5534,\"height\":3689},{\"@type\":\"BreadcrumbList\",\"@id\":\"https:\/\/www.delaire.co.za\/estate\/boutiques\/#breadcrumb\",\"itemListElement\":[{\"@type\":\"ListItem\",\"position\":1,\"name\":\"Home\",\"item\":\"https:\/\/www.delaire.co.za\/\"},{\"@type\":\"ListItem\",\"position\":2,\"name\":\"The Estate\",\"item\":\"https:\/\/www.delaire.co.za\/estate\/\"},{\"@type\":\"ListItem\",\"position\":3,\"name\":\"The Boutiques\"}]},{\"@type\":\"WebSite\",\"@id\":\"https:\/\/www.delaire.co.za\/#website\",\"url\":\"https:\/\/www.delaire.co.za\/\",\"name\":\"Delaire Graff Estate\",\"description\":\"Delaire Graff Estate\",\"publisher\":{\"@id\":\"https:\/\/www.delaire.co.za\/#organization\"},\"alternateName\":\"Delaire Graff\",\"potentialAction\":[{\"@type\":\"SearchAction\",\"target\":{\"@type\":\"EntryPoint\",\"urlTemplate\":\"https:\/\/www.delaire.co.za\/?s={search_term_string}\"},\"query-input\":{\"@type\":\"PropertyValueSpecification\",\"valueRequired\":true,\"valueName\":\"search_term_string\"}}],\"inLanguage\":\"pt-PT\"},{\"@type\":\"Organization\",\"@id\":\"https:\/\/www.delaire.co.za\/#organization\",\"name\":\"Delaire Graff Estate\",\"alternateName\":\"Delaire Graff\",\"url\":\"https:\/\/www.delaire.co.za\/\",\"logo\":{\"@type\":\"ImageObject\",\"inLanguage\":\"pt-PT\",\"@id\":\"https:\/\/www.delaire.co.za\/#\/schema\/logo\/image\/\",\"url\":\"https:\/\/www.delaire.co.za\/site\/wp-content\/uploads\/696x696.jpg\",\"contentUrl\":\"https:\/\/www.delaire.co.za\/site\/wp-content\/uploads\/696x696.jpg\",\"width\":696,\"height\":696,\"caption\":\"Delaire Graff Estate\"},\"image\":{\"@id\":\"https:\/\/www.delaire.co.za\/#\/schema\/logo\/image\/\"},\"sameAs\":[\"https:\/\/www.facebook.com\/delairegraffestate\",\"https:\/\/www.instagram.com\/delairegraff\/\",\"https:\/\/www.linkedin.com\/company\/delaire-graff-estate\/?viewAsMember=true\",\"https:\/\/za.pinterest.com\/delairegraff\/\"]}]}<\/script>\n<!-- \/ Yoast SEO plugin. -->","yoast_head_json":{"title":"Boutiques | Compras de Luxo, Stellenbosch | Delaire Graff Estate","description":"Visite The Boutiques no Delaire Graff Estate. Descubra uma cole\u00e7\u00e3o das melhores lojas e produtos \u00fanicos dispon\u00edveis em Stellenbosch, Cidade do Cabo.","robots":{"index":"index","follow":"follow","max-snippet":"max-snippet:-1","max-image-preview":"max-image-preview:large","max-video-preview":"max-video-preview:-1"},"canonical":"https:\/\/www.delaire.co.za\/pt\/propriedade\/boutiques\/","og_locale":"pt_PT","og_type":"article","og_title":"Boutiques | Luxury Shopping, Stellenbosch| Delaire Graff Estate","og_description":"Visit The Boutiques at Delaire Graff Estate. Discover a collection of the finest shops & unique products available in Stellenbosch, Cape Town.","og_url":"https:\/\/www.delaire.co.za\/pt\/propriedade\/boutiques\/","og_site_name":"Delaire Graff Estate","article_publisher":"https:\/\/www.facebook.com\/delairegraffestate","article_modified_time":"2023-09-15T08:58:28+00:00","og_image":[{"width":1900,"height":1267,"url":"https:\/\/www.delaire.co.za\/site\/wp-content\/uploads\/joe-dan.-13-1900x1267.jpg","type":"image\/jpeg"}],"twitter_card":"summary_large_image","twitter_misc":{"Tempo estimado de leitura":"1 minuto"},"schema":{"@context":"https:\/\/schema.org","@graph":[{"@type":"WebPage","@id":"https:\/\/www.delaire.co.za\/estate\/boutiques\/","url":"https:\/\/www.delaire.co.za\/estate\/boutiques\/","name":"Boutiques | Compras de Luxo, Stellenbosch | Delaire Graff Estate","isPartOf":{"@id":"https:\/\/www.delaire.co.za\/#website"},"primaryImageOfPage":{"@id":"https:\/\/www.delaire.co.za\/estate\/boutiques\/#primaryimage"},"image":{"@id":"https:\/\/www.delaire.co.za\/estate\/boutiques\/#primaryimage"},"thumbnailUrl":"https:\/\/www.delaire.co.za\/site\/wp-content\/uploads\/joe-dan.-13.jpg","datePublished":"2020-06-04T12:44:31+00:00","dateModified":"2023-09-15T08:58:28+00:00","description":"Visite The Boutiques no Delaire Graff Estate. Descubra uma cole\u00e7\u00e3o das melhores lojas e produtos \u00fanicos dispon\u00edveis em Stellenbosch, Cidade do Cabo.","breadcrumb":{"@id":"https:\/\/www.delaire.co.za\/estate\/boutiques\/#breadcrumb"},"inLanguage":"pt-PT","potentialAction":[{"@type":"ReadAction","target":["https:\/\/www.delaire.co.za\/estate\/boutiques\/"]}]},{"@type":"ImageObject","inLanguage":"pt-PT","@id":"https:\/\/www.delaire.co.za\/estate\/boutiques\/#primaryimage","url":"https:\/\/www.delaire.co.za\/site\/wp-content\/uploads\/joe-dan.-13.jpg","contentUrl":"https:\/\/www.delaire.co.za\/site\/wp-content\/uploads\/joe-dan.-13.jpg","width":5534,"height":3689},{"@type":"BreadcrumbList","@id":"https:\/\/www.delaire.co.za\/estate\/boutiques\/#breadcrumb","itemListElement":[{"@type":"ListItem","position":1,"name":"Home","item":"https:\/\/www.delaire.co.za\/"},{"@type":"ListItem","position":2,"name":"The Estate","item":"https:\/\/www.delaire.co.za\/estate\/"},{"@type":"ListItem","position":3,"name":"The Boutiques"}]},{"@type":"WebSite","@id":"https:\/\/www.delaire.co.za\/#website","url":"https:\/\/www.delaire.co.za\/","name":"Propriedade Delaire Graff","description":"Propriedade Delaire Graff","publisher":{"@id":"https:\/\/www.delaire.co.za\/#organization"},"alternateName":"Delaire Graff","potentialAction":[{"@type":"SearchAction","target":{"@type":"EntryPoint","urlTemplate":"https:\/\/www.delaire.co.za\/?s={search_term_string}"},"query-input":{"@type":"PropertyValueSpecification","valueRequired":true,"valueName":"search_term_string"}}],"inLanguage":"pt-PT"},{"@type":"Organization","@id":"https:\/\/www.delaire.co.za\/#organization","name":"Propriedade Delaire Graff","alternateName":"Delaire Graff","url":"https:\/\/www.delaire.co.za\/","logo":{"@type":"ImageObject","inLanguage":"pt-PT","@id":"https:\/\/www.delaire.co.za\/#\/schema\/logo\/image\/","url":"https:\/\/www.delaire.co.za\/site\/wp-content\/uploads\/696x696.jpg","contentUrl":"https:\/\/www.delaire.co.za\/site\/wp-content\/uploads\/696x696.jpg","width":696,"height":696,"caption":"Delaire Graff Estate"},"image":{"@id":"https:\/\/www.delaire.co.za\/#\/schema\/logo\/image\/"},"sameAs":["https:\/\/www.facebook.com\/delairegraffestate","https:\/\/www.instagram.com\/delairegraff\/","https:\/\/www.linkedin.com\/company\/delaire-graff-estate\/?viewAsMember=true","https:\/\/za.pinterest.com\/delairegraff\/"]}]}},"wps_subtitle":"","_links":{"self":[{"href":"https:\/\/www.delaire.co.za\/pt\/wp-json\/wp\/v2\/pages\/26"}],"collection":[{"href":"https:\/\/www.delaire.co.za\/pt\/wp-json\/wp\/v2\/pages"}],"about":[{"href":"https:\/\/www.delaire.co.za\/pt\/wp-json\/wp\/v2\/types\/page"}],"author":[{"embeddable":true,"href":"https:\/\/www.delaire.co.za\/pt\/wp-json\/wp\/v2\/users\/1"}],"replies":[{"embeddable":true,"href":"https:\/\/www.delaire.co.za\/pt\/wp-json\/wp\/v2\/comments?post=26"}],"version-history":[{"count":18,"href":"https:\/\/www.delaire.co.za\/pt\/wp-json\/wp\/v2\/pages\/26\/revisions"}],"predecessor-version":[{"id":19961,"href":"https:\/\/www.delaire.co.za\/pt\/wp-json\/wp\/v2\/pages\/26\/revisions\/19961"}],"up":[{"embeddable":true,"href":"https:\/\/www.delaire.co.za\/pt\/wp-json\/wp\/v2\/pages\/17"}],"wp:featuredmedia":[{"embeddable":true,"href":"https:\/\/www.delaire.co.za\/pt\/wp-json\/wp\/v2\/media\/17498"}],"wp:attachment":[{"href":"https:\/\/www.delaire.co.za\/pt\/wp-json\/wp\/v2\/media?parent=26"}],"curies":[{"name":"wp","href":"https:\/\/api.w.org\/{rel}","templated":true}]}}