{"id":22,"date":"2020-03-02T13:44:10","date_gmt":"2020-03-02T13:44:10","guid":{"rendered":"https:\/\/www.delaire.co.za\/?page_id=22"},"modified":"2026-03-23T10:10:36","modified_gmt":"2026-03-23T08:10:36","slug":"jante","status":"publish","type":"page","link":"https:\/\/www.delaire.co.za\/pt\/dine\/","title":{"rendered":"Jantar"},"content":{"rendered":"<h1>Jante na Delaire Graff Estate<\/h1>\n<p>Os nossos tr\u00eas restaurantes galardoados transformam os ingredientes sazonais mais frescos em pratos requintados e art\u00edsticos, com o cen\u00e1rio de vistas ic\u00f3nicas das Cape Winelands e espa\u00e7os \u00edntimos com terra\u00e7os.<\/p>\n<p>&nbsp;<\/p>\n<p><span class=\"dineplan-widget dineplan-widget--button\" data-key=\"tWfQq58d\" data-type=\"link\" data-linktext=\"Book at H\u014dseki\"><\/span>\u00a0 \u00a0 <span class=\"dineplan-widget dineplan-widget--button\" data-key=\"rHGTvVm6\" data-type=\"link\" data-linktext=\"Book at Delaire Graff \"><\/span>\u00a0\u00a0 \u00a0<span class=\"dineplan-widget dineplan-widget--button\" data-key=\"NzCXGVTP\" data-type=\"link\" data-linktext=\"Book at Lorenzo&#8217;s\"><\/span>\u00a0\u00a0<\/p>","protected":false},"excerpt":{"rendered":"<p>Dine at Delaire Graff Estate Our three award-winning restaurants transform the freshest seasonal ingredients into accomplished, artful dishes, backdropped by iconic Cape Winelands views and intimate terraced spaces. &nbsp; \u00a0 \u00a0 \u00a0\u00a0 \u00a0\u00a0\u00a0<\/p>","protected":false},"author":1,"featured_media":0,"parent":0,"menu_order":5,"comment_status":"closed","ping_status":"closed","template":"","meta":{"footnotes":"","_links_to":"","_links_to_target":""},"yoast_head":"<!-- This site is optimized with the Yoast SEO plugin v23.9 - https:\/\/yoast.com\/wordpress\/plugins\/seo\/ -->\n<title>Dine at Delaire Graff Estate<\/title>\n<meta name=\"description\" content=\"Dine with iconic Cape Winelands views &amp; award-winning wines at Delaire Graff Restaurant, H\u014cSEKI or Lorenzo&#039;s Cucina Italiana.\" \/>\n<meta name=\"robots\" content=\"index, follow, max-snippet:-1, max-image-preview:large, max-video-preview:-1\" \/>\n<link rel=\"canonical\" href=\"https:\/\/www.delaire.co.za\/pt\/jante\/\" \/>\n<meta property=\"og:locale\" content=\"pt_PT\" \/>\n<meta property=\"og:type\" content=\"article\" \/>\n<meta property=\"og:title\" content=\"Fine Dining ~ Delaire Graff Estate\" \/>\n<meta property=\"og:description\" content=\"Experience an exclusive celebration of taste with our flagship restaurants. Discover the finer details and reserve your table.\" \/>\n<meta property=\"og:url\" content=\"https:\/\/www.delaire.co.za\/pt\/jante\/\" \/>\n<meta property=\"og:site_name\" content=\"Delaire Graff Estate\" \/>\n<meta property=\"article:publisher\" content=\"https:\/\/www.facebook.com\/delairegraffestate\" \/>\n<meta property=\"article:modified_time\" content=\"2026-03-23T08:10:36+00:00\" \/>\n<meta name=\"twitter:card\" content=\"summary_large_image\" \/>\n<meta name=\"twitter:title\" content=\"Fine Dining ~ Delaire Graff Estate\" \/>\n<meta name=\"twitter:description\" content=\"Experience an exclusive celebration of taste with our flagship restaurants. Discover the finer details and reserve your table.\" \/>\n<meta name=\"twitter:label1\" content=\"Tempo estimado de leitura\" \/>\n\t<meta name=\"twitter:data1\" content=\"1 minuto\" \/>\n<script type=\"application\/ld+json\" class=\"yoast-schema-graph\">{\"@context\":\"https:\/\/schema.org\",\"@graph\":[{\"@type\":\"WebPage\",\"@id\":\"https:\/\/www.delaire.co.za\/dine\/\",\"url\":\"https:\/\/www.delaire.co.za\/dine\/\",\"name\":\"Dine at Delaire Graff Estate\",\"isPartOf\":{\"@id\":\"https:\/\/www.delaire.co.za\/#website\"},\"datePublished\":\"2020-03-02T13:44:10+00:00\",\"dateModified\":\"2026-03-23T08:10:36+00:00\",\"description\":\"Dine with iconic Cape Winelands views & award-winning wines at Delaire Graff Restaurant, H\u014cSEKI or Lorenzo's Cucina Italiana.\",\"breadcrumb\":{\"@id\":\"https:\/\/www.delaire.co.za\/dine\/#breadcrumb\"},\"inLanguage\":\"pt-PT\",\"potentialAction\":[{\"@type\":\"ReadAction\",\"target\":[\"https:\/\/www.delaire.co.za\/dine\/\"]}]},{\"@type\":\"BreadcrumbList\",\"@id\":\"https:\/\/www.delaire.co.za\/dine\/#breadcrumb\",\"itemListElement\":[{\"@type\":\"ListItem\",\"position\":1,\"name\":\"Home\",\"item\":\"https:\/\/www.delaire.co.za\/\"},{\"@type\":\"ListItem\",\"position\":2,\"name\":\"Dine\"}]},{\"@type\":\"WebSite\",\"@id\":\"https:\/\/www.delaire.co.za\/#website\",\"url\":\"https:\/\/www.delaire.co.za\/\",\"name\":\"Delaire Graff Estate\",\"description\":\"Delaire Graff Estate\",\"publisher\":{\"@id\":\"https:\/\/www.delaire.co.za\/#organization\"},\"alternateName\":\"Delaire Graff\",\"potentialAction\":[{\"@type\":\"SearchAction\",\"target\":{\"@type\":\"EntryPoint\",\"urlTemplate\":\"https:\/\/www.delaire.co.za\/?s={search_term_string}\"},\"query-input\":{\"@type\":\"PropertyValueSpecification\",\"valueRequired\":true,\"valueName\":\"search_term_string\"}}],\"inLanguage\":\"pt-PT\"},{\"@type\":\"Organization\",\"@id\":\"https:\/\/www.delaire.co.za\/#organization\",\"name\":\"Delaire Graff Estate\",\"alternateName\":\"Delaire Graff\",\"url\":\"https:\/\/www.delaire.co.za\/\",\"logo\":{\"@type\":\"ImageObject\",\"inLanguage\":\"pt-PT\",\"@id\":\"https:\/\/www.delaire.co.za\/#\/schema\/logo\/image\/\",\"url\":\"https:\/\/www.delaire.co.za\/site\/wp-content\/uploads\/696x696.jpg\",\"contentUrl\":\"https:\/\/www.delaire.co.za\/site\/wp-content\/uploads\/696x696.jpg\",\"width\":696,\"height\":696,\"caption\":\"Delaire Graff Estate\"},\"image\":{\"@id\":\"https:\/\/www.delaire.co.za\/#\/schema\/logo\/image\/\"},\"sameAs\":[\"https:\/\/www.facebook.com\/delairegraffestate\",\"https:\/\/www.instagram.com\/delairegraff\/\",\"https:\/\/www.linkedin.com\/company\/delaire-graff-estate\/?viewAsMember=true\",\"https:\/\/za.pinterest.com\/delairegraff\/\"]}]}<\/script>\n<!-- \/ Yoast SEO plugin. -->","yoast_head_json":{"title":"Jante na Delaire Graff Estate","description":"Jante com vistas ic\u00f3nicas das Winelands da Cidade do Cabo e vinhos galardoados no Delaire Graff Restaurant, H\u014cSEKI ou Lorenzo's Cucina Italiana.","robots":{"index":"index","follow":"follow","max-snippet":"max-snippet:-1","max-image-preview":"max-image-preview:large","max-video-preview":"max-video-preview:-1"},"canonical":"https:\/\/www.delaire.co.za\/pt\/jante\/","og_locale":"pt_PT","og_type":"article","og_title":"Fine Dining ~ Delaire Graff Estate","og_description":"Experience an exclusive celebration of taste with our flagship restaurants. Discover the finer details and reserve your table.","og_url":"https:\/\/www.delaire.co.za\/pt\/jante\/","og_site_name":"Delaire Graff Estate","article_publisher":"https:\/\/www.facebook.com\/delairegraffestate","article_modified_time":"2026-03-23T08:10:36+00:00","twitter_card":"summary_large_image","twitter_title":"Fine Dining ~ Delaire Graff Estate","twitter_description":"Experience an exclusive celebration of taste with our flagship restaurants. Discover the finer details and reserve your table.","twitter_misc":{"Tempo estimado de leitura":"1 minuto"},"schema":{"@context":"https:\/\/schema.org","@graph":[{"@type":"WebPage","@id":"https:\/\/www.delaire.co.za\/dine\/","url":"https:\/\/www.delaire.co.za\/dine\/","name":"Jante na Delaire Graff Estate","isPartOf":{"@id":"https:\/\/www.delaire.co.za\/#website"},"datePublished":"2020-03-02T13:44:10+00:00","dateModified":"2026-03-23T08:10:36+00:00","description":"Jante com vistas ic\u00f3nicas das Winelands da Cidade do Cabo e vinhos galardoados no Delaire Graff Restaurant, H\u014cSEKI ou Lorenzo's Cucina Italiana.","breadcrumb":{"@id":"https:\/\/www.delaire.co.za\/dine\/#breadcrumb"},"inLanguage":"pt-PT","potentialAction":[{"@type":"ReadAction","target":["https:\/\/www.delaire.co.za\/dine\/"]}]},{"@type":"BreadcrumbList","@id":"https:\/\/www.delaire.co.za\/dine\/#breadcrumb","itemListElement":[{"@type":"ListItem","position":1,"name":"Home","item":"https:\/\/www.delaire.co.za\/"},{"@type":"ListItem","position":2,"name":"Dine"}]},{"@type":"WebSite","@id":"https:\/\/www.delaire.co.za\/#website","url":"https:\/\/www.delaire.co.za\/","name":"Propriedade Delaire Graff","description":"Propriedade Delaire Graff","publisher":{"@id":"https:\/\/www.delaire.co.za\/#organization"},"alternateName":"Delaire Graff","potentialAction":[{"@type":"SearchAction","target":{"@type":"EntryPoint","urlTemplate":"https:\/\/www.delaire.co.za\/?s={search_term_string}"},"query-input":{"@type":"PropertyValueSpecification","valueRequired":true,"valueName":"search_term_string"}}],"inLanguage":"pt-PT"},{"@type":"Organization","@id":"https:\/\/www.delaire.co.za\/#organization","name":"Propriedade Delaire Graff","alternateName":"Delaire Graff","url":"https:\/\/www.delaire.co.za\/","logo":{"@type":"ImageObject","inLanguage":"pt-PT","@id":"https:\/\/www.delaire.co.za\/#\/schema\/logo\/image\/","url":"https:\/\/www.delaire.co.za\/site\/wp-content\/uploads\/696x696.jpg","contentUrl":"https:\/\/www.delaire.co.za\/site\/wp-content\/uploads\/696x696.jpg","width":696,"height":696,"caption":"Delaire Graff Estate"},"image":{"@id":"https:\/\/www.delaire.co.za\/#\/schema\/logo\/image\/"},"sameAs":["https:\/\/www.facebook.com\/delairegraffestate","https:\/\/www.instagram.com\/delairegraff\/","https:\/\/www.linkedin.com\/company\/delaire-graff-estate\/?viewAsMember=true","https:\/\/za.pinterest.com\/delairegraff\/"]}]}},"wps_subtitle":"","_links":{"self":[{"href":"https:\/\/www.delaire.co.za\/pt\/wp-json\/wp\/v2\/pages\/22"}],"collection":[{"href":"https:\/\/www.delaire.co.za\/pt\/wp-json\/wp\/v2\/pages"}],"about":[{"href":"https:\/\/www.delaire.co.za\/pt\/wp-json\/wp\/v2\/types\/page"}],"author":[{"embeddable":true,"href":"https:\/\/www.delaire.co.za\/pt\/wp-json\/wp\/v2\/users\/1"}],"replies":[{"embeddable":true,"href":"https:\/\/www.delaire.co.za\/pt\/wp-json\/wp\/v2\/comments?post=22"}],"version-history":[{"count":41,"href":"https:\/\/www.delaire.co.za\/pt\/wp-json\/wp\/v2\/pages\/22\/revisions"}],"predecessor-version":[{"id":20098,"href":"https:\/\/www.delaire.co.za\/pt\/wp-json\/wp\/v2\/pages\/22\/revisions\/20098"}],"wp:attachment":[{"href":"https:\/\/www.delaire.co.za\/pt\/wp-json\/wp\/v2\/media?parent=22"}],"curies":[{"name":"wp","href":"https:\/\/api.w.org\/{rel}","templated":true}]}}