{"id":20,"date":"2020-04-08T13:44:00","date_gmt":"2020-04-08T12:44:00","guid":{"rendered":"https:\/\/www.delaire.co.za\/?page_id=20"},"modified":"2026-03-23T10:04:49","modified_gmt":"2026-03-23T08:04:49","slug":"ficar","status":"publish","type":"page","link":"https:\/\/www.delaire.co.za\/pt\/stay\/","title":{"rendered":"Ficar"},"content":{"rendered":"<h1>Ficar na Delaire Graff Estate<\/h1>\n<p style=\"margin-bottom: 0cm; margin-top: 0cm; mso-margin-bottom-alt: 8.0pt; mso-margin-top-alt: 0cm; mso-add-space: auto; line-height: normal;\">Com um design do David Collins Studio, desfrute de luxo inigual\u00e1vel e privacidade total em cada uma das nossas lodges, santu\u00e1rios requintados com jardins privados, piscinas aquecidas e vistas que se estendem pelas nossas vinhas, at\u00e9 \u00e0s serras no horizonte.<\/p>\n<p style=\"margin-bottom: 0cm; margin-top: 0cm; mso-margin-bottom-alt: 8.0pt; mso-margin-top-alt: 0cm; mso-add-space: auto; line-height: normal;\">\u00a0<b><\/b><\/p>\n<p>&nbsp;<\/p>","protected":false},"excerpt":{"rendered":"<p>Stay at Delaire Graff Estate Designed by David Collins Studio, experience unparalleled luxury and complete privacy at each of our lodges, exquisite sanctuaries with private gardens, heated pools and views that stretch across our vineyards, extending to the mountain ranges on the horizon. \u00a0 &nbsp;<\/p>","protected":false},"author":1,"featured_media":0,"parent":0,"menu_order":4,"comment_status":"closed","ping_status":"closed","template":"","meta":{"footnotes":"","_links_to":"","_links_to_target":""},"yoast_head":"<!-- This site is optimized with the Yoast SEO plugin v23.9 - https:\/\/yoast.com\/wordpress\/plugins\/seo\/ -->\n<title>Stay at Delaire Graff Estate<\/title>\n<meta name=\"description\" content=\"Discover luxury accommodation in Stellenbosch. Book the exclusive four-bedroom Owner\u2019s Villa or our lodges with exceptional views.\" \/>\n<meta name=\"robots\" content=\"index, follow, max-snippet:-1, max-image-preview:large, max-video-preview:-1\" \/>\n<link rel=\"canonical\" href=\"https:\/\/www.delaire.co.za\/pt\/ficar\/\" \/>\n<meta property=\"og:locale\" content=\"pt_PT\" \/>\n<meta property=\"og:type\" content=\"article\" \/>\n<meta property=\"og:title\" content=\"Cape Winelands Luxury Accommodation ~ Delaire Graff Estate\" \/>\n<meta property=\"og:description\" content=\"Explore South Africa&#039;s wine country, stay in luxury at the Lodge or be pampered at the Spa; visiting Delaire Graff Estate is a blissful escape.\" \/>\n<meta property=\"og:url\" content=\"https:\/\/www.delaire.co.za\/pt\/ficar\/\" \/>\n<meta property=\"og:site_name\" content=\"Delaire Graff Estate\" \/>\n<meta property=\"article:publisher\" content=\"https:\/\/www.facebook.com\/delairegraffestate\" \/>\n<meta property=\"article:modified_time\" content=\"2026-03-23T08:04:49+00:00\" \/>\n<meta name=\"twitter:card\" content=\"summary_large_image\" \/>\n<meta name=\"twitter:title\" content=\"Cape Winelands Luxury Accommodation ~ Delaire Graff Estate\" \/>\n<meta name=\"twitter:description\" content=\"Explore South Africa&#039;s wine country, stay in luxury at the Lodge or be pampered at the Spa; visiting Delaire Graff Estate is a blissful escape.\" \/>\n<meta name=\"twitter:label1\" content=\"Tempo estimado de leitura\" \/>\n\t<meta name=\"twitter:data1\" content=\"1 minuto\" \/>\n<script type=\"application\/ld+json\" class=\"yoast-schema-graph\">{\"@context\":\"https:\/\/schema.org\",\"@graph\":[{\"@type\":\"WebPage\",\"@id\":\"https:\/\/www.delaire.co.za\/stay\/\",\"url\":\"https:\/\/www.delaire.co.za\/stay\/\",\"name\":\"Stay at Delaire Graff Estate\",\"isPartOf\":{\"@id\":\"https:\/\/www.delaire.co.za\/#website\"},\"datePublished\":\"2020-04-08T12:44:00+00:00\",\"dateModified\":\"2026-03-23T08:04:49+00:00\",\"description\":\"Discover luxury accommodation in Stellenbosch. Book the exclusive four-bedroom Owner\u2019s Villa or our lodges with exceptional views.\",\"breadcrumb\":{\"@id\":\"https:\/\/www.delaire.co.za\/stay\/#breadcrumb\"},\"inLanguage\":\"pt-PT\",\"potentialAction\":[{\"@type\":\"ReadAction\",\"target\":[\"https:\/\/www.delaire.co.za\/stay\/\"]}]},{\"@type\":\"BreadcrumbList\",\"@id\":\"https:\/\/www.delaire.co.za\/stay\/#breadcrumb\",\"itemListElement\":[{\"@type\":\"ListItem\",\"position\":1,\"name\":\"Home\",\"item\":\"https:\/\/www.delaire.co.za\/\"},{\"@type\":\"ListItem\",\"position\":2,\"name\":\"Stay\"}]},{\"@type\":\"WebSite\",\"@id\":\"https:\/\/www.delaire.co.za\/#website\",\"url\":\"https:\/\/www.delaire.co.za\/\",\"name\":\"Delaire Graff Estate\",\"description\":\"Delaire Graff Estate\",\"publisher\":{\"@id\":\"https:\/\/www.delaire.co.za\/#organization\"},\"alternateName\":\"Delaire Graff\",\"potentialAction\":[{\"@type\":\"SearchAction\",\"target\":{\"@type\":\"EntryPoint\",\"urlTemplate\":\"https:\/\/www.delaire.co.za\/?s={search_term_string}\"},\"query-input\":{\"@type\":\"PropertyValueSpecification\",\"valueRequired\":true,\"valueName\":\"search_term_string\"}}],\"inLanguage\":\"pt-PT\"},{\"@type\":\"Organization\",\"@id\":\"https:\/\/www.delaire.co.za\/#organization\",\"name\":\"Delaire Graff Estate\",\"alternateName\":\"Delaire Graff\",\"url\":\"https:\/\/www.delaire.co.za\/\",\"logo\":{\"@type\":\"ImageObject\",\"inLanguage\":\"pt-PT\",\"@id\":\"https:\/\/www.delaire.co.za\/#\/schema\/logo\/image\/\",\"url\":\"https:\/\/www.delaire.co.za\/site\/wp-content\/uploads\/696x696.jpg\",\"contentUrl\":\"https:\/\/www.delaire.co.za\/site\/wp-content\/uploads\/696x696.jpg\",\"width\":696,\"height\":696,\"caption\":\"Delaire Graff Estate\"},\"image\":{\"@id\":\"https:\/\/www.delaire.co.za\/#\/schema\/logo\/image\/\"},\"sameAs\":[\"https:\/\/www.facebook.com\/delairegraffestate\",\"https:\/\/www.instagram.com\/delairegraff\/\",\"https:\/\/www.linkedin.com\/company\/delaire-graff-estate\/?viewAsMember=true\",\"https:\/\/za.pinterest.com\/delairegraff\/\"]}]}<\/script>\n<!-- \/ Yoast SEO plugin. -->","yoast_head_json":{"title":"Ficar na Delaire Graff Estate","description":"Descubra alojamento de luxo em Stellenbosch. Reserve a exclusiva Villa do Propriet\u00e1rio com quatro quartos ou os nossos lodges com vistas excecionais.","robots":{"index":"index","follow":"follow","max-snippet":"max-snippet:-1","max-image-preview":"max-image-preview:large","max-video-preview":"max-video-preview:-1"},"canonical":"https:\/\/www.delaire.co.za\/pt\/ficar\/","og_locale":"pt_PT","og_type":"article","og_title":"Cape Winelands Luxury Accommodation ~ Delaire Graff Estate","og_description":"Explore South Africa's wine country, stay in luxury at the Lodge or be pampered at the Spa; visiting Delaire Graff Estate is a blissful escape.","og_url":"https:\/\/www.delaire.co.za\/pt\/ficar\/","og_site_name":"Delaire Graff Estate","article_publisher":"https:\/\/www.facebook.com\/delairegraffestate","article_modified_time":"2026-03-23T08:04:49+00:00","twitter_card":"summary_large_image","twitter_title":"Cape Winelands Luxury Accommodation ~ Delaire Graff Estate","twitter_description":"Explore South Africa's wine country, stay in luxury at the Lodge or be pampered at the Spa; visiting Delaire Graff Estate is a blissful escape.","twitter_misc":{"Tempo estimado de leitura":"1 minuto"},"schema":{"@context":"https:\/\/schema.org","@graph":[{"@type":"WebPage","@id":"https:\/\/www.delaire.co.za\/stay\/","url":"https:\/\/www.delaire.co.za\/stay\/","name":"Ficar na Delaire Graff Estate","isPartOf":{"@id":"https:\/\/www.delaire.co.za\/#website"},"datePublished":"2020-04-08T12:44:00+00:00","dateModified":"2026-03-23T08:04:49+00:00","description":"Descubra alojamento de luxo em Stellenbosch. Reserve a exclusiva Villa do Propriet\u00e1rio com quatro quartos ou os nossos lodges com vistas excecionais.","breadcrumb":{"@id":"https:\/\/www.delaire.co.za\/stay\/#breadcrumb"},"inLanguage":"pt-PT","potentialAction":[{"@type":"ReadAction","target":["https:\/\/www.delaire.co.za\/stay\/"]}]},{"@type":"BreadcrumbList","@id":"https:\/\/www.delaire.co.za\/stay\/#breadcrumb","itemListElement":[{"@type":"ListItem","position":1,"name":"Home","item":"https:\/\/www.delaire.co.za\/"},{"@type":"ListItem","position":2,"name":"Stay"}]},{"@type":"WebSite","@id":"https:\/\/www.delaire.co.za\/#website","url":"https:\/\/www.delaire.co.za\/","name":"Propriedade Delaire Graff","description":"Propriedade Delaire Graff","publisher":{"@id":"https:\/\/www.delaire.co.za\/#organization"},"alternateName":"Delaire Graff","potentialAction":[{"@type":"SearchAction","target":{"@type":"EntryPoint","urlTemplate":"https:\/\/www.delaire.co.za\/?s={search_term_string}"},"query-input":{"@type":"PropertyValueSpecification","valueRequired":true,"valueName":"search_term_string"}}],"inLanguage":"pt-PT"},{"@type":"Organization","@id":"https:\/\/www.delaire.co.za\/#organization","name":"Propriedade Delaire Graff","alternateName":"Delaire Graff","url":"https:\/\/www.delaire.co.za\/","logo":{"@type":"ImageObject","inLanguage":"pt-PT","@id":"https:\/\/www.delaire.co.za\/#\/schema\/logo\/image\/","url":"https:\/\/www.delaire.co.za\/site\/wp-content\/uploads\/696x696.jpg","contentUrl":"https:\/\/www.delaire.co.za\/site\/wp-content\/uploads\/696x696.jpg","width":696,"height":696,"caption":"Delaire Graff Estate"},"image":{"@id":"https:\/\/www.delaire.co.za\/#\/schema\/logo\/image\/"},"sameAs":["https:\/\/www.facebook.com\/delairegraffestate","https:\/\/www.instagram.com\/delairegraff\/","https:\/\/www.linkedin.com\/company\/delaire-graff-estate\/?viewAsMember=true","https:\/\/za.pinterest.com\/delairegraff\/"]}]}},"wps_subtitle":"The Jewel of the Cape Winelands","_links":{"self":[{"href":"https:\/\/www.delaire.co.za\/pt\/wp-json\/wp\/v2\/pages\/20"}],"collection":[{"href":"https:\/\/www.delaire.co.za\/pt\/wp-json\/wp\/v2\/pages"}],"about":[{"href":"https:\/\/www.delaire.co.za\/pt\/wp-json\/wp\/v2\/types\/page"}],"author":[{"embeddable":true,"href":"https:\/\/www.delaire.co.za\/pt\/wp-json\/wp\/v2\/users\/1"}],"replies":[{"embeddable":true,"href":"https:\/\/www.delaire.co.za\/pt\/wp-json\/wp\/v2\/comments?post=20"}],"version-history":[{"count":71,"href":"https:\/\/www.delaire.co.za\/pt\/wp-json\/wp\/v2\/pages\/20\/revisions"}],"predecessor-version":[{"id":20097,"href":"https:\/\/www.delaire.co.za\/pt\/wp-json\/wp\/v2\/pages\/20\/revisions\/20097"}],"wp:attachment":[{"href":"https:\/\/www.delaire.co.za\/pt\/wp-json\/wp\/v2\/media?parent=20"}],"curies":[{"name":"wp","href":"https:\/\/api.w.org\/{rel}","templated":true}]}}