{"id":17,"date":"2020-02-20T13:42:55","date_gmt":"2020-02-20T13:42:55","guid":{"rendered":"https:\/\/www.delaire.co.za\/?page_id=17"},"modified":"2020-08-21T12:51:33","modified_gmt":"2020-08-21T11:51:33","slug":"propriedade","status":"publish","type":"page","link":"https:\/\/www.delaire.co.za\/pt\/estate\/","title":{"rendered":"A Herdade"},"content":{"rendered":"<h1>Explore a Quinta Delaire Graff<\/h1>\n<h2 class=\"subheading mini-title\">Um para\u00edso a descobrir<\/h2>\n<p>Com uma reputa\u00e7\u00e3o global de excel\u00eancia, a Delaire Graff Estate \u00e9 um destino sul-africano essencial, situada em hectares de jardins perfumados, com boutiques exclusivas, arte deslumbrante em cada canto e sustentabilidade no seu \u00e2mago.<\/p>","protected":false},"excerpt":{"rendered":"<p>Explore a Quinta Delaire Graff Um para\u00edso a descobrir Com uma reputa\u00e7\u00e3o global de excel\u00eancia, a Quinta Delaire Graff \u00e9 um destino sul-africano essencial, situado num terreno com jardins perfumados, com boutiques exclusivas, arte deslumbrante em cada recanto e sustentabilidade no seu \u00e2mago.<\/p>","protected":false},"author":1,"featured_media":0,"parent":0,"menu_order":8,"comment_status":"closed","ping_status":"closed","template":"","meta":{"footnotes":"","_links_to":"","_links_to_target":""},"yoast_head":"<!-- This site is optimized with the Yoast SEO plugin v23.9 - https:\/\/yoast.com\/wordpress\/plugins\/seo\/ -->\n<title>The Estate | Boutiques, Art, Gardens &amp; More | Delaire Graff<\/title>\n<meta name=\"description\" content=\"Learn more about the experiences available at the Delaire Graff Estate. Unique boutiques, art collections, indigenous gardens and more in Stellenbosch.\" \/>\n<meta name=\"robots\" content=\"index, follow, max-snippet:-1, max-image-preview:large, max-video-preview:-1\" \/>\n<link rel=\"canonical\" href=\"https:\/\/www.delaire.co.za\/pt\/propriedade\/\" \/>\n<meta property=\"og:locale\" content=\"pt_PT\" \/>\n<meta property=\"og:type\" content=\"article\" \/>\n<meta property=\"og:title\" content=\"The Estate ~ Delaire Graff Estate\" \/>\n<meta property=\"og:description\" content=\"Located in Stellenbosch, Delaire Graff Estate is home to vineyards, a winery and luxury accommodation with exceptional fine dining, boutiques and gardens.\" \/>\n<meta property=\"og:url\" content=\"https:\/\/www.delaire.co.za\/pt\/propriedade\/\" \/>\n<meta property=\"og:site_name\" content=\"Delaire Graff Estate\" \/>\n<meta property=\"article:publisher\" content=\"https:\/\/www.facebook.com\/delairegraffestate\" \/>\n<meta property=\"article:modified_time\" content=\"2020-08-21T11:51:33+00:00\" \/>\n<meta name=\"twitter:card\" content=\"summary_large_image\" \/>\n<meta name=\"twitter:title\" content=\"The Estate ~ Delaire Graff Estate\" \/>\n<meta name=\"twitter:description\" content=\"Located in Stellenbosch, Delaire Graff Estate is home to vineyards, a winery and luxury accommodation with exceptional fine dining, boutiques and gardens.\" \/>\n<script type=\"application\/ld+json\" class=\"yoast-schema-graph\">{\"@context\":\"https:\/\/schema.org\",\"@graph\":[{\"@type\":\"WebPage\",\"@id\":\"https:\/\/www.delaire.co.za\/estate\/\",\"url\":\"https:\/\/www.delaire.co.za\/estate\/\",\"name\":\"The Estate | Boutiques, Art, Gardens & More | Delaire Graff\",\"isPartOf\":{\"@id\":\"https:\/\/www.delaire.co.za\/#website\"},\"datePublished\":\"2020-02-20T13:42:55+00:00\",\"dateModified\":\"2020-08-21T11:51:33+00:00\",\"description\":\"Learn more about the experiences available at the Delaire Graff Estate. Unique boutiques, art collections, indigenous gardens and more in Stellenbosch.\",\"breadcrumb\":{\"@id\":\"https:\/\/www.delaire.co.za\/estate\/#breadcrumb\"},\"inLanguage\":\"pt-PT\",\"potentialAction\":[{\"@type\":\"ReadAction\",\"target\":[\"https:\/\/www.delaire.co.za\/estate\/\"]}]},{\"@type\":\"BreadcrumbList\",\"@id\":\"https:\/\/www.delaire.co.za\/estate\/#breadcrumb\",\"itemListElement\":[{\"@type\":\"ListItem\",\"position\":1,\"name\":\"Home\",\"item\":\"https:\/\/www.delaire.co.za\/\"},{\"@type\":\"ListItem\",\"position\":2,\"name\":\"The Estate\"}]},{\"@type\":\"WebSite\",\"@id\":\"https:\/\/www.delaire.co.za\/#website\",\"url\":\"https:\/\/www.delaire.co.za\/\",\"name\":\"Delaire Graff Estate\",\"description\":\"Delaire Graff Estate\",\"publisher\":{\"@id\":\"https:\/\/www.delaire.co.za\/#organization\"},\"alternateName\":\"Delaire Graff\",\"potentialAction\":[{\"@type\":\"SearchAction\",\"target\":{\"@type\":\"EntryPoint\",\"urlTemplate\":\"https:\/\/www.delaire.co.za\/?s={search_term_string}\"},\"query-input\":{\"@type\":\"PropertyValueSpecification\",\"valueRequired\":true,\"valueName\":\"search_term_string\"}}],\"inLanguage\":\"pt-PT\"},{\"@type\":\"Organization\",\"@id\":\"https:\/\/www.delaire.co.za\/#organization\",\"name\":\"Delaire Graff Estate\",\"alternateName\":\"Delaire Graff\",\"url\":\"https:\/\/www.delaire.co.za\/\",\"logo\":{\"@type\":\"ImageObject\",\"inLanguage\":\"pt-PT\",\"@id\":\"https:\/\/www.delaire.co.za\/#\/schema\/logo\/image\/\",\"url\":\"https:\/\/www.delaire.co.za\/site\/wp-content\/uploads\/696x696.jpg\",\"contentUrl\":\"https:\/\/www.delaire.co.za\/site\/wp-content\/uploads\/696x696.jpg\",\"width\":696,\"height\":696,\"caption\":\"Delaire Graff Estate\"},\"image\":{\"@id\":\"https:\/\/www.delaire.co.za\/#\/schema\/logo\/image\/\"},\"sameAs\":[\"https:\/\/www.facebook.com\/delairegraffestate\",\"https:\/\/www.instagram.com\/delairegraff\/\",\"https:\/\/www.linkedin.com\/company\/delaire-graff-estate\/?viewAsMember=true\",\"https:\/\/za.pinterest.com\/delairegraff\/\"]}]}<\/script>\n<!-- \/ Yoast SEO plugin. -->","yoast_head_json":{"title":"A Quinta | Boutiques, Arte, Jardins e Mais | Delaire Graff","description":"Saiba mais sobre as experi\u00eancias dispon\u00edveis na Delaire Graff Estate. Boutiques \u00fanicas, cole\u00e7\u00f5es de arte, jardins ind\u00edgenas e muito mais em Stellenbosch.","robots":{"index":"index","follow":"follow","max-snippet":"max-snippet:-1","max-image-preview":"max-image-preview:large","max-video-preview":"max-video-preview:-1"},"canonical":"https:\/\/www.delaire.co.za\/pt\/propriedade\/","og_locale":"pt_PT","og_type":"article","og_title":"The Estate ~ Delaire Graff Estate","og_description":"Located in Stellenbosch, Delaire Graff Estate is home to vineyards, a winery and luxury accommodation with exceptional fine dining, boutiques and gardens.","og_url":"https:\/\/www.delaire.co.za\/pt\/propriedade\/","og_site_name":"Delaire Graff Estate","article_publisher":"https:\/\/www.facebook.com\/delairegraffestate","article_modified_time":"2020-08-21T11:51:33+00:00","twitter_card":"summary_large_image","twitter_title":"The Estate ~ Delaire Graff Estate","twitter_description":"Located in Stellenbosch, Delaire Graff Estate is home to vineyards, a winery and luxury accommodation with exceptional fine dining, boutiques and gardens.","schema":{"@context":"https:\/\/schema.org","@graph":[{"@type":"WebPage","@id":"https:\/\/www.delaire.co.za\/estate\/","url":"https:\/\/www.delaire.co.za\/estate\/","name":"A Quinta | Boutiques, Arte, Jardins e Mais | Delaire Graff","isPartOf":{"@id":"https:\/\/www.delaire.co.za\/#website"},"datePublished":"2020-02-20T13:42:55+00:00","dateModified":"2020-08-21T11:51:33+00:00","description":"Saiba mais sobre as experi\u00eancias dispon\u00edveis na Delaire Graff Estate. Boutiques \u00fanicas, cole\u00e7\u00f5es de arte, jardins ind\u00edgenas e muito mais em Stellenbosch.","breadcrumb":{"@id":"https:\/\/www.delaire.co.za\/estate\/#breadcrumb"},"inLanguage":"pt-PT","potentialAction":[{"@type":"ReadAction","target":["https:\/\/www.delaire.co.za\/estate\/"]}]},{"@type":"BreadcrumbList","@id":"https:\/\/www.delaire.co.za\/estate\/#breadcrumb","itemListElement":[{"@type":"ListItem","position":1,"name":"Home","item":"https:\/\/www.delaire.co.za\/"},{"@type":"ListItem","position":2,"name":"The Estate"}]},{"@type":"WebSite","@id":"https:\/\/www.delaire.co.za\/#website","url":"https:\/\/www.delaire.co.za\/","name":"Propriedade Delaire Graff","description":"Propriedade Delaire Graff","publisher":{"@id":"https:\/\/www.delaire.co.za\/#organization"},"alternateName":"Delaire Graff","potentialAction":[{"@type":"SearchAction","target":{"@type":"EntryPoint","urlTemplate":"https:\/\/www.delaire.co.za\/?s={search_term_string}"},"query-input":{"@type":"PropertyValueSpecification","valueRequired":true,"valueName":"search_term_string"}}],"inLanguage":"pt-PT"},{"@type":"Organization","@id":"https:\/\/www.delaire.co.za\/#organization","name":"Propriedade Delaire Graff","alternateName":"Delaire Graff","url":"https:\/\/www.delaire.co.za\/","logo":{"@type":"ImageObject","inLanguage":"pt-PT","@id":"https:\/\/www.delaire.co.za\/#\/schema\/logo\/image\/","url":"https:\/\/www.delaire.co.za\/site\/wp-content\/uploads\/696x696.jpg","contentUrl":"https:\/\/www.delaire.co.za\/site\/wp-content\/uploads\/696x696.jpg","width":696,"height":696,"caption":"Delaire Graff Estate"},"image":{"@id":"https:\/\/www.delaire.co.za\/#\/schema\/logo\/image\/"},"sameAs":["https:\/\/www.facebook.com\/delairegraffestate","https:\/\/www.instagram.com\/delairegraff\/","https:\/\/www.linkedin.com\/company\/delaire-graff-estate\/?viewAsMember=true","https:\/\/za.pinterest.com\/delairegraff\/"]}]}},"wps_subtitle":"","_links":{"self":[{"href":"https:\/\/www.delaire.co.za\/pt\/wp-json\/wp\/v2\/pages\/17"}],"collection":[{"href":"https:\/\/www.delaire.co.za\/pt\/wp-json\/wp\/v2\/pages"}],"about":[{"href":"https:\/\/www.delaire.co.za\/pt\/wp-json\/wp\/v2\/types\/page"}],"author":[{"embeddable":true,"href":"https:\/\/www.delaire.co.za\/pt\/wp-json\/wp\/v2\/users\/1"}],"replies":[{"embeddable":true,"href":"https:\/\/www.delaire.co.za\/pt\/wp-json\/wp\/v2\/comments?post=17"}],"version-history":[{"count":21,"href":"https:\/\/www.delaire.co.za\/pt\/wp-json\/wp\/v2\/pages\/17\/revisions"}],"predecessor-version":[{"id":9944,"href":"https:\/\/www.delaire.co.za\/pt\/wp-json\/wp\/v2\/pages\/17\/revisions\/9944"}],"wp:attachment":[{"href":"https:\/\/www.delaire.co.za\/pt\/wp-json\/wp\/v2\/media?parent=17"}],"curies":[{"name":"wp","href":"https:\/\/api.w.org\/{rel}","templated":true}]}}