{"id":86,"date":"2020-02-28T18:44:30","date_gmt":"2020-02-28T18:44:30","guid":{"rendered":"https:\/\/www.delaire.co.za\/?page_id=86"},"modified":"2026-04-17T09:26:01","modified_gmt":"2026-04-17T07:26:01","slug":"weinlounge","status":"publish","type":"page","link":"https:\/\/www.delaire.co.za\/de\/wine\/wine-lounge\/","title":{"rendered":"Delaire Graff Wine Lounge"},"content":{"rendered":"<h1>Delaire Graff Wine Lounge<\/h1>\n<h2>Weinprobe und mehr<\/h2>\n<p>Im Herzen von S\u00fcdafrikas Weinregionen erleben Sie im Delaire Graff Estate ein Weinverkostungserlebnis wie kein anderes. Hier k\u00f6nnen G\u00e4ste einige der besten s\u00fcdafrikanischen Jahrg\u00e4nge probieren, begleitet von zauberhaften Ausblicken auf den Simonsberg.<\/p>\n<h4>Montag bis Samstag: 10:00 \u2013 18:00 Uhr (letzte Verkostung um 17:00 Uhr)\u00a0<\/h4>\n<h4>Sonntag: 10:00 \u2013 17:00 Uhr (letzte Tischreservierung um 16:30 Uhr)<\/h4>\n<p>&nbsp;<\/p>\n<h4>*<em>Tische werden nach dem Prinzip \u201eWer zuerst kommt, mahlt zuerst\u201c vergeben; Reservierungen sind nicht m\u00f6glich; K\u00fcche schlie\u00dft um 17:00 Uhr *<\/em><\/h4>\n<p>&nbsp;<\/p>\n<p><a class=\"button\" href=\"https:\/\/www.delaire.co.za\/site\/wp-content\/uploads\/Winelounge-Sample-Menu-2-March-2026.pdf\" target=\"_blank\" rel=\"noopener noreferrer\">MEN\u00dc ANZEIGEN<\/a> \u00a0 <a class=\"button\" href=\"https:\/\/store.delaire.co.za\/\" target=\"_blank\" rel=\"noopener noreferrer\">WEINE ONLINE KAUFEN<\/a><\/p>","protected":false},"excerpt":{"rendered":"<p>Delaire Graff Wine Lounge Wine Tasting and More In the heart of South Africa\u2019s Winelands, savour a wine tasting experience like no other at Delaire Graff Estate, where guests can sample some of South Africa\u2019s finest vintages accompanied by spellbinding views across Simonsberg Mountain. Monday to Saturday : 10h00 &#8211; 18h00 (last seating for tasting&#8230;<\/p>","protected":false},"author":1,"featured_media":19425,"parent":24,"menu_order":2,"comment_status":"closed","ping_status":"closed","template":"","meta":{"footnotes":"","_links_to":"","_links_to_target":""},"yoast_head":"<!-- This site is optimized with the Yoast SEO plugin v23.9 - https:\/\/yoast.com\/wordpress\/plugins\/seo\/ -->\n<title>Delaire Graff Wine Tasting, Stellenbosch | Delaire Graff Estate<\/title>\n<meta name=\"description\" content=\"The Delaire Graff Wine Lounge in Stellenbosch offers the opportunity to taste elegant vintages from the Cape Winelands. Visit Delaire Graff Winery\" \/>\n<meta name=\"robots\" content=\"index, follow, max-snippet:-1, max-image-preview:large, max-video-preview:-1\" \/>\n<link rel=\"canonical\" href=\"https:\/\/www.delaire.co.za\/de\/wein\/weinlounge\/\" \/>\n<meta property=\"og:locale\" content=\"de_DE\" \/>\n<meta property=\"og:type\" content=\"article\" \/>\n<meta property=\"og:title\" content=\"Wine Tasting in Stellenbosch ~ Delaire Graff Estate\" \/>\n<meta property=\"og:description\" content=\"For a taste of the Jewel of the Cape Winelands in the most opulent of settings, join our wine tutors in the Wine Lounge each day of the year.\" \/>\n<meta property=\"og:url\" content=\"https:\/\/www.delaire.co.za\/de\/wein\/weinlounge\/\" \/>\n<meta property=\"og:site_name\" content=\"Delaire Graff Estate\" \/>\n<meta property=\"article:publisher\" content=\"https:\/\/www.facebook.com\/delairegraffestate\" \/>\n<meta property=\"article:modified_time\" content=\"2026-04-17T07:26:01+00:00\" \/>\n<meta property=\"og:image\" content=\"https:\/\/www.delaire.co.za\/site\/wp-content\/uploads\/Delaire_Graff_Wine-Lounge-refurbishment_10-1900x1267.jpg\" \/>\n\t<meta property=\"og:image:width\" content=\"1900\" \/>\n\t<meta property=\"og:image:height\" content=\"1267\" \/>\n\t<meta property=\"og:image:type\" content=\"image\/jpeg\" \/>\n<meta name=\"twitter:card\" content=\"summary_large_image\" \/>\n<meta name=\"twitter:title\" content=\"Wine Tasting in Stellenbosch ~ Delaire Graff Estate\" \/>\n<meta name=\"twitter:description\" content=\"For a taste of the Jewel of the Cape Winelands in the most opulent of settings, join our wine tutors in the Wine Lounge each day of the year.\" \/>\n<meta name=\"twitter:label1\" content=\"Gesch\u00e4tzte Lesezeit\" \/>\n\t<meta name=\"twitter:data1\" content=\"1\u00a0Minute\" \/>\n<script type=\"application\/ld+json\" class=\"yoast-schema-graph\">{\"@context\":\"https:\/\/schema.org\",\"@graph\":[{\"@type\":\"WebPage\",\"@id\":\"https:\/\/www.delaire.co.za\/wine\/wine-lounge\/\",\"url\":\"https:\/\/www.delaire.co.za\/wine\/wine-lounge\/\",\"name\":\"Delaire Graff Wine Tasting, Stellenbosch | Delaire Graff Estate\",\"isPartOf\":{\"@id\":\"https:\/\/www.delaire.co.za\/#website\"},\"primaryImageOfPage\":{\"@id\":\"https:\/\/www.delaire.co.za\/wine\/wine-lounge\/#primaryimage\"},\"image\":{\"@id\":\"https:\/\/www.delaire.co.za\/wine\/wine-lounge\/#primaryimage\"},\"thumbnailUrl\":\"https:\/\/www.delaire.co.za\/site\/wp-content\/uploads\/Delaire_Graff_Wine-Lounge-refurbishment_10.jpg\",\"datePublished\":\"2020-02-28T18:44:30+00:00\",\"dateModified\":\"2026-04-17T07:26:01+00:00\",\"description\":\"The Delaire Graff Wine Lounge in Stellenbosch offers the opportunity to taste elegant vintages from the Cape Winelands. Visit Delaire Graff Winery\",\"breadcrumb\":{\"@id\":\"https:\/\/www.delaire.co.za\/wine\/wine-lounge\/#breadcrumb\"},\"inLanguage\":\"de\",\"potentialAction\":[{\"@type\":\"ReadAction\",\"target\":[\"https:\/\/www.delaire.co.za\/wine\/wine-lounge\/\"]}]},{\"@type\":\"ImageObject\",\"inLanguage\":\"de\",\"@id\":\"https:\/\/www.delaire.co.za\/wine\/wine-lounge\/#primaryimage\",\"url\":\"https:\/\/www.delaire.co.za\/site\/wp-content\/uploads\/Delaire_Graff_Wine-Lounge-refurbishment_10.jpg\",\"contentUrl\":\"https:\/\/www.delaire.co.za\/site\/wp-content\/uploads\/Delaire_Graff_Wine-Lounge-refurbishment_10.jpg\",\"width\":3543,\"height\":2362},{\"@type\":\"BreadcrumbList\",\"@id\":\"https:\/\/www.delaire.co.za\/wine\/wine-lounge\/#breadcrumb\",\"itemListElement\":[{\"@type\":\"ListItem\",\"position\":1,\"name\":\"Home\",\"item\":\"https:\/\/www.delaire.co.za\/\"},{\"@type\":\"ListItem\",\"position\":2,\"name\":\"Wine\",\"item\":\"https:\/\/www.delaire.co.za\/wine\/\"},{\"@type\":\"ListItem\",\"position\":3,\"name\":\"Delaire Graff Wine Lounge\"}]},{\"@type\":\"WebSite\",\"@id\":\"https:\/\/www.delaire.co.za\/#website\",\"url\":\"https:\/\/www.delaire.co.za\/\",\"name\":\"Delaire Graff Estate\",\"description\":\"Delaire Graff Estate\",\"publisher\":{\"@id\":\"https:\/\/www.delaire.co.za\/#organization\"},\"alternateName\":\"Delaire Graff\",\"potentialAction\":[{\"@type\":\"SearchAction\",\"target\":{\"@type\":\"EntryPoint\",\"urlTemplate\":\"https:\/\/www.delaire.co.za\/?s={search_term_string}\"},\"query-input\":{\"@type\":\"PropertyValueSpecification\",\"valueRequired\":true,\"valueName\":\"search_term_string\"}}],\"inLanguage\":\"de\"},{\"@type\":\"Organization\",\"@id\":\"https:\/\/www.delaire.co.za\/#organization\",\"name\":\"Delaire Graff Estate\",\"alternateName\":\"Delaire Graff\",\"url\":\"https:\/\/www.delaire.co.za\/\",\"logo\":{\"@type\":\"ImageObject\",\"inLanguage\":\"de\",\"@id\":\"https:\/\/www.delaire.co.za\/#\/schema\/logo\/image\/\",\"url\":\"https:\/\/www.delaire.co.za\/site\/wp-content\/uploads\/696x696.jpg\",\"contentUrl\":\"https:\/\/www.delaire.co.za\/site\/wp-content\/uploads\/696x696.jpg\",\"width\":696,\"height\":696,\"caption\":\"Delaire Graff Estate\"},\"image\":{\"@id\":\"https:\/\/www.delaire.co.za\/#\/schema\/logo\/image\/\"},\"sameAs\":[\"https:\/\/www.facebook.com\/delairegraffestate\",\"https:\/\/www.instagram.com\/delairegraff\/\",\"https:\/\/www.linkedin.com\/company\/delaire-graff-estate\/?viewAsMember=true\",\"https:\/\/za.pinterest.com\/delairegraff\/\"]}]}<\/script>\n<!-- \/ Yoast SEO plugin. -->","yoast_head_json":{"title":"Weinprobe Delaire Graff, Stellenbosch | Delaire Graff Estate","description":"Die Delaire Graff Wine Lounge in Stellenbosch bietet die M\u00f6glichkeit, elegante Jahrg\u00e4nge aus den Weinbergen des Kaps zu verkosten. Besuchen Sie die Delaire Graff Winery","robots":{"index":"index","follow":"follow","max-snippet":"max-snippet:-1","max-image-preview":"max-image-preview:large","max-video-preview":"max-video-preview:-1"},"canonical":"https:\/\/www.delaire.co.za\/de\/wein\/weinlounge\/","og_locale":"de_DE","og_type":"article","og_title":"Wine Tasting in Stellenbosch ~ Delaire Graff Estate","og_description":"For a taste of the Jewel of the Cape Winelands in the most opulent of settings, join our wine tutors in the Wine Lounge each day of the year.","og_url":"https:\/\/www.delaire.co.za\/de\/wein\/weinlounge\/","og_site_name":"Delaire Graff Estate","article_publisher":"https:\/\/www.facebook.com\/delairegraffestate","article_modified_time":"2026-04-17T07:26:01+00:00","og_image":[{"width":1900,"height":1267,"url":"https:\/\/www.delaire.co.za\/site\/wp-content\/uploads\/Delaire_Graff_Wine-Lounge-refurbishment_10-1900x1267.jpg","type":"image\/jpeg"}],"twitter_card":"summary_large_image","twitter_title":"Wine Tasting in Stellenbosch ~ Delaire Graff Estate","twitter_description":"For a taste of the Jewel of the Cape Winelands in the most opulent of settings, join our wine tutors in the Wine Lounge each day of the year.","twitter_misc":{"Gesch\u00e4tzte Lesezeit":"1\u00a0Minute"},"schema":{"@context":"https:\/\/schema.org","@graph":[{"@type":"WebPage","@id":"https:\/\/www.delaire.co.za\/wine\/wine-lounge\/","url":"https:\/\/www.delaire.co.za\/wine\/wine-lounge\/","name":"Weinprobe Delaire Graff, Stellenbosch | Delaire Graff Estate","isPartOf":{"@id":"https:\/\/www.delaire.co.za\/#website"},"primaryImageOfPage":{"@id":"https:\/\/www.delaire.co.za\/wine\/wine-lounge\/#primaryimage"},"image":{"@id":"https:\/\/www.delaire.co.za\/wine\/wine-lounge\/#primaryimage"},"thumbnailUrl":"https:\/\/www.delaire.co.za\/site\/wp-content\/uploads\/Delaire_Graff_Wine-Lounge-refurbishment_10.jpg","datePublished":"2020-02-28T18:44:30+00:00","dateModified":"2026-04-17T07:26:01+00:00","description":"Die Delaire Graff Wine Lounge in Stellenbosch bietet die M\u00f6glichkeit, elegante Jahrg\u00e4nge aus den Weinbergen des Kaps zu verkosten. Besuchen Sie die Delaire Graff Winery","breadcrumb":{"@id":"https:\/\/www.delaire.co.za\/wine\/wine-lounge\/#breadcrumb"},"inLanguage":"de","potentialAction":[{"@type":"ReadAction","target":["https:\/\/www.delaire.co.za\/wine\/wine-lounge\/"]}]},{"@type":"ImageObject","inLanguage":"de","@id":"https:\/\/www.delaire.co.za\/wine\/wine-lounge\/#primaryimage","url":"https:\/\/www.delaire.co.za\/site\/wp-content\/uploads\/Delaire_Graff_Wine-Lounge-refurbishment_10.jpg","contentUrl":"https:\/\/www.delaire.co.za\/site\/wp-content\/uploads\/Delaire_Graff_Wine-Lounge-refurbishment_10.jpg","width":3543,"height":2362},{"@type":"BreadcrumbList","@id":"https:\/\/www.delaire.co.za\/wine\/wine-lounge\/#breadcrumb","itemListElement":[{"@type":"ListItem","position":1,"name":"Home","item":"https:\/\/www.delaire.co.za\/"},{"@type":"ListItem","position":2,"name":"Wine","item":"https:\/\/www.delaire.co.za\/wine\/"},{"@type":"ListItem","position":3,"name":"Delaire Graff Wine Lounge"}]},{"@type":"WebSite","@id":"https:\/\/www.delaire.co.za\/#website","url":"https:\/\/www.delaire.co.za\/","name":"Weingut Delaire Graff","description":"Weingut Delaire Graff","publisher":{"@id":"https:\/\/www.delaire.co.za\/#organization"},"alternateName":"Delaire Graff","potentialAction":[{"@type":"SearchAction","target":{"@type":"EntryPoint","urlTemplate":"https:\/\/www.delaire.co.za\/?s={search_term_string}"},"query-input":{"@type":"PropertyValueSpecification","valueRequired":true,"valueName":"search_term_string"}}],"inLanguage":"de"},{"@type":"Organization","@id":"https:\/\/www.delaire.co.za\/#organization","name":"Weingut Delaire Graff","alternateName":"Delaire Graff","url":"https:\/\/www.delaire.co.za\/","logo":{"@type":"ImageObject","inLanguage":"de","@id":"https:\/\/www.delaire.co.za\/#\/schema\/logo\/image\/","url":"https:\/\/www.delaire.co.za\/site\/wp-content\/uploads\/696x696.jpg","contentUrl":"https:\/\/www.delaire.co.za\/site\/wp-content\/uploads\/696x696.jpg","width":696,"height":696,"caption":"Delaire Graff Estate"},"image":{"@id":"https:\/\/www.delaire.co.za\/#\/schema\/logo\/image\/"},"sameAs":["https:\/\/www.facebook.com\/delairegraffestate","https:\/\/www.instagram.com\/delairegraff\/","https:\/\/www.linkedin.com\/company\/delaire-graff-estate\/?viewAsMember=true","https:\/\/za.pinterest.com\/delairegraff\/"]}]}},"wps_subtitle":"Wine Tasting at Delaire Graff Estate","_links":{"self":[{"href":"https:\/\/www.delaire.co.za\/de\/wp-json\/wp\/v2\/pages\/86"}],"collection":[{"href":"https:\/\/www.delaire.co.za\/de\/wp-json\/wp\/v2\/pages"}],"about":[{"href":"https:\/\/www.delaire.co.za\/de\/wp-json\/wp\/v2\/types\/page"}],"author":[{"embeddable":true,"href":"https:\/\/www.delaire.co.za\/de\/wp-json\/wp\/v2\/users\/1"}],"replies":[{"embeddable":true,"href":"https:\/\/www.delaire.co.za\/de\/wp-json\/wp\/v2\/comments?post=86"}],"version-history":[{"count":136,"href":"https:\/\/www.delaire.co.za\/de\/wp-json\/wp\/v2\/pages\/86\/revisions"}],"predecessor-version":[{"id":20161,"href":"https:\/\/www.delaire.co.za\/de\/wp-json\/wp\/v2\/pages\/86\/revisions\/20161"}],"up":[{"embeddable":true,"href":"https:\/\/www.delaire.co.za\/de\/wp-json\/wp\/v2\/pages\/24"}],"wp:featuredmedia":[{"embeddable":true,"href":"https:\/\/www.delaire.co.za\/de\/wp-json\/wp\/v2\/media\/19425"}],"wp:attachment":[{"href":"https:\/\/www.delaire.co.za\/de\/wp-json\/wp\/v2\/media?parent=86"}],"curies":[{"name":"wp","href":"https:\/\/api.w.org\/{rel}","templated":true}]}}