{"id":74,"date":"2020-07-02T18:42:22","date_gmt":"2020-07-02T17:42:22","guid":{"rendered":"https:\/\/www.delaire.co.za\/?page_id=74"},"modified":"2026-04-17T09:41:04","modified_gmt":"2026-04-17T07:41:04","slug":"100-capri","status":"publish","type":"page","link":"https:\/\/www.delaire.co.za\/de\/estate\/boutiques\/100-capri\/","title":{"rendered":"100% Capri"},"content":{"rendered":"<h1>100% Capri<\/h1>\n<h2 class=\"mini-title\">Auf dem Delaire Graff Estate<\/h2>\n<p>Eine der exklusivsten Boutiquen der Welt, 100% Capri, bietet eine Luxus-Kleidungs- und Haushaltswarenkollektion, die die Essenz von \u201ela dolce vita\u201c verk\u00f6rpert. Einzigartig in Afrika erh\u00e4ltlich auf dem Delaire Graff Estate, ist die Kollektion inspiriert von der atemberaubenden s\u00fcditalienischen Insel Capri, wo sonnenverw\u00f6hnte Tage in begehrenswertem wei\u00dfen Leinen verbracht werden.<\/p>\n<h4>MONTAG BIS SAMSTAG: 10:00\u201318:00 UHR | SONNTAG: 10:00\u201317:00 UHR<\/h4>\n<h4>\u00a0<\/h4>\n<p>&nbsp;<\/p>","protected":false},"excerpt":{"rendered":"<p>100% Capri At delaire graff estate One of the world\u2019s most exclusive boutiques, 100% Capri offers a luxury clothing and homeware range that evokes the essence of la dolce vita. Uniquely available in Africa at Delaire Graff Estate, the range is inspired by the stunning southern Italian island of Capri, where sun-drenched days are spent&#8230;<\/p>","protected":false},"author":1,"featured_media":0,"parent":26,"menu_order":2,"comment_status":"closed","ping_status":"closed","template":"","meta":{"footnotes":"","_links_to":"","_links_to_target":""},"yoast_head":"<!-- This site is optimized with the Yoast SEO plugin v23.9 - https:\/\/yoast.com\/wordpress\/plugins\/seo\/ -->\n<title>100% Capri | Luxury Shopping, Stellenbosch| Delaire Graff Estate<\/title>\n<meta name=\"description\" content=\"Visit 100% Capri store at the Delaire Graff Estate. Discover luxury Italain clothing and homewares, available exclusively in Stellenboach, Cape Town.\" \/>\n<meta name=\"robots\" content=\"index, follow, max-snippet:-1, max-image-preview:large, max-video-preview:-1\" \/>\n<link rel=\"canonical\" href=\"https:\/\/www.delaire.co.za\/de\/grundbesitz\/boutiquen\/100-capri\/\" \/>\n<meta property=\"og:locale\" content=\"de_DE\" \/>\n<meta property=\"og:type\" content=\"article\" \/>\n<meta property=\"og:title\" content=\"100% Capri Boutique ~ Delaire Graff Estate\" \/>\n<meta property=\"og:description\" content=\"100% Capri offers clothing and homeware ranges that evoke the essence of la dolce vita. Exclusive in Africa to Delaire Graff Estate.\" \/>\n<meta property=\"og:url\" content=\"https:\/\/www.delaire.co.za\/de\/grundbesitz\/boutiquen\/100-capri\/\" \/>\n<meta property=\"og:site_name\" content=\"Delaire Graff Estate\" \/>\n<meta property=\"article:publisher\" content=\"https:\/\/www.facebook.com\/delairegraffestate\" \/>\n<meta property=\"article:modified_time\" content=\"2026-04-17T07:41:04+00:00\" \/>\n<meta name=\"twitter:card\" content=\"summary_large_image\" \/>\n<meta name=\"twitter:title\" content=\"100% Capri Boutique ~ Delaire Graff Estate\" \/>\n<meta name=\"twitter:description\" content=\"100% Capri offers clothing and homeware ranges that evoke the essence of la dolce vita. Exclusive in Africa to Delaire Graff Estate.\" \/>\n<meta name=\"twitter:label1\" content=\"Gesch\u00e4tzte Lesezeit\" \/>\n\t<meta name=\"twitter:data1\" content=\"1\u00a0Minute\" \/>\n<script type=\"application\/ld+json\" class=\"yoast-schema-graph\">{\"@context\":\"https:\/\/schema.org\",\"@graph\":[{\"@type\":\"WebPage\",\"@id\":\"https:\/\/www.delaire.co.za\/estate\/boutiques\/100-capri\/\",\"url\":\"https:\/\/www.delaire.co.za\/estate\/boutiques\/100-capri\/\",\"name\":\"100% Capri | Luxury Shopping, Stellenbosch| Delaire Graff Estate\",\"isPartOf\":{\"@id\":\"https:\/\/www.delaire.co.za\/#website\"},\"datePublished\":\"2020-07-02T17:42:22+00:00\",\"dateModified\":\"2026-04-17T07:41:04+00:00\",\"description\":\"Visit 100% Capri store at the Delaire Graff Estate. Discover luxury Italain clothing and homewares, available exclusively in Stellenboach, Cape Town.\",\"breadcrumb\":{\"@id\":\"https:\/\/www.delaire.co.za\/estate\/boutiques\/100-capri\/#breadcrumb\"},\"inLanguage\":\"de\",\"potentialAction\":[{\"@type\":\"ReadAction\",\"target\":[\"https:\/\/www.delaire.co.za\/estate\/boutiques\/100-capri\/\"]}]},{\"@type\":\"BreadcrumbList\",\"@id\":\"https:\/\/www.delaire.co.za\/estate\/boutiques\/100-capri\/#breadcrumb\",\"itemListElement\":[{\"@type\":\"ListItem\",\"position\":1,\"name\":\"Home\",\"item\":\"https:\/\/www.delaire.co.za\/\"},{\"@type\":\"ListItem\",\"position\":2,\"name\":\"The Estate\",\"item\":\"https:\/\/www.delaire.co.za\/estate\/\"},{\"@type\":\"ListItem\",\"position\":3,\"name\":\"The Boutiques\",\"item\":\"https:\/\/www.delaire.co.za\/estate\/boutiques\/\"},{\"@type\":\"ListItem\",\"position\":4,\"name\":\"100% Capri\"}]},{\"@type\":\"WebSite\",\"@id\":\"https:\/\/www.delaire.co.za\/#website\",\"url\":\"https:\/\/www.delaire.co.za\/\",\"name\":\"Delaire Graff Estate\",\"description\":\"Delaire Graff Estate\",\"publisher\":{\"@id\":\"https:\/\/www.delaire.co.za\/#organization\"},\"alternateName\":\"Delaire Graff\",\"potentialAction\":[{\"@type\":\"SearchAction\",\"target\":{\"@type\":\"EntryPoint\",\"urlTemplate\":\"https:\/\/www.delaire.co.za\/?s={search_term_string}\"},\"query-input\":{\"@type\":\"PropertyValueSpecification\",\"valueRequired\":true,\"valueName\":\"search_term_string\"}}],\"inLanguage\":\"de\"},{\"@type\":\"Organization\",\"@id\":\"https:\/\/www.delaire.co.za\/#organization\",\"name\":\"Delaire Graff Estate\",\"alternateName\":\"Delaire Graff\",\"url\":\"https:\/\/www.delaire.co.za\/\",\"logo\":{\"@type\":\"ImageObject\",\"inLanguage\":\"de\",\"@id\":\"https:\/\/www.delaire.co.za\/#\/schema\/logo\/image\/\",\"url\":\"https:\/\/www.delaire.co.za\/site\/wp-content\/uploads\/696x696.jpg\",\"contentUrl\":\"https:\/\/www.delaire.co.za\/site\/wp-content\/uploads\/696x696.jpg\",\"width\":696,\"height\":696,\"caption\":\"Delaire Graff Estate\"},\"image\":{\"@id\":\"https:\/\/www.delaire.co.za\/#\/schema\/logo\/image\/\"},\"sameAs\":[\"https:\/\/www.facebook.com\/delairegraffestate\",\"https:\/\/www.instagram.com\/delairegraff\/\",\"https:\/\/www.linkedin.com\/company\/delaire-graff-estate\/?viewAsMember=true\",\"https:\/\/za.pinterest.com\/delairegraff\/\"]}]}<\/script>\n<!-- \/ Yoast SEO plugin. -->","yoast_head_json":{"title":"100% Capri | Luxus-Shopping, Stellenbosch| Delaire Graff Estate","description":"Besuchen Sie den% Capri Store im Delaire Graff Estate. Entdecken Sie luxuri\u00f6se italienische Kleidung und Haushaltswaren, exklusiv erh\u00e4ltlich in Stellenbosch, Kapstadt.","robots":{"index":"index","follow":"follow","max-snippet":"max-snippet:-1","max-image-preview":"max-image-preview:large","max-video-preview":"max-video-preview:-1"},"canonical":"https:\/\/www.delaire.co.za\/de\/grundbesitz\/boutiquen\/100-capri\/","og_locale":"de_DE","og_type":"article","og_title":"100% Capri Boutique ~ Delaire Graff Estate","og_description":"100% Capri offers clothing and homeware ranges that evoke the essence of la dolce vita. Exclusive in Africa to Delaire Graff Estate.","og_url":"https:\/\/www.delaire.co.za\/de\/grundbesitz\/boutiquen\/100-capri\/","og_site_name":"Delaire Graff Estate","article_publisher":"https:\/\/www.facebook.com\/delairegraffestate","article_modified_time":"2026-04-17T07:41:04+00:00","twitter_card":"summary_large_image","twitter_title":"100% Capri Boutique ~ Delaire Graff Estate","twitter_description":"100% Capri offers clothing and homeware ranges that evoke the essence of la dolce vita. Exclusive in Africa to Delaire Graff Estate.","twitter_misc":{"Gesch\u00e4tzte Lesezeit":"1\u00a0Minute"},"schema":{"@context":"https:\/\/schema.org","@graph":[{"@type":"WebPage","@id":"https:\/\/www.delaire.co.za\/estate\/boutiques\/100-capri\/","url":"https:\/\/www.delaire.co.za\/estate\/boutiques\/100-capri\/","name":"100% Capri | Luxus-Shopping, Stellenbosch| Delaire Graff Estate","isPartOf":{"@id":"https:\/\/www.delaire.co.za\/#website"},"datePublished":"2020-07-02T17:42:22+00:00","dateModified":"2026-04-17T07:41:04+00:00","description":"Besuchen Sie den% Capri Store im Delaire Graff Estate. Entdecken Sie luxuri\u00f6se italienische Kleidung und Haushaltswaren, exklusiv erh\u00e4ltlich in Stellenbosch, Kapstadt.","breadcrumb":{"@id":"https:\/\/www.delaire.co.za\/estate\/boutiques\/100-capri\/#breadcrumb"},"inLanguage":"de","potentialAction":[{"@type":"ReadAction","target":["https:\/\/www.delaire.co.za\/estate\/boutiques\/100-capri\/"]}]},{"@type":"BreadcrumbList","@id":"https:\/\/www.delaire.co.za\/estate\/boutiques\/100-capri\/#breadcrumb","itemListElement":[{"@type":"ListItem","position":1,"name":"Home","item":"https:\/\/www.delaire.co.za\/"},{"@type":"ListItem","position":2,"name":"The Estate","item":"https:\/\/www.delaire.co.za\/estate\/"},{"@type":"ListItem","position":3,"name":"The Boutiques","item":"https:\/\/www.delaire.co.za\/estate\/boutiques\/"},{"@type":"ListItem","position":4,"name":"100% Capri"}]},{"@type":"WebSite","@id":"https:\/\/www.delaire.co.za\/#website","url":"https:\/\/www.delaire.co.za\/","name":"Weingut Delaire Graff","description":"Weingut Delaire Graff","publisher":{"@id":"https:\/\/www.delaire.co.za\/#organization"},"alternateName":"Delaire Graff","potentialAction":[{"@type":"SearchAction","target":{"@type":"EntryPoint","urlTemplate":"https:\/\/www.delaire.co.za\/?s={search_term_string}"},"query-input":{"@type":"PropertyValueSpecification","valueRequired":true,"valueName":"search_term_string"}}],"inLanguage":"de"},{"@type":"Organization","@id":"https:\/\/www.delaire.co.za\/#organization","name":"Weingut Delaire Graff","alternateName":"Delaire Graff","url":"https:\/\/www.delaire.co.za\/","logo":{"@type":"ImageObject","inLanguage":"de","@id":"https:\/\/www.delaire.co.za\/#\/schema\/logo\/image\/","url":"https:\/\/www.delaire.co.za\/site\/wp-content\/uploads\/696x696.jpg","contentUrl":"https:\/\/www.delaire.co.za\/site\/wp-content\/uploads\/696x696.jpg","width":696,"height":696,"caption":"Delaire Graff Estate"},"image":{"@id":"https:\/\/www.delaire.co.za\/#\/schema\/logo\/image\/"},"sameAs":["https:\/\/www.facebook.com\/delairegraffestate","https:\/\/www.instagram.com\/delairegraff\/","https:\/\/www.linkedin.com\/company\/delaire-graff-estate\/?viewAsMember=true","https:\/\/za.pinterest.com\/delairegraff\/"]}]}},"wps_subtitle":"Luxurious linens","_links":{"self":[{"href":"https:\/\/www.delaire.co.za\/de\/wp-json\/wp\/v2\/pages\/74"}],"collection":[{"href":"https:\/\/www.delaire.co.za\/de\/wp-json\/wp\/v2\/pages"}],"about":[{"href":"https:\/\/www.delaire.co.za\/de\/wp-json\/wp\/v2\/types\/page"}],"author":[{"embeddable":true,"href":"https:\/\/www.delaire.co.za\/de\/wp-json\/wp\/v2\/users\/1"}],"replies":[{"embeddable":true,"href":"https:\/\/www.delaire.co.za\/de\/wp-json\/wp\/v2\/comments?post=74"}],"version-history":[{"count":55,"href":"https:\/\/www.delaire.co.za\/de\/wp-json\/wp\/v2\/pages\/74\/revisions"}],"predecessor-version":[{"id":20164,"href":"https:\/\/www.delaire.co.za\/de\/wp-json\/wp\/v2\/pages\/74\/revisions\/20164"}],"up":[{"embeddable":true,"href":"https:\/\/www.delaire.co.za\/de\/wp-json\/wp\/v2\/pages\/26"}],"wp:attachment":[{"href":"https:\/\/www.delaire.co.za\/de\/wp-json\/wp\/v2\/media?parent=74"}],"curies":[{"name":"wp","href":"https:\/\/api.w.org\/{rel}","templated":true}]}}