{"id":72,"date":"2020-06-28T18:42:06","date_gmt":"2020-06-28T17:42:06","guid":{"rendered":"https:\/\/www.delaire.co.za\/?page_id=72"},"modified":"2026-04-17T09:39:31","modified_gmt":"2026-04-17T07:39:31","slug":"graff-boutique","status":"publish","type":"page","link":"https:\/\/www.delaire.co.za\/de\/estate\/boutiques\/graff-boutique\/","title":{"rendered":"Graff Boutique"},"content":{"rendered":"<h1>Graff Boutique<\/h1>\n<h2 class=\"mini-title\">Auf dem Delaire Graff Estate<\/h2>\n<p>Gestaltet im Stil eines intimen Salons empfangen Kaiser-Marmor und indisches Rosenholz die G\u00e4ste in unserem exklusiven Graff-Gesch\u00e4ft. Als ultimativer Genuss f\u00fcr jeden Besucher der Cape Winelands pr\u00e4sentieren sich verlockende Kollektionsst\u00fccke und ikonische Edelsteine, die alle in London von Graffs Meisterhandwerkern handgefertigt wurden.<\/p>\n<h4>MONTAG BIS SAMSTAG: 10:00\u201318:00 UHR | SONNTAG: 10:00\u201317:00 UHR\u00a0<\/h4>\n<h4>\u00a0<\/h4>\n<p><a class=\"initialism spa_form_open button modal\" href=\"mailto:salon@delaire.com\">Graff Gesch\u00e4ftsanfrage<\/a><\/p>","protected":false},"excerpt":{"rendered":"<p>Graff Boutique At Delaire Graff Estate Designed in the style of an intimate salon, Emperor marble and Indian rosewood welcomes guests into our exclusive Graff store. The ultimate indulgence for any visitor to the Cape Winelands, enticing collection pieces and iconic stones are on display, each handmade in London by Graff\u2019s Master Artisans. MONDAY TO&#8230;<\/p>","protected":false},"author":1,"featured_media":0,"parent":26,"menu_order":1,"comment_status":"closed","ping_status":"closed","template":"","meta":{"footnotes":"","_links_to":"","_links_to_target":""},"yoast_head":"<!-- This site is optimized with the Yoast SEO plugin v23.9 - https:\/\/yoast.com\/wordpress\/plugins\/seo\/ -->\n<title>Graff Boutique | Luxury Shopping, Stellenbosch | Delaire Graff<\/title>\n<meta name=\"description\" content=\"Visit The Graff Boutique at the Delaire Graff Estate. Discover fine diamond jewellery and watches, available in Stellenbosch, Cape Town.\" \/>\n<meta name=\"robots\" content=\"index, follow, max-snippet:-1, max-image-preview:large, max-video-preview:-1\" \/>\n<link rel=\"canonical\" href=\"https:\/\/www.delaire.co.za\/de\/grundbesitz\/boutiquen\/graff-boutique\/\" \/>\n<meta property=\"og:locale\" content=\"de_DE\" \/>\n<meta property=\"og:type\" content=\"article\" \/>\n<meta property=\"og:title\" content=\"Graff Diamonds Boutique ~ Delaire Graff Estate\" \/>\n<meta property=\"og:description\" content=\"The Graff Diamonds boutique is the ultimate indulgence for any visitor to the Cape Winelands, with hand selected pieces for our flagship African store.\" \/>\n<meta property=\"og:url\" content=\"https:\/\/www.delaire.co.za\/de\/grundbesitz\/boutiquen\/graff-boutique\/\" \/>\n<meta property=\"og:site_name\" content=\"Delaire Graff Estate\" \/>\n<meta property=\"article:publisher\" content=\"https:\/\/www.facebook.com\/delairegraffestate\" \/>\n<meta property=\"article:modified_time\" content=\"2026-04-17T07:39:31+00:00\" \/>\n<meta name=\"twitter:card\" content=\"summary_large_image\" \/>\n<meta name=\"twitter:title\" content=\"Graff Diamonds Boutique ~ Delaire Graff Estate\" \/>\n<meta name=\"twitter:description\" content=\"The Graff Diamonds boutique is the ultimate indulgence for any visitor to the Cape Winelands, with hand selected pieces for our flagship African store.\" \/>\n<meta name=\"twitter:label1\" content=\"Gesch\u00e4tzte Lesezeit\" \/>\n\t<meta name=\"twitter:data1\" content=\"1\u00a0Minute\" \/>\n<script type=\"application\/ld+json\" class=\"yoast-schema-graph\">{\"@context\":\"https:\/\/schema.org\",\"@graph\":[{\"@type\":\"WebPage\",\"@id\":\"https:\/\/www.delaire.co.za\/estate\/boutiques\/graff-boutique\/\",\"url\":\"https:\/\/www.delaire.co.za\/estate\/boutiques\/graff-boutique\/\",\"name\":\"Graff Boutique | Luxury Shopping, Stellenbosch | Delaire Graff\",\"isPartOf\":{\"@id\":\"https:\/\/www.delaire.co.za\/#website\"},\"datePublished\":\"2020-06-28T17:42:06+00:00\",\"dateModified\":\"2026-04-17T07:39:31+00:00\",\"description\":\"Visit The Graff Boutique at the Delaire Graff Estate. Discover fine diamond jewellery and watches, available in Stellenbosch, Cape Town.\",\"breadcrumb\":{\"@id\":\"https:\/\/www.delaire.co.za\/estate\/boutiques\/graff-boutique\/#breadcrumb\"},\"inLanguage\":\"de\",\"potentialAction\":[{\"@type\":\"ReadAction\",\"target\":[\"https:\/\/www.delaire.co.za\/estate\/boutiques\/graff-boutique\/\"]}]},{\"@type\":\"BreadcrumbList\",\"@id\":\"https:\/\/www.delaire.co.za\/estate\/boutiques\/graff-boutique\/#breadcrumb\",\"itemListElement\":[{\"@type\":\"ListItem\",\"position\":1,\"name\":\"Home\",\"item\":\"https:\/\/www.delaire.co.za\/\"},{\"@type\":\"ListItem\",\"position\":2,\"name\":\"The Estate\",\"item\":\"https:\/\/www.delaire.co.za\/estate\/\"},{\"@type\":\"ListItem\",\"position\":3,\"name\":\"The Boutiques\",\"item\":\"https:\/\/www.delaire.co.za\/estate\/boutiques\/\"},{\"@type\":\"ListItem\",\"position\":4,\"name\":\"Graff Boutique\"}]},{\"@type\":\"WebSite\",\"@id\":\"https:\/\/www.delaire.co.za\/#website\",\"url\":\"https:\/\/www.delaire.co.za\/\",\"name\":\"Delaire Graff Estate\",\"description\":\"Delaire Graff Estate\",\"publisher\":{\"@id\":\"https:\/\/www.delaire.co.za\/#organization\"},\"alternateName\":\"Delaire Graff\",\"potentialAction\":[{\"@type\":\"SearchAction\",\"target\":{\"@type\":\"EntryPoint\",\"urlTemplate\":\"https:\/\/www.delaire.co.za\/?s={search_term_string}\"},\"query-input\":{\"@type\":\"PropertyValueSpecification\",\"valueRequired\":true,\"valueName\":\"search_term_string\"}}],\"inLanguage\":\"de\"},{\"@type\":\"Organization\",\"@id\":\"https:\/\/www.delaire.co.za\/#organization\",\"name\":\"Delaire Graff Estate\",\"alternateName\":\"Delaire Graff\",\"url\":\"https:\/\/www.delaire.co.za\/\",\"logo\":{\"@type\":\"ImageObject\",\"inLanguage\":\"de\",\"@id\":\"https:\/\/www.delaire.co.za\/#\/schema\/logo\/image\/\",\"url\":\"https:\/\/www.delaire.co.za\/site\/wp-content\/uploads\/696x696.jpg\",\"contentUrl\":\"https:\/\/www.delaire.co.za\/site\/wp-content\/uploads\/696x696.jpg\",\"width\":696,\"height\":696,\"caption\":\"Delaire Graff Estate\"},\"image\":{\"@id\":\"https:\/\/www.delaire.co.za\/#\/schema\/logo\/image\/\"},\"sameAs\":[\"https:\/\/www.facebook.com\/delairegraffestate\",\"https:\/\/www.instagram.com\/delairegraff\/\",\"https:\/\/www.linkedin.com\/company\/delaire-graff-estate\/?viewAsMember=true\",\"https:\/\/za.pinterest.com\/delairegraff\/\"]}]}<\/script>\n<!-- \/ Yoast SEO plugin. -->","yoast_head_json":{"title":"Graff Boutique | Luxus-Shopping, Stellenbosch | Delaire Graff","description":"Besuchen Sie die Graff Boutique auf dem Delaire Graff Estate. Entdecken Sie feinen Diamantschmuck und Uhren, erh\u00e4ltlich in Stellenbosch, Kapstadt.","robots":{"index":"index","follow":"follow","max-snippet":"max-snippet:-1","max-image-preview":"max-image-preview:large","max-video-preview":"max-video-preview:-1"},"canonical":"https:\/\/www.delaire.co.za\/de\/grundbesitz\/boutiquen\/graff-boutique\/","og_locale":"de_DE","og_type":"article","og_title":"Graff Diamonds Boutique ~ Delaire Graff Estate","og_description":"The Graff Diamonds boutique is the ultimate indulgence for any visitor to the Cape Winelands, with hand selected pieces for our flagship African store.","og_url":"https:\/\/www.delaire.co.za\/de\/grundbesitz\/boutiquen\/graff-boutique\/","og_site_name":"Delaire Graff Estate","article_publisher":"https:\/\/www.facebook.com\/delairegraffestate","article_modified_time":"2026-04-17T07:39:31+00:00","twitter_card":"summary_large_image","twitter_title":"Graff Diamonds Boutique ~ Delaire Graff Estate","twitter_description":"The Graff Diamonds boutique is the ultimate indulgence for any visitor to the Cape Winelands, with hand selected pieces for our flagship African store.","twitter_misc":{"Gesch\u00e4tzte Lesezeit":"1\u00a0Minute"},"schema":{"@context":"https:\/\/schema.org","@graph":[{"@type":"WebPage","@id":"https:\/\/www.delaire.co.za\/estate\/boutiques\/graff-boutique\/","url":"https:\/\/www.delaire.co.za\/estate\/boutiques\/graff-boutique\/","name":"Graff Boutique | Luxus-Shopping, Stellenbosch | Delaire Graff","isPartOf":{"@id":"https:\/\/www.delaire.co.za\/#website"},"datePublished":"2020-06-28T17:42:06+00:00","dateModified":"2026-04-17T07:39:31+00:00","description":"Besuchen Sie die Graff Boutique auf dem Delaire Graff Estate. Entdecken Sie feinen Diamantschmuck und Uhren, erh\u00e4ltlich in Stellenbosch, Kapstadt.","breadcrumb":{"@id":"https:\/\/www.delaire.co.za\/estate\/boutiques\/graff-boutique\/#breadcrumb"},"inLanguage":"de","potentialAction":[{"@type":"ReadAction","target":["https:\/\/www.delaire.co.za\/estate\/boutiques\/graff-boutique\/"]}]},{"@type":"BreadcrumbList","@id":"https:\/\/www.delaire.co.za\/estate\/boutiques\/graff-boutique\/#breadcrumb","itemListElement":[{"@type":"ListItem","position":1,"name":"Home","item":"https:\/\/www.delaire.co.za\/"},{"@type":"ListItem","position":2,"name":"The Estate","item":"https:\/\/www.delaire.co.za\/estate\/"},{"@type":"ListItem","position":3,"name":"The Boutiques","item":"https:\/\/www.delaire.co.za\/estate\/boutiques\/"},{"@type":"ListItem","position":4,"name":"Graff Boutique"}]},{"@type":"WebSite","@id":"https:\/\/www.delaire.co.za\/#website","url":"https:\/\/www.delaire.co.za\/","name":"Weingut Delaire Graff","description":"Weingut Delaire Graff","publisher":{"@id":"https:\/\/www.delaire.co.za\/#organization"},"alternateName":"Delaire Graff","potentialAction":[{"@type":"SearchAction","target":{"@type":"EntryPoint","urlTemplate":"https:\/\/www.delaire.co.za\/?s={search_term_string}"},"query-input":{"@type":"PropertyValueSpecification","valueRequired":true,"valueName":"search_term_string"}}],"inLanguage":"de"},{"@type":"Organization","@id":"https:\/\/www.delaire.co.za\/#organization","name":"Weingut Delaire Graff","alternateName":"Delaire Graff","url":"https:\/\/www.delaire.co.za\/","logo":{"@type":"ImageObject","inLanguage":"de","@id":"https:\/\/www.delaire.co.za\/#\/schema\/logo\/image\/","url":"https:\/\/www.delaire.co.za\/site\/wp-content\/uploads\/696x696.jpg","contentUrl":"https:\/\/www.delaire.co.za\/site\/wp-content\/uploads\/696x696.jpg","width":696,"height":696,"caption":"Delaire Graff Estate"},"image":{"@id":"https:\/\/www.delaire.co.za\/#\/schema\/logo\/image\/"},"sameAs":["https:\/\/www.facebook.com\/delairegraffestate","https:\/\/www.instagram.com\/delairegraff\/","https:\/\/www.linkedin.com\/company\/delaire-graff-estate\/?viewAsMember=true","https:\/\/za.pinterest.com\/delairegraff\/"]}]}},"wps_subtitle":"","_links":{"self":[{"href":"https:\/\/www.delaire.co.za\/de\/wp-json\/wp\/v2\/pages\/72"}],"collection":[{"href":"https:\/\/www.delaire.co.za\/de\/wp-json\/wp\/v2\/pages"}],"about":[{"href":"https:\/\/www.delaire.co.za\/de\/wp-json\/wp\/v2\/types\/page"}],"author":[{"embeddable":true,"href":"https:\/\/www.delaire.co.za\/de\/wp-json\/wp\/v2\/users\/1"}],"replies":[{"embeddable":true,"href":"https:\/\/www.delaire.co.za\/de\/wp-json\/wp\/v2\/comments?post=72"}],"version-history":[{"count":66,"href":"https:\/\/www.delaire.co.za\/de\/wp-json\/wp\/v2\/pages\/72\/revisions"}],"predecessor-version":[{"id":20162,"href":"https:\/\/www.delaire.co.za\/de\/wp-json\/wp\/v2\/pages\/72\/revisions\/20162"}],"up":[{"embeddable":true,"href":"https:\/\/www.delaire.co.za\/de\/wp-json\/wp\/v2\/pages\/26"}],"wp:attachment":[{"href":"https:\/\/www.delaire.co.za\/de\/wp-json\/wp\/v2\/media?parent=72"}],"curies":[{"name":"wp","href":"https:\/\/api.w.org\/{rel}","templated":true}]}}