{"id":7110,"date":"2020-04-08T14:27:46","date_gmt":"2020-04-08T13:27:46","guid":{"rendered":"https:\/\/www.delaire.co.za\/?page_id=7110"},"modified":"2023-09-15T10:44:47","modified_gmt":"2023-09-15T08:44:47","slug":"nachhaltigkeit","status":"publish","type":"page","link":"https:\/\/www.delaire.co.za\/de\/estate\/sustainability\/","title":{"rendered":"Nachhaltigkeit"},"content":{"rendered":"<h1>Nachhaltigkeit bei Delaire Graff<\/h1>\n<h2 class=\"subheading\">Der Zukunft Afrikas verpflichtet<\/h2>\n<p>Wir engagieren uns f\u00fcr die Zukunft Afrikas und unsere Philosophie im Delaire Graff Estate lautet: \u201cVerantwortungsvoll schaffen, von Herzen geben, keine Spuren hinterlassen\u201d. Dieser Gr\u00fcndungsgedanke treibt viele spannende Initiativen und Innovationen auf dem gesamten Anwesen und in anderen Projekten und Initiativen voran, die von Delaire Graff unterst\u00fctzt werden, wie z. B. der FACET Foundation.<\/p>","protected":false},"excerpt":{"rendered":"<p>Sustainability at Delaire Graff Committed to Africa\u2019s Future We are committed to Africa\u2019s future and our philosophy at Delaire Graff Estate is to \u201cCreate responsibly, Give whole-heartedly, Leave no trace\u201d. This founding principle drives many exciting initiatives and innovations across the Estate and into other projects and initiatives supported by Delaire Graff such as the&#8230;<\/p>","protected":false},"author":3,"featured_media":16892,"parent":17,"menu_order":1,"comment_status":"closed","ping_status":"closed","template":"","meta":{"footnotes":"","_links_to":"","_links_to_target":""},"yoast_head":"<!-- This site is optimized with the Yoast SEO plugin v23.9 - https:\/\/yoast.com\/wordpress\/plugins\/seo\/ -->\n<title>Delaire Graff Estate Sustainability \u2013 Conserving Africa\u2019s Future<\/title>\n<meta name=\"description\" content=\"Explore the sustainability projects &amp; initiatives supported by Delaire Graff Estate, including the FACET Foundation. We are committed to Africa\u2019s future\" \/>\n<meta name=\"robots\" content=\"index, follow, max-snippet:-1, max-image-preview:large, max-video-preview:-1\" \/>\n<link rel=\"canonical\" href=\"https:\/\/www.delaire.co.za\/de\/grundbesitz\/nachhaltigkeit\/\" \/>\n<meta property=\"og:locale\" content=\"de_DE\" \/>\n<meta property=\"og:type\" content=\"article\" \/>\n<meta property=\"og:title\" content=\"Delaire Graff Estate Sustainability \u2013 Conserving Africa\u2019s Future\" \/>\n<meta property=\"og:description\" content=\"Explore the sustainability projects &amp; initiatives supported by Delaire Graff Estate, including the FACET Foundation. We are committed to Africa\u2019s future\" \/>\n<meta property=\"og:url\" content=\"https:\/\/www.delaire.co.za\/de\/grundbesitz\/nachhaltigkeit\/\" \/>\n<meta property=\"og:site_name\" content=\"Delaire Graff Estate\" \/>\n<meta property=\"article:publisher\" content=\"https:\/\/www.facebook.com\/delairegraffestate\" \/>\n<meta property=\"article:modified_time\" content=\"2023-09-15T08:44:47+00:00\" \/>\n<meta property=\"og:image\" content=\"https:\/\/www.delaire.co.za\/site\/wp-content\/uploads\/Copy-of-_MG_1538.jpg\" \/>\n\t<meta property=\"og:image:width\" content=\"1200\" \/>\n\t<meta property=\"og:image:height\" content=\"800\" \/>\n\t<meta property=\"og:image:type\" content=\"image\/jpeg\" \/>\n<meta name=\"twitter:card\" content=\"summary_large_image\" \/>\n<meta name=\"twitter:label1\" content=\"Gesch\u00e4tzte Lesezeit\" \/>\n\t<meta name=\"twitter:data1\" content=\"1\u00a0Minute\" \/>\n<script type=\"application\/ld+json\" class=\"yoast-schema-graph\">{\"@context\":\"https:\/\/schema.org\",\"@graph\":[{\"@type\":\"WebPage\",\"@id\":\"https:\/\/www.delaire.co.za\/estate\/sustainability\/\",\"url\":\"https:\/\/www.delaire.co.za\/estate\/sustainability\/\",\"name\":\"Delaire Graff Estate Sustainability \u2013 Conserving Africa\u2019s Future\",\"isPartOf\":{\"@id\":\"https:\/\/www.delaire.co.za\/#website\"},\"primaryImageOfPage\":{\"@id\":\"https:\/\/www.delaire.co.za\/estate\/sustainability\/#primaryimage\"},\"image\":{\"@id\":\"https:\/\/www.delaire.co.za\/estate\/sustainability\/#primaryimage\"},\"thumbnailUrl\":\"https:\/\/www.delaire.co.za\/site\/wp-content\/uploads\/Copy-of-_MG_1538.jpg\",\"datePublished\":\"2020-04-08T13:27:46+00:00\",\"dateModified\":\"2023-09-15T08:44:47+00:00\",\"description\":\"Explore the sustainability projects & initiatives supported by Delaire Graff Estate, including the FACET Foundation. We are committed to Africa\u2019s future\",\"breadcrumb\":{\"@id\":\"https:\/\/www.delaire.co.za\/estate\/sustainability\/#breadcrumb\"},\"inLanguage\":\"de\",\"potentialAction\":[{\"@type\":\"ReadAction\",\"target\":[\"https:\/\/www.delaire.co.za\/estate\/sustainability\/\"]}]},{\"@type\":\"ImageObject\",\"inLanguage\":\"de\",\"@id\":\"https:\/\/www.delaire.co.za\/estate\/sustainability\/#primaryimage\",\"url\":\"https:\/\/www.delaire.co.za\/site\/wp-content\/uploads\/Copy-of-_MG_1538.jpg\",\"contentUrl\":\"https:\/\/www.delaire.co.za\/site\/wp-content\/uploads\/Copy-of-_MG_1538.jpg\",\"width\":1200,\"height\":800,\"caption\":\"pebbles project children\"},{\"@type\":\"BreadcrumbList\",\"@id\":\"https:\/\/www.delaire.co.za\/estate\/sustainability\/#breadcrumb\",\"itemListElement\":[{\"@type\":\"ListItem\",\"position\":1,\"name\":\"Home\",\"item\":\"https:\/\/www.delaire.co.za\/\"},{\"@type\":\"ListItem\",\"position\":2,\"name\":\"The Estate\",\"item\":\"https:\/\/www.delaire.co.za\/estate\/\"},{\"@type\":\"ListItem\",\"position\":3,\"name\":\"Sustainability\"}]},{\"@type\":\"WebSite\",\"@id\":\"https:\/\/www.delaire.co.za\/#website\",\"url\":\"https:\/\/www.delaire.co.za\/\",\"name\":\"Delaire Graff Estate\",\"description\":\"Delaire Graff Estate\",\"publisher\":{\"@id\":\"https:\/\/www.delaire.co.za\/#organization\"},\"alternateName\":\"Delaire Graff\",\"potentialAction\":[{\"@type\":\"SearchAction\",\"target\":{\"@type\":\"EntryPoint\",\"urlTemplate\":\"https:\/\/www.delaire.co.za\/?s={search_term_string}\"},\"query-input\":{\"@type\":\"PropertyValueSpecification\",\"valueRequired\":true,\"valueName\":\"search_term_string\"}}],\"inLanguage\":\"de\"},{\"@type\":\"Organization\",\"@id\":\"https:\/\/www.delaire.co.za\/#organization\",\"name\":\"Delaire Graff Estate\",\"alternateName\":\"Delaire Graff\",\"url\":\"https:\/\/www.delaire.co.za\/\",\"logo\":{\"@type\":\"ImageObject\",\"inLanguage\":\"de\",\"@id\":\"https:\/\/www.delaire.co.za\/#\/schema\/logo\/image\/\",\"url\":\"https:\/\/www.delaire.co.za\/site\/wp-content\/uploads\/696x696.jpg\",\"contentUrl\":\"https:\/\/www.delaire.co.za\/site\/wp-content\/uploads\/696x696.jpg\",\"width\":696,\"height\":696,\"caption\":\"Delaire Graff Estate\"},\"image\":{\"@id\":\"https:\/\/www.delaire.co.za\/#\/schema\/logo\/image\/\"},\"sameAs\":[\"https:\/\/www.facebook.com\/delairegraffestate\",\"https:\/\/www.instagram.com\/delairegraff\/\",\"https:\/\/www.linkedin.com\/company\/delaire-graff-estate\/?viewAsMember=true\",\"https:\/\/za.pinterest.com\/delairegraff\/\"]}]}<\/script>\n<!-- \/ Yoast SEO plugin. -->","yoast_head_json":{"title":"Delaire Graff Estate Nachhaltigkeit \u2013 Afrikas Zukunft erhalten","description":"Erkunden Sie die Nachhaltigkeitsprojekte &amp; Initiativen, die von Delaire Graff Estate unterst\u00fctzt werden, einschlie\u00dflich der FACET Foundation. Wir engagieren uns f\u00fcr die Zukunft Afrikas","robots":{"index":"index","follow":"follow","max-snippet":"max-snippet:-1","max-image-preview":"max-image-preview:large","max-video-preview":"max-video-preview:-1"},"canonical":"https:\/\/www.delaire.co.za\/de\/grundbesitz\/nachhaltigkeit\/","og_locale":"de_DE","og_type":"article","og_title":"Delaire Graff Estate Sustainability \u2013 Conserving Africa\u2019s Future","og_description":"Explore the sustainability projects & initiatives supported by Delaire Graff Estate, including the FACET Foundation. We are committed to Africa\u2019s future","og_url":"https:\/\/www.delaire.co.za\/de\/grundbesitz\/nachhaltigkeit\/","og_site_name":"Delaire Graff Estate","article_publisher":"https:\/\/www.facebook.com\/delairegraffestate","article_modified_time":"2023-09-15T08:44:47+00:00","og_image":[{"width":1200,"height":800,"url":"https:\/\/www.delaire.co.za\/site\/wp-content\/uploads\/Copy-of-_MG_1538.jpg","type":"image\/jpeg"}],"twitter_card":"summary_large_image","twitter_misc":{"Gesch\u00e4tzte Lesezeit":"1\u00a0Minute"},"schema":{"@context":"https:\/\/schema.org","@graph":[{"@type":"WebPage","@id":"https:\/\/www.delaire.co.za\/estate\/sustainability\/","url":"https:\/\/www.delaire.co.za\/estate\/sustainability\/","name":"Delaire Graff Estate Nachhaltigkeit \u2013 Afrikas Zukunft erhalten","isPartOf":{"@id":"https:\/\/www.delaire.co.za\/#website"},"primaryImageOfPage":{"@id":"https:\/\/www.delaire.co.za\/estate\/sustainability\/#primaryimage"},"image":{"@id":"https:\/\/www.delaire.co.za\/estate\/sustainability\/#primaryimage"},"thumbnailUrl":"https:\/\/www.delaire.co.za\/site\/wp-content\/uploads\/Copy-of-_MG_1538.jpg","datePublished":"2020-04-08T13:27:46+00:00","dateModified":"2023-09-15T08:44:47+00:00","description":"Erkunden Sie die Nachhaltigkeitsprojekte &amp; Initiativen, die von Delaire Graff Estate unterst\u00fctzt werden, einschlie\u00dflich der FACET Foundation. Wir engagieren uns f\u00fcr die Zukunft Afrikas","breadcrumb":{"@id":"https:\/\/www.delaire.co.za\/estate\/sustainability\/#breadcrumb"},"inLanguage":"de","potentialAction":[{"@type":"ReadAction","target":["https:\/\/www.delaire.co.za\/estate\/sustainability\/"]}]},{"@type":"ImageObject","inLanguage":"de","@id":"https:\/\/www.delaire.co.za\/estate\/sustainability\/#primaryimage","url":"https:\/\/www.delaire.co.za\/site\/wp-content\/uploads\/Copy-of-_MG_1538.jpg","contentUrl":"https:\/\/www.delaire.co.za\/site\/wp-content\/uploads\/Copy-of-_MG_1538.jpg","width":1200,"height":800,"caption":"pebbles project children"},{"@type":"BreadcrumbList","@id":"https:\/\/www.delaire.co.za\/estate\/sustainability\/#breadcrumb","itemListElement":[{"@type":"ListItem","position":1,"name":"Home","item":"https:\/\/www.delaire.co.za\/"},{"@type":"ListItem","position":2,"name":"The Estate","item":"https:\/\/www.delaire.co.za\/estate\/"},{"@type":"ListItem","position":3,"name":"Sustainability"}]},{"@type":"WebSite","@id":"https:\/\/www.delaire.co.za\/#website","url":"https:\/\/www.delaire.co.za\/","name":"Weingut Delaire Graff","description":"Weingut Delaire Graff","publisher":{"@id":"https:\/\/www.delaire.co.za\/#organization"},"alternateName":"Delaire Graff","potentialAction":[{"@type":"SearchAction","target":{"@type":"EntryPoint","urlTemplate":"https:\/\/www.delaire.co.za\/?s={search_term_string}"},"query-input":{"@type":"PropertyValueSpecification","valueRequired":true,"valueName":"search_term_string"}}],"inLanguage":"de"},{"@type":"Organization","@id":"https:\/\/www.delaire.co.za\/#organization","name":"Weingut Delaire Graff","alternateName":"Delaire Graff","url":"https:\/\/www.delaire.co.za\/","logo":{"@type":"ImageObject","inLanguage":"de","@id":"https:\/\/www.delaire.co.za\/#\/schema\/logo\/image\/","url":"https:\/\/www.delaire.co.za\/site\/wp-content\/uploads\/696x696.jpg","contentUrl":"https:\/\/www.delaire.co.za\/site\/wp-content\/uploads\/696x696.jpg","width":696,"height":696,"caption":"Delaire Graff Estate"},"image":{"@id":"https:\/\/www.delaire.co.za\/#\/schema\/logo\/image\/"},"sameAs":["https:\/\/www.facebook.com\/delairegraffestate","https:\/\/www.instagram.com\/delairegraff\/","https:\/\/www.linkedin.com\/company\/delaire-graff-estate\/?viewAsMember=true","https:\/\/za.pinterest.com\/delairegraff\/"]}]}},"wps_subtitle":"","_links":{"self":[{"href":"https:\/\/www.delaire.co.za\/de\/wp-json\/wp\/v2\/pages\/7110"}],"collection":[{"href":"https:\/\/www.delaire.co.za\/de\/wp-json\/wp\/v2\/pages"}],"about":[{"href":"https:\/\/www.delaire.co.za\/de\/wp-json\/wp\/v2\/types\/page"}],"author":[{"embeddable":true,"href":"https:\/\/www.delaire.co.za\/de\/wp-json\/wp\/v2\/users\/3"}],"replies":[{"embeddable":true,"href":"https:\/\/www.delaire.co.za\/de\/wp-json\/wp\/v2\/comments?post=7110"}],"version-history":[{"count":4,"href":"https:\/\/www.delaire.co.za\/de\/wp-json\/wp\/v2\/pages\/7110\/revisions"}],"predecessor-version":[{"id":16471,"href":"https:\/\/www.delaire.co.za\/de\/wp-json\/wp\/v2\/pages\/7110\/revisions\/16471"}],"up":[{"embeddable":true,"href":"https:\/\/www.delaire.co.za\/de\/wp-json\/wp\/v2\/pages\/17"}],"wp:featuredmedia":[{"embeddable":true,"href":"https:\/\/www.delaire.co.za\/de\/wp-json\/wp\/v2\/media\/16892"}],"wp:attachment":[{"href":"https:\/\/www.delaire.co.za\/de\/wp-json\/wp\/v2\/media?parent=7110"}],"curies":[{"name":"wp","href":"https:\/\/api.w.org\/{rel}","templated":true}]}}