{"id":63,"date":"2020-03-15T18:40:36","date_gmt":"2020-03-15T18:40:36","guid":{"rendered":"https:\/\/www.delaire.co.za\/?page_id=63"},"modified":"2024-06-10T14:44:46","modified_gmt":"2024-06-10T12:44:46","slug":"privates-speisen","status":"publish","type":"page","link":"https:\/\/www.delaire.co.za\/de\/dine\/private-dining\/","title":{"rendered":"Private Dining &amp; Veranstaltungen"},"content":{"rendered":"<h1>Private Dining &amp; Veranstaltungen<\/h1>\n<h2 class=\"subheading\">Ma\u00dfgeschneidert<\/h2>\n<p>Genie\u00dfen Sie das Delaire Graff Estate Erlebnis in einer spektakul\u00e4ren Kulisse, die auf Sie zugeschnitten ist. Private und gesch\u00e4ftliche Veranstaltungen auf dem Delaire Graff Estate vereinen au\u00dfergew\u00f6hnliches Essen, Sektempf\u00e4nge und Feierlichkeiten mit erstklassiger Gastfreundschaft.<\/p>\n<p>&nbsp;<\/p>","protected":false},"excerpt":{"rendered":"<p>Private Dining &amp; Events Tailored to Perfection Enjoy the Delaire Graff Estate experience in a spectacular setting, tailored to you. Bespoke private and business events at Delaire Graff Estate are where exceptional dining, drinks receptions and celebrations are partnered with world-class hospitality. &nbsp;<\/p>","protected":false},"author":1,"featured_media":16464,"parent":22,"menu_order":4,"comment_status":"closed","ping_status":"closed","template":"","meta":{"footnotes":"","_links_to":"","_links_to_target":""},"yoast_head":"<!-- This site is optimized with the Yoast SEO plugin v23.9 - https:\/\/yoast.com\/wordpress\/plugins\/seo\/ -->\n<title>Private Dining, Celebrations &amp; Events | Delaire Graff Estate<\/title>\n<meta name=\"description\" content=\"The Delaire Graff Estate in Stellenbosch offers bespoke private &amp; business events with exceptional dining &amp; drinks receptions. Book with Delaire Graff\" \/>\n<meta name=\"robots\" content=\"index, follow, max-snippet:-1, max-image-preview:large, max-video-preview:-1\" \/>\n<link rel=\"canonical\" href=\"https:\/\/www.delaire.co.za\/de\/mittagessen\/privates-speisen\/\" \/>\n<meta property=\"og:locale\" content=\"de_DE\" \/>\n<meta property=\"og:type\" content=\"article\" \/>\n<meta property=\"og:title\" content=\"Events and Private Dining ~ Delaire Graff Estate\" \/>\n<meta property=\"og:description\" content=\"For more information about organising events at the Estate, please email or call +27 21 885 8160.\" \/>\n<meta property=\"og:url\" content=\"https:\/\/www.delaire.co.za\/de\/mittagessen\/privates-speisen\/\" \/>\n<meta property=\"og:site_name\" content=\"Delaire Graff Estate\" \/>\n<meta property=\"article:publisher\" content=\"https:\/\/www.facebook.com\/delairegraffestate\" \/>\n<meta property=\"article:modified_time\" content=\"2024-06-10T12:44:46+00:00\" \/>\n<meta property=\"og:image\" content=\"https:\/\/www.delaire.co.za\/site\/wp-content\/uploads\/Vinoteque-Private-Dining-Feature-Image.jpg\" \/>\n\t<meta property=\"og:image:width\" content=\"3000\" \/>\n\t<meta property=\"og:image:height\" content=\"1687\" \/>\n\t<meta property=\"og:image:type\" content=\"image\/jpeg\" \/>\n<meta name=\"twitter:card\" content=\"summary_large_image\" \/>\n<meta name=\"twitter:title\" content=\"Events and Private Dining ~ Delaire Graff Estate\" \/>\n<meta name=\"twitter:description\" content=\"For more information about organising events at the Estate, please email or call +27 21 885 8160.\" \/>\n<meta name=\"twitter:label1\" content=\"Gesch\u00e4tzte Lesezeit\" \/>\n\t<meta name=\"twitter:data1\" content=\"1\u00a0Minute\" \/>\n<script type=\"application\/ld+json\" class=\"yoast-schema-graph\">{\"@context\":\"https:\/\/schema.org\",\"@graph\":[{\"@type\":\"WebPage\",\"@id\":\"https:\/\/www.delaire.co.za\/dine\/private-dining\/\",\"url\":\"https:\/\/www.delaire.co.za\/dine\/private-dining\/\",\"name\":\"Private Dining, Celebrations & Events | Delaire Graff Estate\",\"isPartOf\":{\"@id\":\"https:\/\/www.delaire.co.za\/#website\"},\"primaryImageOfPage\":{\"@id\":\"https:\/\/www.delaire.co.za\/dine\/private-dining\/#primaryimage\"},\"image\":{\"@id\":\"https:\/\/www.delaire.co.za\/dine\/private-dining\/#primaryimage\"},\"thumbnailUrl\":\"https:\/\/www.delaire.co.za\/site\/wp-content\/uploads\/Vinoteque-Private-Dining-Feature-Image.jpg\",\"datePublished\":\"2020-03-15T18:40:36+00:00\",\"dateModified\":\"2024-06-10T12:44:46+00:00\",\"description\":\"The Delaire Graff Estate in Stellenbosch offers bespoke private & business events with exceptional dining & drinks receptions. Book with Delaire Graff\",\"breadcrumb\":{\"@id\":\"https:\/\/www.delaire.co.za\/dine\/private-dining\/#breadcrumb\"},\"inLanguage\":\"de\",\"potentialAction\":[{\"@type\":\"ReadAction\",\"target\":[\"https:\/\/www.delaire.co.za\/dine\/private-dining\/\"]}]},{\"@type\":\"ImageObject\",\"inLanguage\":\"de\",\"@id\":\"https:\/\/www.delaire.co.za\/dine\/private-dining\/#primaryimage\",\"url\":\"https:\/\/www.delaire.co.za\/site\/wp-content\/uploads\/Vinoteque-Private-Dining-Feature-Image.jpg\",\"contentUrl\":\"https:\/\/www.delaire.co.za\/site\/wp-content\/uploads\/Vinoteque-Private-Dining-Feature-Image.jpg\",\"width\":3000,\"height\":1687,\"caption\":\"Vinoteque Private Dining Room\"},{\"@type\":\"BreadcrumbList\",\"@id\":\"https:\/\/www.delaire.co.za\/dine\/private-dining\/#breadcrumb\",\"itemListElement\":[{\"@type\":\"ListItem\",\"position\":1,\"name\":\"Home\",\"item\":\"https:\/\/www.delaire.co.za\/\"},{\"@type\":\"ListItem\",\"position\":2,\"name\":\"Dine\",\"item\":\"https:\/\/www.delaire.co.za\/dine\/\"},{\"@type\":\"ListItem\",\"position\":3,\"name\":\"Private Dining &#038; Events\"}]},{\"@type\":\"WebSite\",\"@id\":\"https:\/\/www.delaire.co.za\/#website\",\"url\":\"https:\/\/www.delaire.co.za\/\",\"name\":\"Delaire Graff Estate\",\"description\":\"Delaire Graff Estate\",\"publisher\":{\"@id\":\"https:\/\/www.delaire.co.za\/#organization\"},\"alternateName\":\"Delaire Graff\",\"potentialAction\":[{\"@type\":\"SearchAction\",\"target\":{\"@type\":\"EntryPoint\",\"urlTemplate\":\"https:\/\/www.delaire.co.za\/?s={search_term_string}\"},\"query-input\":{\"@type\":\"PropertyValueSpecification\",\"valueRequired\":true,\"valueName\":\"search_term_string\"}}],\"inLanguage\":\"de\"},{\"@type\":\"Organization\",\"@id\":\"https:\/\/www.delaire.co.za\/#organization\",\"name\":\"Delaire Graff Estate\",\"alternateName\":\"Delaire Graff\",\"url\":\"https:\/\/www.delaire.co.za\/\",\"logo\":{\"@type\":\"ImageObject\",\"inLanguage\":\"de\",\"@id\":\"https:\/\/www.delaire.co.za\/#\/schema\/logo\/image\/\",\"url\":\"https:\/\/www.delaire.co.za\/site\/wp-content\/uploads\/696x696.jpg\",\"contentUrl\":\"https:\/\/www.delaire.co.za\/site\/wp-content\/uploads\/696x696.jpg\",\"width\":696,\"height\":696,\"caption\":\"Delaire Graff Estate\"},\"image\":{\"@id\":\"https:\/\/www.delaire.co.za\/#\/schema\/logo\/image\/\"},\"sameAs\":[\"https:\/\/www.facebook.com\/delairegraffestate\",\"https:\/\/www.instagram.com\/delairegraff\/\",\"https:\/\/www.linkedin.com\/company\/delaire-graff-estate\/?viewAsMember=true\",\"https:\/\/za.pinterest.com\/delairegraff\/\"]}]}<\/script>\n<!-- \/ Yoast SEO plugin. -->","yoast_head_json":{"title":"Private Dining, Feiern &amp; Events | Delaire Graff Estate","description":"Das Delaire Graff Estate in Stellenbosch bietet ma\u00dfgeschneiderte private und gesch\u00e4ftliche Veranstaltungen mit au\u00dfergew\u00f6hnlichem Essen und Getr\u00e4nkeempf\u00e4ngen. Buchen Sie bei Delaire Graff.","robots":{"index":"index","follow":"follow","max-snippet":"max-snippet:-1","max-image-preview":"max-image-preview:large","max-video-preview":"max-video-preview:-1"},"canonical":"https:\/\/www.delaire.co.za\/de\/mittagessen\/privates-speisen\/","og_locale":"de_DE","og_type":"article","og_title":"Events and Private Dining ~ Delaire Graff Estate","og_description":"For more information about organising events at the Estate, please email or call +27 21 885 8160.","og_url":"https:\/\/www.delaire.co.za\/de\/mittagessen\/privates-speisen\/","og_site_name":"Delaire Graff Estate","article_publisher":"https:\/\/www.facebook.com\/delairegraffestate","article_modified_time":"2024-06-10T12:44:46+00:00","og_image":[{"width":3000,"height":1687,"url":"https:\/\/www.delaire.co.za\/site\/wp-content\/uploads\/Vinoteque-Private-Dining-Feature-Image.jpg","type":"image\/jpeg"}],"twitter_card":"summary_large_image","twitter_title":"Events and Private Dining ~ Delaire Graff Estate","twitter_description":"For more information about organising events at the Estate, please email or call +27 21 885 8160.","twitter_misc":{"Gesch\u00e4tzte Lesezeit":"1\u00a0Minute"},"schema":{"@context":"https:\/\/schema.org","@graph":[{"@type":"WebPage","@id":"https:\/\/www.delaire.co.za\/dine\/private-dining\/","url":"https:\/\/www.delaire.co.za\/dine\/private-dining\/","name":"Private Dining, Feiern &amp; Events | Delaire Graff Estate","isPartOf":{"@id":"https:\/\/www.delaire.co.za\/#website"},"primaryImageOfPage":{"@id":"https:\/\/www.delaire.co.za\/dine\/private-dining\/#primaryimage"},"image":{"@id":"https:\/\/www.delaire.co.za\/dine\/private-dining\/#primaryimage"},"thumbnailUrl":"https:\/\/www.delaire.co.za\/site\/wp-content\/uploads\/Vinoteque-Private-Dining-Feature-Image.jpg","datePublished":"2020-03-15T18:40:36+00:00","dateModified":"2024-06-10T12:44:46+00:00","description":"Das Delaire Graff Estate in Stellenbosch bietet ma\u00dfgeschneiderte private und gesch\u00e4ftliche Veranstaltungen mit au\u00dfergew\u00f6hnlichem Essen und Getr\u00e4nkeempf\u00e4ngen. Buchen Sie bei Delaire Graff.","breadcrumb":{"@id":"https:\/\/www.delaire.co.za\/dine\/private-dining\/#breadcrumb"},"inLanguage":"de","potentialAction":[{"@type":"ReadAction","target":["https:\/\/www.delaire.co.za\/dine\/private-dining\/"]}]},{"@type":"ImageObject","inLanguage":"de","@id":"https:\/\/www.delaire.co.za\/dine\/private-dining\/#primaryimage","url":"https:\/\/www.delaire.co.za\/site\/wp-content\/uploads\/Vinoteque-Private-Dining-Feature-Image.jpg","contentUrl":"https:\/\/www.delaire.co.za\/site\/wp-content\/uploads\/Vinoteque-Private-Dining-Feature-Image.jpg","width":3000,"height":1687,"caption":"Vinoteque Private Dining Room"},{"@type":"BreadcrumbList","@id":"https:\/\/www.delaire.co.za\/dine\/private-dining\/#breadcrumb","itemListElement":[{"@type":"ListItem","position":1,"name":"Home","item":"https:\/\/www.delaire.co.za\/"},{"@type":"ListItem","position":2,"name":"Dine","item":"https:\/\/www.delaire.co.za\/dine\/"},{"@type":"ListItem","position":3,"name":"Private Dining &#038; Events"}]},{"@type":"WebSite","@id":"https:\/\/www.delaire.co.za\/#website","url":"https:\/\/www.delaire.co.za\/","name":"Weingut Delaire Graff","description":"Weingut Delaire Graff","publisher":{"@id":"https:\/\/www.delaire.co.za\/#organization"},"alternateName":"Delaire Graff","potentialAction":[{"@type":"SearchAction","target":{"@type":"EntryPoint","urlTemplate":"https:\/\/www.delaire.co.za\/?s={search_term_string}"},"query-input":{"@type":"PropertyValueSpecification","valueRequired":true,"valueName":"search_term_string"}}],"inLanguage":"de"},{"@type":"Organization","@id":"https:\/\/www.delaire.co.za\/#organization","name":"Weingut Delaire Graff","alternateName":"Delaire Graff","url":"https:\/\/www.delaire.co.za\/","logo":{"@type":"ImageObject","inLanguage":"de","@id":"https:\/\/www.delaire.co.za\/#\/schema\/logo\/image\/","url":"https:\/\/www.delaire.co.za\/site\/wp-content\/uploads\/696x696.jpg","contentUrl":"https:\/\/www.delaire.co.za\/site\/wp-content\/uploads\/696x696.jpg","width":696,"height":696,"caption":"Delaire Graff Estate"},"image":{"@id":"https:\/\/www.delaire.co.za\/#\/schema\/logo\/image\/"},"sameAs":["https:\/\/www.facebook.com\/delairegraffestate","https:\/\/www.instagram.com\/delairegraff\/","https:\/\/www.linkedin.com\/company\/delaire-graff-estate\/?viewAsMember=true","https:\/\/za.pinterest.com\/delairegraff\/"]}]}},"wps_subtitle":"Tailored to Perfection","_links":{"self":[{"href":"https:\/\/www.delaire.co.za\/de\/wp-json\/wp\/v2\/pages\/63"}],"collection":[{"href":"https:\/\/www.delaire.co.za\/de\/wp-json\/wp\/v2\/pages"}],"about":[{"href":"https:\/\/www.delaire.co.za\/de\/wp-json\/wp\/v2\/types\/page"}],"author":[{"embeddable":true,"href":"https:\/\/www.delaire.co.za\/de\/wp-json\/wp\/v2\/users\/1"}],"replies":[{"embeddable":true,"href":"https:\/\/www.delaire.co.za\/de\/wp-json\/wp\/v2\/comments?post=63"}],"version-history":[{"count":83,"href":"https:\/\/www.delaire.co.za\/de\/wp-json\/wp\/v2\/pages\/63\/revisions"}],"predecessor-version":[{"id":18203,"href":"https:\/\/www.delaire.co.za\/de\/wp-json\/wp\/v2\/pages\/63\/revisions\/18203"}],"up":[{"embeddable":true,"href":"https:\/\/www.delaire.co.za\/de\/wp-json\/wp\/v2\/pages\/22"}],"wp:featuredmedia":[{"embeddable":true,"href":"https:\/\/www.delaire.co.za\/de\/wp-json\/wp\/v2\/media\/16464"}],"wp:attachment":[{"href":"https:\/\/www.delaire.co.za\/de\/wp-json\/wp\/v2\/media?parent=63"}],"curies":[{"name":"wp","href":"https:\/\/api.w.org\/{rel}","templated":true}]}}