{"id":48,"date":"2020-03-28T13:39:27","date_gmt":"2020-03-28T13:39:27","guid":{"rendered":"https:\/\/www.delaire.co.za\/?page_id=48"},"modified":"2026-03-05T13:07:08","modified_gmt":"2026-03-05T11:07:08","slug":"logierpreise","status":"publish","type":"page","link":"https:\/\/www.delaire.co.za\/de\/stay\/lodge-rates\/","title":{"rendered":"Villen- und Lodge-Preise"},"content":{"rendered":"<h1 style=\"text-align: center;\">Lodge Preise<\/h1>\n<p class=\"subheading\" style=\"text-align: center;\">2025 \u2013 2027<\/p>\n<p style=\"text-align: center;\">Preise sind in ZAR (S\u00fcdafrikanischer Rand) angegeben und beinhalten die Mehrwertsteuer. Wir behalten uns das Recht vor, diese Preise zu \u00fcberpr\u00fcfen.<\/p>\n<p>&nbsp;<\/p>\n<table class=\"lodge-rates lodge-rates--multiple lodge-rates--lined\"><tr><th>Lodge \/ Villa Type<\/th><th>Nebensaison<br>(01.05.25 \u2013 30.09.25)<\/th><th>Hochsaison<br>(01.10.25 \u2013 30.04.26)<\/th><th>Nebensaison<br>(01.05.26 \u2013 30.09.26)<\/th><th>Hochsaison<br>(01.10.26 - 30.04.27)<\/th><\/tr><tr><td>Garten-Lodges<\/td><td>ZAR 27.500<\/td><td>ZAR 39 000<\/td><td>30.000 ZAR<\/td><td>ZAR 42.500<\/td><\/tr><tr><td>Luxuri\u00f6se Lodges<\/td><td>32.000 ZAR<\/td><td>ZAR 48.000<\/td><td>ZAR 35 000<\/td><td>ZAR 52.000<\/td><\/tr><tr><td>Superior Lodges<\/td><td>ZAR 38.000<\/td><td>50 000 ZAR<\/td><td>40.000 ZAR<\/td><td>54.000 ZAR<\/td><\/tr><tr><td>Pr\u00e4sidialloge 1 <span class=\"lodge-rates__guests\">(4 guests)<\/span><\/td><td>ZAR 65.000<\/td><td>91.000 ZAR<\/td><td>70 000 ZAR<\/td><td>98.000 ZAR<\/td><\/tr><tr><td>Pr\u00e4sidialloge 2 <span class=\"lodge-rates__guests\">(4 guests)<\/span><\/td><td>ZAR 57.000<\/td><td>85.000 ZAR<\/td><td>ZAR 62.000<\/td><td>91.000 ZAR<\/td><\/tr><tr><td>Villa des Eigent\u00fcmers <span class=\"lodge-rates__guests\">(8 guests)<\/span><\/td><td>P.o.A.<\/td><td>P.o.A.<\/td><td>P.o.A.<\/td><td>P.o.A.<\/td><\/tr><tr><td>Zusatzbettgeb\u00fchr<\/td><td>3,000 ZAR*<\/td><td>3,000 ZAR*<\/td><td>3,000 ZAR*<\/td><td>3,500 ZAR*<\/td><\/tr><\/table>\n<p>&nbsp;<\/p>\n<p style=\"text-align: left;\">\u00a0<\/p>","protected":false},"excerpt":{"rendered":"<p>Lodge Rates 2025 &#8211; 2027 Prices indicated in ZAR (South African Rand) and are VAT inclusive. We reserve the right to review these rates. &nbsp; &nbsp; \u00a0<\/p>","protected":false},"author":1,"featured_media":0,"parent":20,"menu_order":5,"comment_status":"closed","ping_status":"closed","template":"","meta":{"footnotes":"","_links_to":"","_links_to_target":""},"yoast_head":"<!-- This site is optimized with the Yoast SEO plugin v23.9 - https:\/\/yoast.com\/wordpress\/plugins\/seo\/ -->\n<title>Lodge Rates | Delaire Graff Estate<\/title>\n<meta name=\"description\" content=\"Reserve luxury accomodation in Stellenbosch with a stay at the Lodges &amp; Spa, the ultimate escape to the winelands.\" \/>\n<meta name=\"robots\" content=\"index, follow, max-snippet:-1, max-image-preview:large, max-video-preview:-1\" \/>\n<link rel=\"canonical\" href=\"https:\/\/www.delaire.co.za\/de\/bleiben\/logierpreise\/\" \/>\n<meta property=\"og:locale\" content=\"de_DE\" \/>\n<meta property=\"og:type\" content=\"article\" \/>\n<meta property=\"og:title\" content=\"Lodge Rates ~ Delaire Graff Estate\" \/>\n<meta property=\"og:description\" content=\"Reserve luxury accomodation in Stellenbosch with a stay at the Lodges &amp; Spa, the ultimate escape to the winelands.\" \/>\n<meta property=\"og:url\" content=\"https:\/\/www.delaire.co.za\/de\/bleiben\/logierpreise\/\" \/>\n<meta property=\"og:site_name\" content=\"Delaire Graff Estate\" \/>\n<meta property=\"article:publisher\" content=\"https:\/\/www.facebook.com\/delairegraffestate\" \/>\n<meta property=\"article:modified_time\" content=\"2026-03-05T11:07:08+00:00\" \/>\n<meta name=\"twitter:card\" content=\"summary_large_image\" \/>\n<meta name=\"twitter:title\" content=\"Lodge Rates ~ Delaire Graff Estate\" \/>\n<meta name=\"twitter:description\" content=\"Reserve luxury accomodation in Stellenbosch with a stay at the Lodges &amp; Spa, the ultimate escape to the winelands.\" \/>\n<meta name=\"twitter:label1\" content=\"Gesch\u00e4tzte Lesezeit\" \/>\n\t<meta name=\"twitter:data1\" content=\"1\u00a0Minute\" \/>\n<script type=\"application\/ld+json\" class=\"yoast-schema-graph\">{\"@context\":\"https:\/\/schema.org\",\"@graph\":[{\"@type\":\"WebPage\",\"@id\":\"https:\/\/www.delaire.co.za\/stay\/lodge-rates\/\",\"url\":\"https:\/\/www.delaire.co.za\/stay\/lodge-rates\/\",\"name\":\"Lodge Rates | Delaire Graff Estate\",\"isPartOf\":{\"@id\":\"https:\/\/www.delaire.co.za\/#website\"},\"datePublished\":\"2020-03-28T13:39:27+00:00\",\"dateModified\":\"2026-03-05T11:07:08+00:00\",\"description\":\"Reserve luxury accomodation in Stellenbosch with a stay at the Lodges & Spa, the ultimate escape to the winelands.\",\"breadcrumb\":{\"@id\":\"https:\/\/www.delaire.co.za\/stay\/lodge-rates\/#breadcrumb\"},\"inLanguage\":\"de\",\"potentialAction\":[{\"@type\":\"ReadAction\",\"target\":[\"https:\/\/www.delaire.co.za\/stay\/lodge-rates\/\"]}]},{\"@type\":\"BreadcrumbList\",\"@id\":\"https:\/\/www.delaire.co.za\/stay\/lodge-rates\/#breadcrumb\",\"itemListElement\":[{\"@type\":\"ListItem\",\"position\":1,\"name\":\"Home\",\"item\":\"https:\/\/www.delaire.co.za\/\"},{\"@type\":\"ListItem\",\"position\":2,\"name\":\"Stay\",\"item\":\"https:\/\/www.delaire.co.za\/stay\/\"},{\"@type\":\"ListItem\",\"position\":3,\"name\":\"Villa and Lodge Rates\"}]},{\"@type\":\"WebSite\",\"@id\":\"https:\/\/www.delaire.co.za\/#website\",\"url\":\"https:\/\/www.delaire.co.za\/\",\"name\":\"Delaire Graff Estate\",\"description\":\"Delaire Graff Estate\",\"publisher\":{\"@id\":\"https:\/\/www.delaire.co.za\/#organization\"},\"alternateName\":\"Delaire Graff\",\"potentialAction\":[{\"@type\":\"SearchAction\",\"target\":{\"@type\":\"EntryPoint\",\"urlTemplate\":\"https:\/\/www.delaire.co.za\/?s={search_term_string}\"},\"query-input\":{\"@type\":\"PropertyValueSpecification\",\"valueRequired\":true,\"valueName\":\"search_term_string\"}}],\"inLanguage\":\"de\"},{\"@type\":\"Organization\",\"@id\":\"https:\/\/www.delaire.co.za\/#organization\",\"name\":\"Delaire Graff Estate\",\"alternateName\":\"Delaire Graff\",\"url\":\"https:\/\/www.delaire.co.za\/\",\"logo\":{\"@type\":\"ImageObject\",\"inLanguage\":\"de\",\"@id\":\"https:\/\/www.delaire.co.za\/#\/schema\/logo\/image\/\",\"url\":\"https:\/\/www.delaire.co.za\/site\/wp-content\/uploads\/696x696.jpg\",\"contentUrl\":\"https:\/\/www.delaire.co.za\/site\/wp-content\/uploads\/696x696.jpg\",\"width\":696,\"height\":696,\"caption\":\"Delaire Graff Estate\"},\"image\":{\"@id\":\"https:\/\/www.delaire.co.za\/#\/schema\/logo\/image\/\"},\"sameAs\":[\"https:\/\/www.facebook.com\/delairegraffestate\",\"https:\/\/www.instagram.com\/delairegraff\/\",\"https:\/\/www.linkedin.com\/company\/delaire-graff-estate\/?viewAsMember=true\",\"https:\/\/za.pinterest.com\/delairegraff\/\"]}]}<\/script>\n<!-- \/ Yoast SEO plugin. -->","yoast_head_json":{"title":"Unterkunftspreise | Delaire Graff Estate","description":"Buchen Sie luxuri\u00f6se Unterk\u00fcnfte in Stellenbosch mit einem Aufenthalt im Lodges &amp; Spa, dem ultimativen Ausflug in die Weinregion.","robots":{"index":"index","follow":"follow","max-snippet":"max-snippet:-1","max-image-preview":"max-image-preview:large","max-video-preview":"max-video-preview:-1"},"canonical":"https:\/\/www.delaire.co.za\/de\/bleiben\/logierpreise\/","og_locale":"de_DE","og_type":"article","og_title":"Lodge Rates ~ Delaire Graff Estate","og_description":"Reserve luxury accomodation in Stellenbosch with a stay at the Lodges & Spa, the ultimate escape to the winelands.","og_url":"https:\/\/www.delaire.co.za\/de\/bleiben\/logierpreise\/","og_site_name":"Delaire Graff Estate","article_publisher":"https:\/\/www.facebook.com\/delairegraffestate","article_modified_time":"2026-03-05T11:07:08+00:00","twitter_card":"summary_large_image","twitter_title":"Lodge Rates ~ Delaire Graff Estate","twitter_description":"Reserve luxury accomodation in Stellenbosch with a stay at the Lodges & Spa, the ultimate escape to the winelands.","twitter_misc":{"Gesch\u00e4tzte Lesezeit":"1\u00a0Minute"},"schema":{"@context":"https:\/\/schema.org","@graph":[{"@type":"WebPage","@id":"https:\/\/www.delaire.co.za\/stay\/lodge-rates\/","url":"https:\/\/www.delaire.co.za\/stay\/lodge-rates\/","name":"Unterkunftspreise | Delaire Graff Estate","isPartOf":{"@id":"https:\/\/www.delaire.co.za\/#website"},"datePublished":"2020-03-28T13:39:27+00:00","dateModified":"2026-03-05T11:07:08+00:00","description":"Buchen Sie luxuri\u00f6se Unterk\u00fcnfte in Stellenbosch mit einem Aufenthalt im Lodges &amp; Spa, dem ultimativen Ausflug in die Weinregion.","breadcrumb":{"@id":"https:\/\/www.delaire.co.za\/stay\/lodge-rates\/#breadcrumb"},"inLanguage":"de","potentialAction":[{"@type":"ReadAction","target":["https:\/\/www.delaire.co.za\/stay\/lodge-rates\/"]}]},{"@type":"BreadcrumbList","@id":"https:\/\/www.delaire.co.za\/stay\/lodge-rates\/#breadcrumb","itemListElement":[{"@type":"ListItem","position":1,"name":"Home","item":"https:\/\/www.delaire.co.za\/"},{"@type":"ListItem","position":2,"name":"Stay","item":"https:\/\/www.delaire.co.za\/stay\/"},{"@type":"ListItem","position":3,"name":"Villa and Lodge Rates"}]},{"@type":"WebSite","@id":"https:\/\/www.delaire.co.za\/#website","url":"https:\/\/www.delaire.co.za\/","name":"Weingut Delaire Graff","description":"Weingut Delaire Graff","publisher":{"@id":"https:\/\/www.delaire.co.za\/#organization"},"alternateName":"Delaire Graff","potentialAction":[{"@type":"SearchAction","target":{"@type":"EntryPoint","urlTemplate":"https:\/\/www.delaire.co.za\/?s={search_term_string}"},"query-input":{"@type":"PropertyValueSpecification","valueRequired":true,"valueName":"search_term_string"}}],"inLanguage":"de"},{"@type":"Organization","@id":"https:\/\/www.delaire.co.za\/#organization","name":"Weingut Delaire Graff","alternateName":"Delaire Graff","url":"https:\/\/www.delaire.co.za\/","logo":{"@type":"ImageObject","inLanguage":"de","@id":"https:\/\/www.delaire.co.za\/#\/schema\/logo\/image\/","url":"https:\/\/www.delaire.co.za\/site\/wp-content\/uploads\/696x696.jpg","contentUrl":"https:\/\/www.delaire.co.za\/site\/wp-content\/uploads\/696x696.jpg","width":696,"height":696,"caption":"Delaire Graff Estate"},"image":{"@id":"https:\/\/www.delaire.co.za\/#\/schema\/logo\/image\/"},"sameAs":["https:\/\/www.facebook.com\/delairegraffestate","https:\/\/www.instagram.com\/delairegraff\/","https:\/\/www.linkedin.com\/company\/delaire-graff-estate\/?viewAsMember=true","https:\/\/za.pinterest.com\/delairegraff\/"]}]}},"wps_subtitle":"2025 - 2027","_links":{"self":[{"href":"https:\/\/www.delaire.co.za\/de\/wp-json\/wp\/v2\/pages\/48"}],"collection":[{"href":"https:\/\/www.delaire.co.za\/de\/wp-json\/wp\/v2\/pages"}],"about":[{"href":"https:\/\/www.delaire.co.za\/de\/wp-json\/wp\/v2\/types\/page"}],"author":[{"embeddable":true,"href":"https:\/\/www.delaire.co.za\/de\/wp-json\/wp\/v2\/users\/1"}],"replies":[{"embeddable":true,"href":"https:\/\/www.delaire.co.za\/de\/wp-json\/wp\/v2\/comments?post=48"}],"version-history":[{"count":235,"href":"https:\/\/www.delaire.co.za\/de\/wp-json\/wp\/v2\/pages\/48\/revisions"}],"predecessor-version":[{"id":6275,"href":"https:\/\/www.delaire.co.za\/de\/wp-json\/wp\/v2\/pages\/48\/revisions\/6275"}],"up":[{"embeddable":true,"href":"https:\/\/www.delaire.co.za\/de\/wp-json\/wp\/v2\/pages\/20"}],"wp:attachment":[{"href":"https:\/\/www.delaire.co.za\/de\/wp-json\/wp\/v2\/media?parent=48"}],"curies":[{"name":"wp","href":"https:\/\/api.w.org\/{rel}","templated":true}]}}