{"id":400,"date":"2020-06-03T12:49:46","date_gmt":"2020-06-03T11:49:46","guid":{"rendered":"https:\/\/www.delaire.co.za\/?page_id=400"},"modified":"2025-10-13T12:48:58","modified_gmt":"2025-10-13T10:48:58","slug":"kontakt","status":"publish","type":"page","link":"https:\/\/www.delaire.co.za\/de\/contact\/","title":{"rendered":"Kontakt"},"content":{"rendered":"<h1>Kontakt<\/h1>\n<p class=\"subheading\">Reservierungen, FAQs und Anfahrtsbeschreibung<\/p>\n<p>Die Delaire Graff Estate liegt zwischen den weltbekannten Weinregionen Stellenbosch und Franschhoek, etwa 50 Minuten vom internationalen Flughafen Kapstadt entfernt und ideal gelegen, um die Kap-Weinregionen zu entdecken. F\u00fcr G\u00e4ste der Lodge und der Villa steht ein privater Transferservice zur Delaire Graff Estate zur Verf\u00fcgung.<\/p>\n<h1>Delaire Graff Estate wiederer\u00f6ffnet \u2013 Einjuwel neu interpretiert<\/h1>\n<p>Das Weingeb\u00e4ude auf dem Delaire Graff Estate, in dem sich das Delaire Graff Restaurant, unsere Weinlounge, Lorenzo\u2019s Cucina Italiana sowie die Boutiquen Graff und 100% Capri befinden, wurde am 1. Oktober 2025 nach einer umfassenden Renovierung wiederer\u00f6ffnet.<\/p>\n<p><strong>\u00a0<\/strong><\/p>\n<p>Geleitet von der Vision des legend\u00e4ren Diamantaschleifers und Anwesenbesitzers Laurence Graff OBE hat das luxuri\u00f6se Innenarchitekturb\u00fcro David Collins Studio faszinierende neue Interieurs geschaffen, die traditionelle Materialien, Techniken und Handwerkskunst zelebrieren, die einzigartig f\u00fcr S\u00fcdafrika sind. Architektonische Beleuchtung schafft eine erhabene, zeitlose Kulisse und wirft einen goldenen Schein auf erdige und texturierte Naturmaterialien, darunter dramatische dunkel gebeizte H\u00f6lzer, Bronzebeschl\u00e4ge und opulente, reich ge\u00e4derte Marmore mit strahlenden, farbenfrohen Akzenten in sonnenaufgangs-Orange und lavendel-Violett.<\/p>","protected":false},"excerpt":{"rendered":"<p>Contact Us reservations, fAQS AND DIRECTIONS Set between the world-renowned wine regions of Stellenbosch and Franschhoek, Delaire Graff Estate is located approximately 50 minutes from Cape Town International Airport and ideally situated for discovering the Cape Winelands. A private transfer service is available to Delaire Graff Estate for Lodge and Villa guests. Delaire Graff Estate&#8230;<\/p>","protected":false},"author":5,"featured_media":8153,"parent":0,"menu_order":5,"comment_status":"closed","ping_status":"closed","template":"","meta":{"footnotes":"","_links_to":"","_links_to_target":""},"yoast_head":"<!-- This site is optimized with the Yoast SEO plugin v23.9 - https:\/\/yoast.com\/wordpress\/plugins\/seo\/ -->\n<title>Contact Us | Enquire About All Services | Delaire Graff Estate<\/title>\n<meta name=\"description\" content=\"We&#039;re always glad to hear from you, find details of how you can contact us and get directions to Delaire Graff Estate here.\" \/>\n<meta name=\"robots\" content=\"index, follow, max-snippet:-1, max-image-preview:large, max-video-preview:-1\" \/>\n<link rel=\"canonical\" href=\"https:\/\/www.delaire.co.za\/de\/kontakt\/\" \/>\n<meta property=\"og:locale\" content=\"de_DE\" \/>\n<meta property=\"og:type\" content=\"article\" \/>\n<meta property=\"og:title\" content=\"Estate Map ~ Delaire Graff Estate\" \/>\n<meta property=\"og:description\" content=\"Discover all Delaire Graff Estate has to offer with our virtual map to help plan your visit.\" \/>\n<meta property=\"og:url\" content=\"https:\/\/www.delaire.co.za\/de\/kontakt\/\" \/>\n<meta property=\"og:site_name\" content=\"Delaire Graff Estate\" \/>\n<meta property=\"article:publisher\" content=\"https:\/\/www.facebook.com\/delairegraffestate\" \/>\n<meta property=\"article:modified_time\" content=\"2025-10-13T10:48:58+00:00\" \/>\n<meta property=\"og:image\" content=\"https:\/\/www.delaire.co.za\/site\/wp-content\/uploads\/2020\/07\/Drawers-Estate-Your-Visit-at-Delaire-Graff-Estate-Stellenbosch-South-Africa.jpg\" \/>\n\t<meta property=\"og:image:width\" content=\"1500\" \/>\n\t<meta property=\"og:image:height\" content=\"950\" \/>\n\t<meta property=\"og:image:type\" content=\"image\/jpeg\" \/>\n<meta name=\"twitter:card\" content=\"summary_large_image\" \/>\n<meta name=\"twitter:title\" content=\"Estate Map ~ Delaire Graff Estate\" \/>\n<meta name=\"twitter:description\" content=\"Discover all Delaire Graff Estate has to offer with our virtual map to help plan your visit.\" \/>\n<meta name=\"twitter:label1\" content=\"Gesch\u00e4tzte Lesezeit\" \/>\n\t<meta name=\"twitter:data1\" content=\"1\u00a0Minute\" \/>\n<script type=\"application\/ld+json\" class=\"yoast-schema-graph\">{\"@context\":\"https:\/\/schema.org\",\"@graph\":[{\"@type\":\"WebPage\",\"@id\":\"https:\/\/www.delaire.co.za\/contact\/\",\"url\":\"https:\/\/www.delaire.co.za\/contact\/\",\"name\":\"Contact Us | Enquire About All Services | Delaire Graff Estate\",\"isPartOf\":{\"@id\":\"https:\/\/www.delaire.co.za\/#website\"},\"primaryImageOfPage\":{\"@id\":\"https:\/\/www.delaire.co.za\/contact\/#primaryimage\"},\"image\":{\"@id\":\"https:\/\/www.delaire.co.za\/contact\/#primaryimage\"},\"thumbnailUrl\":\"https:\/\/www.delaire.co.za\/site\/wp-content\/uploads\/2020\/07\/Drawers-Estate-Your-Visit-at-Delaire-Graff-Estate-Stellenbosch-South-Africa.jpg\",\"datePublished\":\"2020-06-03T11:49:46+00:00\",\"dateModified\":\"2025-10-13T10:48:58+00:00\",\"description\":\"We're always glad to hear from you, find details of how you can contact us and get directions to Delaire Graff Estate here.\",\"breadcrumb\":{\"@id\":\"https:\/\/www.delaire.co.za\/contact\/#breadcrumb\"},\"inLanguage\":\"de\",\"potentialAction\":[{\"@type\":\"ReadAction\",\"target\":[\"https:\/\/www.delaire.co.za\/contact\/\"]}]},{\"@type\":\"ImageObject\",\"inLanguage\":\"de\",\"@id\":\"https:\/\/www.delaire.co.za\/contact\/#primaryimage\",\"url\":\"https:\/\/www.delaire.co.za\/site\/wp-content\/uploads\/2020\/07\/Drawers-Estate-Your-Visit-at-Delaire-Graff-Estate-Stellenbosch-South-Africa.jpg\",\"contentUrl\":\"https:\/\/www.delaire.co.za\/site\/wp-content\/uploads\/2020\/07\/Drawers-Estate-Your-Visit-at-Delaire-Graff-Estate-Stellenbosch-South-Africa.jpg\",\"width\":1500,\"height\":950},{\"@type\":\"BreadcrumbList\",\"@id\":\"https:\/\/www.delaire.co.za\/contact\/#breadcrumb\",\"itemListElement\":[{\"@type\":\"ListItem\",\"position\":1,\"name\":\"Home\",\"item\":\"https:\/\/www.delaire.co.za\/\"},{\"@type\":\"ListItem\",\"position\":2,\"name\":\"Contact Us\"}]},{\"@type\":\"WebSite\",\"@id\":\"https:\/\/www.delaire.co.za\/#website\",\"url\":\"https:\/\/www.delaire.co.za\/\",\"name\":\"Delaire Graff Estate\",\"description\":\"Delaire Graff Estate\",\"publisher\":{\"@id\":\"https:\/\/www.delaire.co.za\/#organization\"},\"alternateName\":\"Delaire Graff\",\"potentialAction\":[{\"@type\":\"SearchAction\",\"target\":{\"@type\":\"EntryPoint\",\"urlTemplate\":\"https:\/\/www.delaire.co.za\/?s={search_term_string}\"},\"query-input\":{\"@type\":\"PropertyValueSpecification\",\"valueRequired\":true,\"valueName\":\"search_term_string\"}}],\"inLanguage\":\"de\"},{\"@type\":\"Organization\",\"@id\":\"https:\/\/www.delaire.co.za\/#organization\",\"name\":\"Delaire Graff Estate\",\"alternateName\":\"Delaire Graff\",\"url\":\"https:\/\/www.delaire.co.za\/\",\"logo\":{\"@type\":\"ImageObject\",\"inLanguage\":\"de\",\"@id\":\"https:\/\/www.delaire.co.za\/#\/schema\/logo\/image\/\",\"url\":\"https:\/\/www.delaire.co.za\/site\/wp-content\/uploads\/696x696.jpg\",\"contentUrl\":\"https:\/\/www.delaire.co.za\/site\/wp-content\/uploads\/696x696.jpg\",\"width\":696,\"height\":696,\"caption\":\"Delaire Graff Estate\"},\"image\":{\"@id\":\"https:\/\/www.delaire.co.za\/#\/schema\/logo\/image\/\"},\"sameAs\":[\"https:\/\/www.facebook.com\/delairegraffestate\",\"https:\/\/www.instagram.com\/delairegraff\/\",\"https:\/\/www.linkedin.com\/company\/delaire-graff-estate\/?viewAsMember=true\",\"https:\/\/za.pinterest.com\/delairegraff\/\"]}]}<\/script>\n<!-- \/ Yoast SEO plugin. -->","yoast_head_json":{"title":"Kontakt | Informationen zu allen Dienstleistungen | Delaire Graff Estate","description":"Wir freuen uns immer, von Ihnen zu h\u00f6ren. Details, wie Sie uns kontaktieren k\u00f6nnen, und Wegbeschreibungen zum Delaire Graff Estate finden Sie hier.","robots":{"index":"index","follow":"follow","max-snippet":"max-snippet:-1","max-image-preview":"max-image-preview:large","max-video-preview":"max-video-preview:-1"},"canonical":"https:\/\/www.delaire.co.za\/de\/kontakt\/","og_locale":"de_DE","og_type":"article","og_title":"Estate Map ~ Delaire Graff Estate","og_description":"Discover all Delaire Graff Estate has to offer with our virtual map to help plan your visit.","og_url":"https:\/\/www.delaire.co.za\/de\/kontakt\/","og_site_name":"Delaire Graff Estate","article_publisher":"https:\/\/www.facebook.com\/delairegraffestate","article_modified_time":"2025-10-13T10:48:58+00:00","og_image":[{"width":1500,"height":950,"url":"https:\/\/www.delaire.co.za\/site\/wp-content\/uploads\/2020\/07\/Drawers-Estate-Your-Visit-at-Delaire-Graff-Estate-Stellenbosch-South-Africa.jpg","type":"image\/jpeg"}],"twitter_card":"summary_large_image","twitter_title":"Estate Map ~ Delaire Graff Estate","twitter_description":"Discover all Delaire Graff Estate has to offer with our virtual map to help plan your visit.","twitter_misc":{"Gesch\u00e4tzte Lesezeit":"1\u00a0Minute"},"schema":{"@context":"https:\/\/schema.org","@graph":[{"@type":"WebPage","@id":"https:\/\/www.delaire.co.za\/contact\/","url":"https:\/\/www.delaire.co.za\/contact\/","name":"Kontakt | Informationen zu allen Dienstleistungen | Delaire Graff Estate","isPartOf":{"@id":"https:\/\/www.delaire.co.za\/#website"},"primaryImageOfPage":{"@id":"https:\/\/www.delaire.co.za\/contact\/#primaryimage"},"image":{"@id":"https:\/\/www.delaire.co.za\/contact\/#primaryimage"},"thumbnailUrl":"https:\/\/www.delaire.co.za\/site\/wp-content\/uploads\/2020\/07\/Drawers-Estate-Your-Visit-at-Delaire-Graff-Estate-Stellenbosch-South-Africa.jpg","datePublished":"2020-06-03T11:49:46+00:00","dateModified":"2025-10-13T10:48:58+00:00","description":"Wir freuen uns immer, von Ihnen zu h\u00f6ren. Details, wie Sie uns kontaktieren k\u00f6nnen, und Wegbeschreibungen zum Delaire Graff Estate finden Sie hier.","breadcrumb":{"@id":"https:\/\/www.delaire.co.za\/contact\/#breadcrumb"},"inLanguage":"de","potentialAction":[{"@type":"ReadAction","target":["https:\/\/www.delaire.co.za\/contact\/"]}]},{"@type":"ImageObject","inLanguage":"de","@id":"https:\/\/www.delaire.co.za\/contact\/#primaryimage","url":"https:\/\/www.delaire.co.za\/site\/wp-content\/uploads\/2020\/07\/Drawers-Estate-Your-Visit-at-Delaire-Graff-Estate-Stellenbosch-South-Africa.jpg","contentUrl":"https:\/\/www.delaire.co.za\/site\/wp-content\/uploads\/2020\/07\/Drawers-Estate-Your-Visit-at-Delaire-Graff-Estate-Stellenbosch-South-Africa.jpg","width":1500,"height":950},{"@type":"BreadcrumbList","@id":"https:\/\/www.delaire.co.za\/contact\/#breadcrumb","itemListElement":[{"@type":"ListItem","position":1,"name":"Home","item":"https:\/\/www.delaire.co.za\/"},{"@type":"ListItem","position":2,"name":"Contact Us"}]},{"@type":"WebSite","@id":"https:\/\/www.delaire.co.za\/#website","url":"https:\/\/www.delaire.co.za\/","name":"Weingut Delaire Graff","description":"Weingut Delaire Graff","publisher":{"@id":"https:\/\/www.delaire.co.za\/#organization"},"alternateName":"Delaire Graff","potentialAction":[{"@type":"SearchAction","target":{"@type":"EntryPoint","urlTemplate":"https:\/\/www.delaire.co.za\/?s={search_term_string}"},"query-input":{"@type":"PropertyValueSpecification","valueRequired":true,"valueName":"search_term_string"}}],"inLanguage":"de"},{"@type":"Organization","@id":"https:\/\/www.delaire.co.za\/#organization","name":"Weingut Delaire Graff","alternateName":"Delaire Graff","url":"https:\/\/www.delaire.co.za\/","logo":{"@type":"ImageObject","inLanguage":"de","@id":"https:\/\/www.delaire.co.za\/#\/schema\/logo\/image\/","url":"https:\/\/www.delaire.co.za\/site\/wp-content\/uploads\/696x696.jpg","contentUrl":"https:\/\/www.delaire.co.za\/site\/wp-content\/uploads\/696x696.jpg","width":696,"height":696,"caption":"Delaire Graff Estate"},"image":{"@id":"https:\/\/www.delaire.co.za\/#\/schema\/logo\/image\/"},"sameAs":["https:\/\/www.facebook.com\/delairegraffestate","https:\/\/www.instagram.com\/delairegraff\/","https:\/\/www.linkedin.com\/company\/delaire-graff-estate\/?viewAsMember=true","https:\/\/za.pinterest.com\/delairegraff\/"]}]}},"wps_subtitle":"","_links":{"self":[{"href":"https:\/\/www.delaire.co.za\/de\/wp-json\/wp\/v2\/pages\/400"}],"collection":[{"href":"https:\/\/www.delaire.co.za\/de\/wp-json\/wp\/v2\/pages"}],"about":[{"href":"https:\/\/www.delaire.co.za\/de\/wp-json\/wp\/v2\/types\/page"}],"author":[{"embeddable":true,"href":"https:\/\/www.delaire.co.za\/de\/wp-json\/wp\/v2\/users\/5"}],"replies":[{"embeddable":true,"href":"https:\/\/www.delaire.co.za\/de\/wp-json\/wp\/v2\/comments?post=400"}],"version-history":[{"count":42,"href":"https:\/\/www.delaire.co.za\/de\/wp-json\/wp\/v2\/pages\/400\/revisions"}],"predecessor-version":[{"id":19402,"href":"https:\/\/www.delaire.co.za\/de\/wp-json\/wp\/v2\/pages\/400\/revisions\/19402"}],"wp:featuredmedia":[{"embeddable":true,"href":"https:\/\/www.delaire.co.za\/de\/wp-json\/wp\/v2\/media\/8153"}],"wp:attachment":[{"href":"https:\/\/www.delaire.co.za\/de\/wp-json\/wp\/v2\/media?parent=400"}],"curies":[{"name":"wp","href":"https:\/\/api.w.org\/{rel}","templated":true}]}}