{"id":398,"date":"2020-02-14T12:49:11","date_gmt":"2020-02-14T12:49:11","guid":{"rendered":"https:\/\/www.delaire.co.za\/?page_id=398"},"modified":"2024-06-10T09:28:24","modified_gmt":"2024-06-10T07:28:24","slug":"die-kunstgarten","status":"publish","type":"page","link":"https:\/\/www.delaire.co.za\/de\/estate\/the-art-gardens\/","title":{"rendered":"Die Kunst und die G\u00e4rten"},"content":{"rendered":"<h1>Die Kunst und die G\u00e4rten<\/h1>\n<h2 class=\"subheading\">Eine au\u00dfergew\u00f6hnliche Farbpalette<\/h2>\n<p>Ein botanisches Paradies inmitten einer dramatischen Bergkulisse, entdecken Sie Hektar ruhiger G\u00e4rten, die den wechselnden Jahreszeiten Rechnung tragen. Jeden Tag des Jahres spektakul\u00e4r in voller Bl\u00fcte, dient das Anwesen als unglaubliche Kulisse f\u00fcr Kunst und Skulpturen, wo Laurence Graffs pers\u00f6nliche Sammlung sorgf\u00e4ltig kuratiert ist, um die besten zeitgen\u00f6ssischen s\u00fcdafrikanischen K\u00fcnstler zu pr\u00e4sentieren.<\/p>","protected":false},"excerpt":{"rendered":"<p>The Art and Gardens AN EXTRAORDINARY COLOUR PALETTE A botanical paradise nestled within a dramatic mountain setting, discover acres of tranquil gardens planted to reflect the changing seasons. Spectacularly in bloom every day of the year, the Estate acts as an incredible backdrop for art and sculpture, where Laurence Graff\u2019s personal collection is carefully curated&#8230;<\/p>","protected":false},"author":5,"featured_media":16508,"parent":17,"menu_order":3,"comment_status":"closed","ping_status":"closed","template":"","meta":{"footnotes":"","_links_to":"","_links_to_target":""},"yoast_head":"<!-- This site is optimized with the Yoast SEO plugin v23.9 - https:\/\/yoast.com\/wordpress\/plugins\/seo\/ -->\n<title>Delaire Graff Estate Art &amp; Gardens | Stellenbosch, SA | Delaire Graff<\/title>\n<meta name=\"description\" content=\"Discover the Delaire Graff Estate art and gardens. A botanical paradise full of biodiversity nestled amongst art, sculpture &amp; water features. Visit today.\" \/>\n<meta name=\"robots\" content=\"index, follow, max-snippet:-1, max-image-preview:large, max-video-preview:-1\" \/>\n<link rel=\"canonical\" href=\"https:\/\/www.delaire.co.za\/de\/grundbesitz\/die-kunstgarten\/\" \/>\n<meta property=\"og:locale\" content=\"de_DE\" \/>\n<meta property=\"og:type\" content=\"article\" \/>\n<meta property=\"og:title\" content=\"The Gardens ~ Delaire Graff Estate\" \/>\n<meta property=\"og:description\" content=\"The floral Estate gardens greet guests 365 days a year. Sculptures, rippling water features and reflective pools that nestle amongst several plant varieties\" \/>\n<meta property=\"og:url\" content=\"https:\/\/www.delaire.co.za\/de\/grundbesitz\/die-kunstgarten\/\" \/>\n<meta property=\"og:site_name\" content=\"Delaire Graff Estate\" \/>\n<meta property=\"article:publisher\" content=\"https:\/\/www.facebook.com\/delairegraffestate\" \/>\n<meta property=\"article:modified_time\" content=\"2024-06-10T07:28:24+00:00\" \/>\n<meta property=\"og:image\" content=\"https:\/\/www.delaire.co.za\/site\/wp-content\/uploads\/Delaire-Graff-Estate-Art-and-Garden.jpg\" \/>\n\t<meta property=\"og:image:width\" content=\"4000\" \/>\n\t<meta property=\"og:image:height\" content=\"2000\" \/>\n\t<meta property=\"og:image:type\" content=\"image\/jpeg\" \/>\n<meta name=\"twitter:card\" content=\"summary_large_image\" \/>\n<meta name=\"twitter:title\" content=\"The Gardens ~ Delaire Graff Estate\" \/>\n<meta name=\"twitter:description\" content=\"The floral Estate gardens greet guests 365 days a year. Sculptures, rippling water features and reflective pools that nestle amongst several plant varieties\" \/>\n<meta name=\"twitter:label1\" content=\"Gesch\u00e4tzte Lesezeit\" \/>\n\t<meta name=\"twitter:data1\" content=\"1\u00a0Minute\" \/>\n<script type=\"application\/ld+json\" class=\"yoast-schema-graph\">{\"@context\":\"https:\/\/schema.org\",\"@graph\":[{\"@type\":\"WebPage\",\"@id\":\"https:\/\/www.delaire.co.za\/estate\/the-art-gardens\/\",\"url\":\"https:\/\/www.delaire.co.za\/estate\/the-art-gardens\/\",\"name\":\"Delaire Graff Estate Art & Gardens | Stellenbosch, SA | Delaire Graff\",\"isPartOf\":{\"@id\":\"https:\/\/www.delaire.co.za\/#website\"},\"primaryImageOfPage\":{\"@id\":\"https:\/\/www.delaire.co.za\/estate\/the-art-gardens\/#primaryimage\"},\"image\":{\"@id\":\"https:\/\/www.delaire.co.za\/estate\/the-art-gardens\/#primaryimage\"},\"thumbnailUrl\":\"https:\/\/www.delaire.co.za\/site\/wp-content\/uploads\/Delaire-Graff-Estate-Art-and-Garden.jpg\",\"datePublished\":\"2020-02-14T12:49:11+00:00\",\"dateModified\":\"2024-06-10T07:28:24+00:00\",\"description\":\"Discover the Delaire Graff Estate art and gardens. A botanical paradise full of biodiversity nestled amongst art, sculpture & water features. Visit today.\",\"breadcrumb\":{\"@id\":\"https:\/\/www.delaire.co.za\/estate\/the-art-gardens\/#breadcrumb\"},\"inLanguage\":\"de\",\"potentialAction\":[{\"@type\":\"ReadAction\",\"target\":[\"https:\/\/www.delaire.co.za\/estate\/the-art-gardens\/\"]}]},{\"@type\":\"ImageObject\",\"inLanguage\":\"de\",\"@id\":\"https:\/\/www.delaire.co.za\/estate\/the-art-gardens\/#primaryimage\",\"url\":\"https:\/\/www.delaire.co.za\/site\/wp-content\/uploads\/Delaire-Graff-Estate-Art-and-Garden.jpg\",\"contentUrl\":\"https:\/\/www.delaire.co.za\/site\/wp-content\/uploads\/Delaire-Graff-Estate-Art-and-Garden.jpg\",\"width\":4000,\"height\":2000,\"caption\":\"Delaire-Graff-Estate-Art-and-Garden\"},{\"@type\":\"BreadcrumbList\",\"@id\":\"https:\/\/www.delaire.co.za\/estate\/the-art-gardens\/#breadcrumb\",\"itemListElement\":[{\"@type\":\"ListItem\",\"position\":1,\"name\":\"Home\",\"item\":\"https:\/\/www.delaire.co.za\/\"},{\"@type\":\"ListItem\",\"position\":2,\"name\":\"The Estate\",\"item\":\"https:\/\/www.delaire.co.za\/estate\/\"},{\"@type\":\"ListItem\",\"position\":3,\"name\":\"The Art and Gardens\"}]},{\"@type\":\"WebSite\",\"@id\":\"https:\/\/www.delaire.co.za\/#website\",\"url\":\"https:\/\/www.delaire.co.za\/\",\"name\":\"Delaire Graff Estate\",\"description\":\"Delaire Graff Estate\",\"publisher\":{\"@id\":\"https:\/\/www.delaire.co.za\/#organization\"},\"alternateName\":\"Delaire Graff\",\"potentialAction\":[{\"@type\":\"SearchAction\",\"target\":{\"@type\":\"EntryPoint\",\"urlTemplate\":\"https:\/\/www.delaire.co.za\/?s={search_term_string}\"},\"query-input\":{\"@type\":\"PropertyValueSpecification\",\"valueRequired\":true,\"valueName\":\"search_term_string\"}}],\"inLanguage\":\"de\"},{\"@type\":\"Organization\",\"@id\":\"https:\/\/www.delaire.co.za\/#organization\",\"name\":\"Delaire Graff Estate\",\"alternateName\":\"Delaire Graff\",\"url\":\"https:\/\/www.delaire.co.za\/\",\"logo\":{\"@type\":\"ImageObject\",\"inLanguage\":\"de\",\"@id\":\"https:\/\/www.delaire.co.za\/#\/schema\/logo\/image\/\",\"url\":\"https:\/\/www.delaire.co.za\/site\/wp-content\/uploads\/696x696.jpg\",\"contentUrl\":\"https:\/\/www.delaire.co.za\/site\/wp-content\/uploads\/696x696.jpg\",\"width\":696,\"height\":696,\"caption\":\"Delaire Graff Estate\"},\"image\":{\"@id\":\"https:\/\/www.delaire.co.za\/#\/schema\/logo\/image\/\"},\"sameAs\":[\"https:\/\/www.facebook.com\/delairegraffestate\",\"https:\/\/www.instagram.com\/delairegraff\/\",\"https:\/\/www.linkedin.com\/company\/delaire-graff-estate\/?viewAsMember=true\",\"https:\/\/za.pinterest.com\/delairegraff\/\"]}]}<\/script>\n<!-- \/ Yoast SEO plugin. -->","yoast_head_json":{"title":"Delaire Graff Estate Kunst &amp; G\u00e4rten | Stellenbosch, SA | Delaire Graff","description":"Entdecken Sie die Kunst und G\u00e4rten des Delaire Graff Estate. Ein botanisches Paradies voller Biodiversit\u00e4t, eingebettet zwischen Kunst, Skulpturen und Wasserspielen. Besuchen Sie uns noch heute.","robots":{"index":"index","follow":"follow","max-snippet":"max-snippet:-1","max-image-preview":"max-image-preview:large","max-video-preview":"max-video-preview:-1"},"canonical":"https:\/\/www.delaire.co.za\/de\/grundbesitz\/die-kunstgarten\/","og_locale":"de_DE","og_type":"article","og_title":"The Gardens ~ Delaire Graff Estate","og_description":"The floral Estate gardens greet guests 365 days a year. Sculptures, rippling water features and reflective pools that nestle amongst several plant varieties","og_url":"https:\/\/www.delaire.co.za\/de\/grundbesitz\/die-kunstgarten\/","og_site_name":"Delaire Graff Estate","article_publisher":"https:\/\/www.facebook.com\/delairegraffestate","article_modified_time":"2024-06-10T07:28:24+00:00","og_image":[{"width":4000,"height":2000,"url":"https:\/\/www.delaire.co.za\/site\/wp-content\/uploads\/Delaire-Graff-Estate-Art-and-Garden.jpg","type":"image\/jpeg"}],"twitter_card":"summary_large_image","twitter_title":"The Gardens ~ Delaire Graff Estate","twitter_description":"The floral Estate gardens greet guests 365 days a year. Sculptures, rippling water features and reflective pools that nestle amongst several plant varieties","twitter_misc":{"Gesch\u00e4tzte Lesezeit":"1\u00a0Minute"},"schema":{"@context":"https:\/\/schema.org","@graph":[{"@type":"WebPage","@id":"https:\/\/www.delaire.co.za\/estate\/the-art-gardens\/","url":"https:\/\/www.delaire.co.za\/estate\/the-art-gardens\/","name":"Delaire Graff Estate Kunst &amp; G\u00e4rten | Stellenbosch, SA | Delaire Graff","isPartOf":{"@id":"https:\/\/www.delaire.co.za\/#website"},"primaryImageOfPage":{"@id":"https:\/\/www.delaire.co.za\/estate\/the-art-gardens\/#primaryimage"},"image":{"@id":"https:\/\/www.delaire.co.za\/estate\/the-art-gardens\/#primaryimage"},"thumbnailUrl":"https:\/\/www.delaire.co.za\/site\/wp-content\/uploads\/Delaire-Graff-Estate-Art-and-Garden.jpg","datePublished":"2020-02-14T12:49:11+00:00","dateModified":"2024-06-10T07:28:24+00:00","description":"Entdecken Sie die Kunst und G\u00e4rten des Delaire Graff Estate. Ein botanisches Paradies voller Biodiversit\u00e4t, eingebettet zwischen Kunst, Skulpturen und Wasserspielen. Besuchen Sie uns noch heute.","breadcrumb":{"@id":"https:\/\/www.delaire.co.za\/estate\/the-art-gardens\/#breadcrumb"},"inLanguage":"de","potentialAction":[{"@type":"ReadAction","target":["https:\/\/www.delaire.co.za\/estate\/the-art-gardens\/"]}]},{"@type":"ImageObject","inLanguage":"de","@id":"https:\/\/www.delaire.co.za\/estate\/the-art-gardens\/#primaryimage","url":"https:\/\/www.delaire.co.za\/site\/wp-content\/uploads\/Delaire-Graff-Estate-Art-and-Garden.jpg","contentUrl":"https:\/\/www.delaire.co.za\/site\/wp-content\/uploads\/Delaire-Graff-Estate-Art-and-Garden.jpg","width":4000,"height":2000,"caption":"Delaire-Graff-Estate-Art-and-Garden"},{"@type":"BreadcrumbList","@id":"https:\/\/www.delaire.co.za\/estate\/the-art-gardens\/#breadcrumb","itemListElement":[{"@type":"ListItem","position":1,"name":"Home","item":"https:\/\/www.delaire.co.za\/"},{"@type":"ListItem","position":2,"name":"The Estate","item":"https:\/\/www.delaire.co.za\/estate\/"},{"@type":"ListItem","position":3,"name":"The Art and Gardens"}]},{"@type":"WebSite","@id":"https:\/\/www.delaire.co.za\/#website","url":"https:\/\/www.delaire.co.za\/","name":"Weingut Delaire Graff","description":"Weingut Delaire Graff","publisher":{"@id":"https:\/\/www.delaire.co.za\/#organization"},"alternateName":"Delaire Graff","potentialAction":[{"@type":"SearchAction","target":{"@type":"EntryPoint","urlTemplate":"https:\/\/www.delaire.co.za\/?s={search_term_string}"},"query-input":{"@type":"PropertyValueSpecification","valueRequired":true,"valueName":"search_term_string"}}],"inLanguage":"de"},{"@type":"Organization","@id":"https:\/\/www.delaire.co.za\/#organization","name":"Weingut Delaire Graff","alternateName":"Delaire Graff","url":"https:\/\/www.delaire.co.za\/","logo":{"@type":"ImageObject","inLanguage":"de","@id":"https:\/\/www.delaire.co.za\/#\/schema\/logo\/image\/","url":"https:\/\/www.delaire.co.za\/site\/wp-content\/uploads\/696x696.jpg","contentUrl":"https:\/\/www.delaire.co.za\/site\/wp-content\/uploads\/696x696.jpg","width":696,"height":696,"caption":"Delaire Graff Estate"},"image":{"@id":"https:\/\/www.delaire.co.za\/#\/schema\/logo\/image\/"},"sameAs":["https:\/\/www.facebook.com\/delairegraffestate","https:\/\/www.instagram.com\/delairegraff\/","https:\/\/www.linkedin.com\/company\/delaire-graff-estate\/?viewAsMember=true","https:\/\/za.pinterest.com\/delairegraff\/"]}]}},"wps_subtitle":"A paradise to discover","_links":{"self":[{"href":"https:\/\/www.delaire.co.za\/de\/wp-json\/wp\/v2\/pages\/398"}],"collection":[{"href":"https:\/\/www.delaire.co.za\/de\/wp-json\/wp\/v2\/pages"}],"about":[{"href":"https:\/\/www.delaire.co.za\/de\/wp-json\/wp\/v2\/types\/page"}],"author":[{"embeddable":true,"href":"https:\/\/www.delaire.co.za\/de\/wp-json\/wp\/v2\/users\/5"}],"replies":[{"embeddable":true,"href":"https:\/\/www.delaire.co.za\/de\/wp-json\/wp\/v2\/comments?post=398"}],"version-history":[{"count":72,"href":"https:\/\/www.delaire.co.za\/de\/wp-json\/wp\/v2\/pages\/398\/revisions"}],"predecessor-version":[{"id":18201,"href":"https:\/\/www.delaire.co.za\/de\/wp-json\/wp\/v2\/pages\/398\/revisions\/18201"}],"up":[{"embeddable":true,"href":"https:\/\/www.delaire.co.za\/de\/wp-json\/wp\/v2\/pages\/17"}],"wp:featuredmedia":[{"embeddable":true,"href":"https:\/\/www.delaire.co.za\/de\/wp-json\/wp\/v2\/media\/16508"}],"wp:attachment":[{"href":"https:\/\/www.delaire.co.za\/de\/wp-json\/wp\/v2\/media?parent=398"}],"curies":[{"name":"wp","href":"https:\/\/api.w.org\/{rel}","templated":true}]}}