{"id":24,"date":"2020-02-26T13:44:18","date_gmt":"2020-02-26T13:44:18","guid":{"rendered":"https:\/\/www.delaire.co.za\/?page_id=24"},"modified":"2026-02-27T10:56:06","modified_gmt":"2026-02-27T08:56:06","slug":"wein","status":"publish","type":"page","link":"https:\/\/www.delaire.co.za\/de\/wine\/","title":{"rendered":"Wein"},"content":{"rendered":"<h1>Wein bei Delaire Graff<\/h1>\n<h2 class=\"mini-title\">Ausgezeichnet als bester WEINGUT in Afrika 2020<\/h2>\n<p>Tief verwurzelt in alten B\u00f6den, profitieren unsere 17 Hektar Weinberge von einer Kombination aus maritime und bergigem Terroir, bepflanzt mit Bordeaux-Rotweinsorten und Chardonnay-Trauben, die fachm\u00e4nnisch von Hand gepflegt werden. Nach der Ernte erhalten sie auf ihrem Weg von der Rebe bis zum Glas sorgf\u00e4ltige Pflege und entfalten elegante Aromen, die die Intensit\u00e4t der s\u00fcdafrikanischen Sonne einfangen. Rang 36 bei den World's Best Vineyards Awards 2023.<\/p>\n<h3>\u00a0<\/h3>","protected":false},"excerpt":{"rendered":"<p>Wine at Delaire Graff Awarded best VINEYARD in Africa 2020 Deeply rooted in ancient soils, our 17 hectares of vineyards benefit from a combination of maritime and mountainous terroir, planted with Bordeaux reds and Chardonnay grapes, which are expertly tended by hand. Once harvested, they receive meticulous care on their journey from vine to glass,&#8230;<\/p>","protected":false},"author":1,"featured_media":0,"parent":0,"menu_order":6,"comment_status":"closed","ping_status":"closed","template":"","meta":{"footnotes":"","_links_to":"","_links_to_target":""},"yoast_head":"<!-- This site is optimized with the Yoast SEO plugin v23.9 - https:\/\/yoast.com\/wordpress\/plugins\/seo\/ -->\n<title>Delaire Graff Estate Wine | Stellenbosch Vineyard | Delaire Graff<\/title>\n<meta name=\"description\" content=\"Delaire Graff Estate produces award-winning South African wine in the Cape Winelands, Stellenbosch. Buy Online or Visit Delaire Graff Estate today.\" \/>\n<meta name=\"robots\" content=\"index, follow, max-snippet:-1, max-image-preview:large, max-video-preview:-1\" \/>\n<link rel=\"canonical\" href=\"https:\/\/www.delaire.co.za\/de\/wein\/\" \/>\n<meta property=\"og:locale\" content=\"de_DE\" \/>\n<meta property=\"og:type\" content=\"article\" \/>\n<meta property=\"og:title\" content=\"The Vineyards ~ Delaire Graff Estate\" \/>\n<meta property=\"og:description\" content=\"Producing some of the finest South African wines, endless discoveries await you in the Delaire Graff vineyards.\" \/>\n<meta property=\"og:url\" content=\"https:\/\/www.delaire.co.za\/de\/wein\/\" \/>\n<meta property=\"og:site_name\" content=\"Delaire Graff Estate\" \/>\n<meta property=\"article:publisher\" content=\"https:\/\/www.facebook.com\/delairegraffestate\" \/>\n<meta property=\"article:modified_time\" content=\"2026-02-27T08:56:06+00:00\" \/>\n<meta name=\"twitter:card\" content=\"summary_large_image\" \/>\n<meta name=\"twitter:title\" content=\"The Vineyards ~ Delaire Graff Estate\" \/>\n<meta name=\"twitter:description\" content=\"Producing some of the finest South African wines, endless discoveries await you in the Delaire Graff vineyards.\" \/>\n<meta name=\"twitter:label1\" content=\"Gesch\u00e4tzte Lesezeit\" \/>\n\t<meta name=\"twitter:data1\" content=\"1\u00a0Minute\" \/>\n<script type=\"application\/ld+json\" class=\"yoast-schema-graph\">{\"@context\":\"https:\/\/schema.org\",\"@graph\":[{\"@type\":\"WebPage\",\"@id\":\"https:\/\/www.delaire.co.za\/wine\/\",\"url\":\"https:\/\/www.delaire.co.za\/wine\/\",\"name\":\"Delaire Graff Estate Wine | Stellenbosch Vineyard | Delaire Graff\",\"isPartOf\":{\"@id\":\"https:\/\/www.delaire.co.za\/#website\"},\"datePublished\":\"2020-02-26T13:44:18+00:00\",\"dateModified\":\"2026-02-27T08:56:06+00:00\",\"description\":\"Delaire Graff Estate produces award-winning South African wine in the Cape Winelands, Stellenbosch. Buy Online or Visit Delaire Graff Estate today.\",\"breadcrumb\":{\"@id\":\"https:\/\/www.delaire.co.za\/wine\/#breadcrumb\"},\"inLanguage\":\"de\",\"potentialAction\":[{\"@type\":\"ReadAction\",\"target\":[\"https:\/\/www.delaire.co.za\/wine\/\"]}]},{\"@type\":\"BreadcrumbList\",\"@id\":\"https:\/\/www.delaire.co.za\/wine\/#breadcrumb\",\"itemListElement\":[{\"@type\":\"ListItem\",\"position\":1,\"name\":\"Home\",\"item\":\"https:\/\/www.delaire.co.za\/\"},{\"@type\":\"ListItem\",\"position\":2,\"name\":\"Wine\"}]},{\"@type\":\"WebSite\",\"@id\":\"https:\/\/www.delaire.co.za\/#website\",\"url\":\"https:\/\/www.delaire.co.za\/\",\"name\":\"Delaire Graff Estate\",\"description\":\"Delaire Graff Estate\",\"publisher\":{\"@id\":\"https:\/\/www.delaire.co.za\/#organization\"},\"alternateName\":\"Delaire Graff\",\"potentialAction\":[{\"@type\":\"SearchAction\",\"target\":{\"@type\":\"EntryPoint\",\"urlTemplate\":\"https:\/\/www.delaire.co.za\/?s={search_term_string}\"},\"query-input\":{\"@type\":\"PropertyValueSpecification\",\"valueRequired\":true,\"valueName\":\"search_term_string\"}}],\"inLanguage\":\"de\"},{\"@type\":\"Organization\",\"@id\":\"https:\/\/www.delaire.co.za\/#organization\",\"name\":\"Delaire Graff Estate\",\"alternateName\":\"Delaire Graff\",\"url\":\"https:\/\/www.delaire.co.za\/\",\"logo\":{\"@type\":\"ImageObject\",\"inLanguage\":\"de\",\"@id\":\"https:\/\/www.delaire.co.za\/#\/schema\/logo\/image\/\",\"url\":\"https:\/\/www.delaire.co.za\/site\/wp-content\/uploads\/696x696.jpg\",\"contentUrl\":\"https:\/\/www.delaire.co.za\/site\/wp-content\/uploads\/696x696.jpg\",\"width\":696,\"height\":696,\"caption\":\"Delaire Graff Estate\"},\"image\":{\"@id\":\"https:\/\/www.delaire.co.za\/#\/schema\/logo\/image\/\"},\"sameAs\":[\"https:\/\/www.facebook.com\/delairegraffestate\",\"https:\/\/www.instagram.com\/delairegraff\/\",\"https:\/\/www.linkedin.com\/company\/delaire-graff-estate\/?viewAsMember=true\",\"https:\/\/za.pinterest.com\/delairegraff\/\"]}]}<\/script>\n<!-- \/ Yoast SEO plugin. -->","yoast_head_json":{"title":"Delaire Graff Estate Wein | Stellenbosch Weingut | Delaire Graff","description":"Delaire Graff Estate produziert preisgekr\u00f6nten s\u00fcdafrikanischen Wein in den Cape Winelands, Stellenbosch. Kaufen Sie online oder besuchen Sie das Delaire Graff Estate noch heute.","robots":{"index":"index","follow":"follow","max-snippet":"max-snippet:-1","max-image-preview":"max-image-preview:large","max-video-preview":"max-video-preview:-1"},"canonical":"https:\/\/www.delaire.co.za\/de\/wein\/","og_locale":"de_DE","og_type":"article","og_title":"The Vineyards ~ Delaire Graff Estate","og_description":"Producing some of the finest South African wines, endless discoveries await you in the Delaire Graff vineyards.","og_url":"https:\/\/www.delaire.co.za\/de\/wein\/","og_site_name":"Delaire Graff Estate","article_publisher":"https:\/\/www.facebook.com\/delairegraffestate","article_modified_time":"2026-02-27T08:56:06+00:00","twitter_card":"summary_large_image","twitter_title":"The Vineyards ~ Delaire Graff Estate","twitter_description":"Producing some of the finest South African wines, endless discoveries await you in the Delaire Graff vineyards.","twitter_misc":{"Gesch\u00e4tzte Lesezeit":"1\u00a0Minute"},"schema":{"@context":"https:\/\/schema.org","@graph":[{"@type":"WebPage","@id":"https:\/\/www.delaire.co.za\/wine\/","url":"https:\/\/www.delaire.co.za\/wine\/","name":"Delaire Graff Estate Wein | Stellenbosch Weingut | Delaire Graff","isPartOf":{"@id":"https:\/\/www.delaire.co.za\/#website"},"datePublished":"2020-02-26T13:44:18+00:00","dateModified":"2026-02-27T08:56:06+00:00","description":"Delaire Graff Estate produziert preisgekr\u00f6nten s\u00fcdafrikanischen Wein in den Cape Winelands, Stellenbosch. Kaufen Sie online oder besuchen Sie das Delaire Graff Estate noch heute.","breadcrumb":{"@id":"https:\/\/www.delaire.co.za\/wine\/#breadcrumb"},"inLanguage":"de","potentialAction":[{"@type":"ReadAction","target":["https:\/\/www.delaire.co.za\/wine\/"]}]},{"@type":"BreadcrumbList","@id":"https:\/\/www.delaire.co.za\/wine\/#breadcrumb","itemListElement":[{"@type":"ListItem","position":1,"name":"Home","item":"https:\/\/www.delaire.co.za\/"},{"@type":"ListItem","position":2,"name":"Wine"}]},{"@type":"WebSite","@id":"https:\/\/www.delaire.co.za\/#website","url":"https:\/\/www.delaire.co.za\/","name":"Weingut Delaire Graff","description":"Weingut Delaire Graff","publisher":{"@id":"https:\/\/www.delaire.co.za\/#organization"},"alternateName":"Delaire Graff","potentialAction":[{"@type":"SearchAction","target":{"@type":"EntryPoint","urlTemplate":"https:\/\/www.delaire.co.za\/?s={search_term_string}"},"query-input":{"@type":"PropertyValueSpecification","valueRequired":true,"valueName":"search_term_string"}}],"inLanguage":"de"},{"@type":"Organization","@id":"https:\/\/www.delaire.co.za\/#organization","name":"Weingut Delaire Graff","alternateName":"Delaire Graff","url":"https:\/\/www.delaire.co.za\/","logo":{"@type":"ImageObject","inLanguage":"de","@id":"https:\/\/www.delaire.co.za\/#\/schema\/logo\/image\/","url":"https:\/\/www.delaire.co.za\/site\/wp-content\/uploads\/696x696.jpg","contentUrl":"https:\/\/www.delaire.co.za\/site\/wp-content\/uploads\/696x696.jpg","width":696,"height":696,"caption":"Delaire Graff Estate"},"image":{"@id":"https:\/\/www.delaire.co.za\/#\/schema\/logo\/image\/"},"sameAs":["https:\/\/www.facebook.com\/delairegraffestate","https:\/\/www.instagram.com\/delairegraff\/","https:\/\/www.linkedin.com\/company\/delaire-graff-estate\/?viewAsMember=true","https:\/\/za.pinterest.com\/delairegraff\/"]}]}},"wps_subtitle":"","_links":{"self":[{"href":"https:\/\/www.delaire.co.za\/de\/wp-json\/wp\/v2\/pages\/24"}],"collection":[{"href":"https:\/\/www.delaire.co.za\/de\/wp-json\/wp\/v2\/pages"}],"about":[{"href":"https:\/\/www.delaire.co.za\/de\/wp-json\/wp\/v2\/types\/page"}],"author":[{"embeddable":true,"href":"https:\/\/www.delaire.co.za\/de\/wp-json\/wp\/v2\/users\/1"}],"replies":[{"embeddable":true,"href":"https:\/\/www.delaire.co.za\/de\/wp-json\/wp\/v2\/comments?post=24"}],"version-history":[{"count":29,"href":"https:\/\/www.delaire.co.za\/de\/wp-json\/wp\/v2\/pages\/24\/revisions"}],"predecessor-version":[{"id":17263,"href":"https:\/\/www.delaire.co.za\/de\/wp-json\/wp\/v2\/pages\/24\/revisions\/17263"}],"wp:attachment":[{"href":"https:\/\/www.delaire.co.za\/de\/wp-json\/wp\/v2\/media?parent=24"}],"curies":[{"name":"wp","href":"https:\/\/api.w.org\/{rel}","templated":true}]}}