{"id":20,"date":"2020-04-08T13:44:00","date_gmt":"2020-04-08T12:44:00","guid":{"rendered":"https:\/\/www.delaire.co.za\/?page_id=20"},"modified":"2026-03-23T10:04:49","modified_gmt":"2026-03-23T08:04:49","slug":"bleiben","status":"publish","type":"page","link":"https:\/\/www.delaire.co.za\/de\/stay\/","title":{"rendered":"Bleiben Sie"},"content":{"rendered":"<h1>Bleiben Sie auf dem Delaire Graff Estate<\/h1>\n<p style=\"margin-bottom: 0cm; margin-top: 0cm; mso-margin-bottom-alt: 8.0pt; mso-margin-top-alt: 0cm; mso-add-space: auto; line-height: normal;\">Entworfen vom David Collins Studio, erleben Sie unvergleichlichen Luxus und absolute Privatsph\u00e4re in jeder unserer Lodges, exquisiten Refugien mit privaten G\u00e4rten, beheizten Pools und Ausblicken, die sich \u00fcber unsere Weinberge erstrecken bis hin zu den Gebirgsz\u00fcgen am Horizont.<\/p>\n<p style=\"margin-bottom: 0cm; margin-top: 0cm; mso-margin-bottom-alt: 8.0pt; mso-margin-top-alt: 0cm; mso-add-space: auto; line-height: normal;\">\u00a0<b><\/b><\/p>\n<p>&nbsp;<\/p>","protected":false},"excerpt":{"rendered":"<p>Stay at Delaire Graff Estate Designed by David Collins Studio, experience unparalleled luxury and complete privacy at each of our lodges, exquisite sanctuaries with private gardens, heated pools and views that stretch across our vineyards, extending to the mountain ranges on the horizon. \u00a0 &nbsp;<\/p>","protected":false},"author":1,"featured_media":0,"parent":0,"menu_order":4,"comment_status":"closed","ping_status":"closed","template":"","meta":{"footnotes":"","_links_to":"","_links_to_target":""},"yoast_head":"<!-- This site is optimized with the Yoast SEO plugin v23.9 - https:\/\/yoast.com\/wordpress\/plugins\/seo\/ -->\n<title>Stay at Delaire Graff Estate<\/title>\n<meta name=\"description\" content=\"Discover luxury accommodation in Stellenbosch. Book the exclusive four-bedroom Owner\u2019s Villa or our lodges with exceptional views.\" \/>\n<meta name=\"robots\" content=\"index, follow, max-snippet:-1, max-image-preview:large, max-video-preview:-1\" \/>\n<link rel=\"canonical\" href=\"https:\/\/www.delaire.co.za\/de\/bleiben\/\" \/>\n<meta property=\"og:locale\" content=\"de_DE\" \/>\n<meta property=\"og:type\" content=\"article\" \/>\n<meta property=\"og:title\" content=\"Cape Winelands Luxury Accommodation ~ Delaire Graff Estate\" \/>\n<meta property=\"og:description\" content=\"Explore South Africa&#039;s wine country, stay in luxury at the Lodge or be pampered at the Spa; visiting Delaire Graff Estate is a blissful escape.\" \/>\n<meta property=\"og:url\" content=\"https:\/\/www.delaire.co.za\/de\/bleiben\/\" \/>\n<meta property=\"og:site_name\" content=\"Delaire Graff Estate\" \/>\n<meta property=\"article:publisher\" content=\"https:\/\/www.facebook.com\/delairegraffestate\" \/>\n<meta property=\"article:modified_time\" content=\"2026-03-23T08:04:49+00:00\" \/>\n<meta name=\"twitter:card\" content=\"summary_large_image\" \/>\n<meta name=\"twitter:title\" content=\"Cape Winelands Luxury Accommodation ~ Delaire Graff Estate\" \/>\n<meta name=\"twitter:description\" content=\"Explore South Africa&#039;s wine country, stay in luxury at the Lodge or be pampered at the Spa; visiting Delaire Graff Estate is a blissful escape.\" \/>\n<meta name=\"twitter:label1\" content=\"Gesch\u00e4tzte Lesezeit\" \/>\n\t<meta name=\"twitter:data1\" content=\"1\u00a0Minute\" \/>\n<script type=\"application\/ld+json\" class=\"yoast-schema-graph\">{\"@context\":\"https:\/\/schema.org\",\"@graph\":[{\"@type\":\"WebPage\",\"@id\":\"https:\/\/www.delaire.co.za\/stay\/\",\"url\":\"https:\/\/www.delaire.co.za\/stay\/\",\"name\":\"Stay at Delaire Graff Estate\",\"isPartOf\":{\"@id\":\"https:\/\/www.delaire.co.za\/#website\"},\"datePublished\":\"2020-04-08T12:44:00+00:00\",\"dateModified\":\"2026-03-23T08:04:49+00:00\",\"description\":\"Discover luxury accommodation in Stellenbosch. Book the exclusive four-bedroom Owner\u2019s Villa or our lodges with exceptional views.\",\"breadcrumb\":{\"@id\":\"https:\/\/www.delaire.co.za\/stay\/#breadcrumb\"},\"inLanguage\":\"de\",\"potentialAction\":[{\"@type\":\"ReadAction\",\"target\":[\"https:\/\/www.delaire.co.za\/stay\/\"]}]},{\"@type\":\"BreadcrumbList\",\"@id\":\"https:\/\/www.delaire.co.za\/stay\/#breadcrumb\",\"itemListElement\":[{\"@type\":\"ListItem\",\"position\":1,\"name\":\"Home\",\"item\":\"https:\/\/www.delaire.co.za\/\"},{\"@type\":\"ListItem\",\"position\":2,\"name\":\"Stay\"}]},{\"@type\":\"WebSite\",\"@id\":\"https:\/\/www.delaire.co.za\/#website\",\"url\":\"https:\/\/www.delaire.co.za\/\",\"name\":\"Delaire Graff Estate\",\"description\":\"Delaire Graff Estate\",\"publisher\":{\"@id\":\"https:\/\/www.delaire.co.za\/#organization\"},\"alternateName\":\"Delaire Graff\",\"potentialAction\":[{\"@type\":\"SearchAction\",\"target\":{\"@type\":\"EntryPoint\",\"urlTemplate\":\"https:\/\/www.delaire.co.za\/?s={search_term_string}\"},\"query-input\":{\"@type\":\"PropertyValueSpecification\",\"valueRequired\":true,\"valueName\":\"search_term_string\"}}],\"inLanguage\":\"de\"},{\"@type\":\"Organization\",\"@id\":\"https:\/\/www.delaire.co.za\/#organization\",\"name\":\"Delaire Graff Estate\",\"alternateName\":\"Delaire Graff\",\"url\":\"https:\/\/www.delaire.co.za\/\",\"logo\":{\"@type\":\"ImageObject\",\"inLanguage\":\"de\",\"@id\":\"https:\/\/www.delaire.co.za\/#\/schema\/logo\/image\/\",\"url\":\"https:\/\/www.delaire.co.za\/site\/wp-content\/uploads\/696x696.jpg\",\"contentUrl\":\"https:\/\/www.delaire.co.za\/site\/wp-content\/uploads\/696x696.jpg\",\"width\":696,\"height\":696,\"caption\":\"Delaire Graff Estate\"},\"image\":{\"@id\":\"https:\/\/www.delaire.co.za\/#\/schema\/logo\/image\/\"},\"sameAs\":[\"https:\/\/www.facebook.com\/delairegraffestate\",\"https:\/\/www.instagram.com\/delairegraff\/\",\"https:\/\/www.linkedin.com\/company\/delaire-graff-estate\/?viewAsMember=true\",\"https:\/\/za.pinterest.com\/delairegraff\/\"]}]}<\/script>\n<!-- \/ Yoast SEO plugin. -->","yoast_head_json":{"title":"Bleiben Sie auf dem Delaire Graff Estate","description":"Entdecken Sie luxuri\u00f6se Unterk\u00fcnfte in Stellenbosch. Buchen Sie die exklusive Owner\u2019s Villa mit vier Schlafzimmern oder unsere Lodges mit au\u00dfergew\u00f6hnlichem Ausblick.","robots":{"index":"index","follow":"follow","max-snippet":"max-snippet:-1","max-image-preview":"max-image-preview:large","max-video-preview":"max-video-preview:-1"},"canonical":"https:\/\/www.delaire.co.za\/de\/bleiben\/","og_locale":"de_DE","og_type":"article","og_title":"Cape Winelands Luxury Accommodation ~ Delaire Graff Estate","og_description":"Explore South Africa's wine country, stay in luxury at the Lodge or be pampered at the Spa; visiting Delaire Graff Estate is a blissful escape.","og_url":"https:\/\/www.delaire.co.za\/de\/bleiben\/","og_site_name":"Delaire Graff Estate","article_publisher":"https:\/\/www.facebook.com\/delairegraffestate","article_modified_time":"2026-03-23T08:04:49+00:00","twitter_card":"summary_large_image","twitter_title":"Cape Winelands Luxury Accommodation ~ Delaire Graff Estate","twitter_description":"Explore South Africa's wine country, stay in luxury at the Lodge or be pampered at the Spa; visiting Delaire Graff Estate is a blissful escape.","twitter_misc":{"Gesch\u00e4tzte Lesezeit":"1\u00a0Minute"},"schema":{"@context":"https:\/\/schema.org","@graph":[{"@type":"WebPage","@id":"https:\/\/www.delaire.co.za\/stay\/","url":"https:\/\/www.delaire.co.za\/stay\/","name":"Bleiben Sie auf dem Delaire Graff Estate","isPartOf":{"@id":"https:\/\/www.delaire.co.za\/#website"},"datePublished":"2020-04-08T12:44:00+00:00","dateModified":"2026-03-23T08:04:49+00:00","description":"Entdecken Sie luxuri\u00f6se Unterk\u00fcnfte in Stellenbosch. Buchen Sie die exklusive Owner\u2019s Villa mit vier Schlafzimmern oder unsere Lodges mit au\u00dfergew\u00f6hnlichem Ausblick.","breadcrumb":{"@id":"https:\/\/www.delaire.co.za\/stay\/#breadcrumb"},"inLanguage":"de","potentialAction":[{"@type":"ReadAction","target":["https:\/\/www.delaire.co.za\/stay\/"]}]},{"@type":"BreadcrumbList","@id":"https:\/\/www.delaire.co.za\/stay\/#breadcrumb","itemListElement":[{"@type":"ListItem","position":1,"name":"Home","item":"https:\/\/www.delaire.co.za\/"},{"@type":"ListItem","position":2,"name":"Stay"}]},{"@type":"WebSite","@id":"https:\/\/www.delaire.co.za\/#website","url":"https:\/\/www.delaire.co.za\/","name":"Weingut Delaire Graff","description":"Weingut Delaire Graff","publisher":{"@id":"https:\/\/www.delaire.co.za\/#organization"},"alternateName":"Delaire Graff","potentialAction":[{"@type":"SearchAction","target":{"@type":"EntryPoint","urlTemplate":"https:\/\/www.delaire.co.za\/?s={search_term_string}"},"query-input":{"@type":"PropertyValueSpecification","valueRequired":true,"valueName":"search_term_string"}}],"inLanguage":"de"},{"@type":"Organization","@id":"https:\/\/www.delaire.co.za\/#organization","name":"Weingut Delaire Graff","alternateName":"Delaire Graff","url":"https:\/\/www.delaire.co.za\/","logo":{"@type":"ImageObject","inLanguage":"de","@id":"https:\/\/www.delaire.co.za\/#\/schema\/logo\/image\/","url":"https:\/\/www.delaire.co.za\/site\/wp-content\/uploads\/696x696.jpg","contentUrl":"https:\/\/www.delaire.co.za\/site\/wp-content\/uploads\/696x696.jpg","width":696,"height":696,"caption":"Delaire Graff Estate"},"image":{"@id":"https:\/\/www.delaire.co.za\/#\/schema\/logo\/image\/"},"sameAs":["https:\/\/www.facebook.com\/delairegraffestate","https:\/\/www.instagram.com\/delairegraff\/","https:\/\/www.linkedin.com\/company\/delaire-graff-estate\/?viewAsMember=true","https:\/\/za.pinterest.com\/delairegraff\/"]}]}},"wps_subtitle":"The Jewel of the Cape Winelands","_links":{"self":[{"href":"https:\/\/www.delaire.co.za\/de\/wp-json\/wp\/v2\/pages\/20"}],"collection":[{"href":"https:\/\/www.delaire.co.za\/de\/wp-json\/wp\/v2\/pages"}],"about":[{"href":"https:\/\/www.delaire.co.za\/de\/wp-json\/wp\/v2\/types\/page"}],"author":[{"embeddable":true,"href":"https:\/\/www.delaire.co.za\/de\/wp-json\/wp\/v2\/users\/1"}],"replies":[{"embeddable":true,"href":"https:\/\/www.delaire.co.za\/de\/wp-json\/wp\/v2\/comments?post=20"}],"version-history":[{"count":71,"href":"https:\/\/www.delaire.co.za\/de\/wp-json\/wp\/v2\/pages\/20\/revisions"}],"predecessor-version":[{"id":20097,"href":"https:\/\/www.delaire.co.za\/de\/wp-json\/wp\/v2\/pages\/20\/revisions\/20097"}],"wp:attachment":[{"href":"https:\/\/www.delaire.co.za\/de\/wp-json\/wp\/v2\/media?parent=20"}],"curies":[{"name":"wp","href":"https:\/\/api.w.org\/{rel}","templated":true}]}}